{"id":12,"date":"2025-06-07T17:09:19","date_gmt":"2025-06-07T17:09:19","guid":{"rendered":"https:\/\/cmap.uni-vert.be\/?page_id=12"},"modified":"2025-12-27T13:12:39","modified_gmt":"2025-12-27T13:12:39","slug":"a-propos","status":"publish","type":"page","link":"https:\/\/www.cmap.be\/fr\/a-propos\/","title":{"rendered":"\u00c0 propos"},"content":{"rendered":"<div class=\"wpb-content-wrapper\"><p>[vc_row height_ratio=\u00a0\u00bb50&Prime; padding_top_multiplier=\u00a0\u00bb2x\u00a0\u00bb padding_bottom_multiplier=\u00a0\u00bb2x\u00a0\u00bb rc_heading_color=\u00a0\u00bbwhite\u00a0\u00bb rc_bg_type=\u00a0\u00bbimage\u00a0\u00bb rc_bg_image=\u00a0\u00bb99&Prime; rc_bg_image_type=\u00a0\u00bbparallax\u00a0\u00bb rc_bg_color_overlay=\u00a0\u00bbprimary-3&Prime; rc_bg_opacity_overlay=\u00a0\u00bb50&Prime;][vc_column vertical_content_position=\u00a0\u00bbmiddle\u00a0\u00bb text_align=\u00a0\u00bbcenter\u00a0\u00bb]<h3 class=\"grve-element grve-title grve-align-inherit grve-subtitle-text\"><span>Fond\u00e9 en 1967<\/span><\/h3><h1 class=\"grve-element grve-title grve-align-inherit grve-h3\"><span>Le Centre M\u00e9dical d\u2019Audio-Phonologie &#8211; ASBL de Bruxelles<\/span><\/h1>[\/vc_column][\/vc_row][vc_row padding_top_multiplier=\u00a0\u00bb3x\u00a0\u00bb padding_bottom_multiplier=\u00a0\u00bb3x\u00a0\u00bb][vc_column][vc_column_text css=\u00a0\u00bb\u00a0\u00bb text_style=\u00a0\u00bbleader-text\u00a0\u00bb]Le CMAP a pour mission principale d&rsquo;offrir \u00e0 chaque patient pr\u00e9sentant des d\u00e9ficiences auditives et\/ou des troubles neuro-d\u00e9veloppementaux des moyens efficaces et fonctionnels de communiquer au quotidien dans le but de favoriser son autonomie et son int\u00e9gration dans la soci\u00e9t\u00e9.[\/vc_column_text][\/vc_column][\/vc_row][vc_row rc_heading_color=\u00a0\u00bbwhite\u00a0\u00bb rc_bg_type=\u00a0\u00bbcolor\u00a0\u00bb rc_bg_color=\u00a0\u00bb#213B88&Prime; rc_font_color=\u00a0\u00bb#FFFFFF\u00a0\u00bb][vc_column add_column_link=\u00a0\u00bbyes\u00a0\u00bb column_link=\u00a0\u00bburl:https%3A%2F%2Fyoutu.be%2Fbd9jv5wyy7o\u00a0\u00bb column_link_class=\u00a0\u00bbgrve-video-popup\u00a0\u00bb hover_animation=\u00a0\u00bbmagnetism\u00a0\u00bb]<div class=\"grve-element grve-box-icon grve-medium grve-side-icon grve-align-left grve-vertical-align-middle grve-layout-2\"><div class=\"grve-wrapper-icon grve-image-icon\"><div class=\"grve-thumbnail-wrapper\"  style=\"width: 195px;\"><div class=\"grve-thumbnail\"  style=\"padding-top: 51.282%;\"><img loading=\"lazy\" decoding=\"async\" width=\"195\" height=\"100\" src=\"https:\/\/www.cmap.be\/wp-content\/uploads\/2025\/12\/LSFB_play-video.png\" class=\"attachment-full size-full\" alt=\"\" srcset=\"https:\/\/www.cmap.be\/wp-content\/uploads\/2025\/12\/LSFB_play-video.png 1x,https:\/\/www.cmap.be\/wp-content\/uploads\/2025\/12\/LSFB_play-video@2x.png 2x\" data-column-space=\"auto\" data-lazyload=\"\" data-grve-filter=\"yes\" \/><\/div><\/div><\/div><div class=\"grve-box-content\"><h3 class=\"grve-box-title grve-h5\">D\u00e9couvrez ce contenu en langue des signes (LSFB)<\/h3><p class=\"\">Cette page est \u00e9galement disponible en langue des signes belge francophone (LSFB). Regardez la vid\u00e9o.<\/p><\/div><\/div>[\/vc_column][\/vc_row][vc_row padding_top_multiplier=\u00a0\u00bb3x\u00a0\u00bb padding_bottom_multiplier=\u00a0\u00bb3x\u00a0\u00bb rc_bg_type=\u00a0\u00bbcolor\u00a0\u00bb columns_gap=\u00a0\u00bb60&Prime; rc_bg_color=\u00a0\u00bb#FFFFFF\u00a0\u00bb][vc_column width=\u00a0\u00bb2\/3&Prime; vertical_content_position=\u00a0\u00bbmiddle\u00a0\u00bb][vc_column_text css=\u00a0\u00bb\u00a0\u00bb text_style=\u00a0\u00bbleader-text\u00a0\u00bb]L\u2019\u00e9quipe m\u00e9dicale et param\u00e9dicale du centre r\u00e9alise une s\u00e9rie d\u2019\u00e9valuations approfondies afin de mieux comprendre la nature et l\u2019origine des difficult\u00e9s du patient. Ces \u00e9valuations permettent de mettre en place des r\u00e9\u00e9ducations multidisciplinaires personnalis\u00e9es, sp\u00e9cifiquement adapt\u00e9es aux besoins de chaque patient tout en prenant en compte ses facteurs environnementaux et personnels. L&rsquo;objectif est de favoriser sa participation active et d&rsquo;assurer une r\u00e9\u00e9ducation optimale.[\/vc_column_text][\/vc_column][vc_column width=\u00a0\u00bb1\/3&Prime; vertical_content_position=\u00a0\u00bbmiddle\u00a0\u00bb]<div class=\"grve-element grve-image grve-align-center\">\r\n\t<div class=\"grve-image-item\">\r\n\t\t\r\n\r\n<div class=\"grve-image-wrapper grve-radius-10 grve-no-effect\">\r\n\t\t<div class=\"grve-thumbnail-wrapper\"  style=\"width: 560px;\"><div class=\"grve-thumbnail\"  style=\"padding-top: 100%;\"><img loading=\"lazy\" decoding=\"async\" width=\"560\" height=\"560\" src=\"https:\/\/www.cmap.be\/wp-content\/uploads\/2025\/06\/CMAP_20052025_037-salle-reunion-560x560.jpg\" class=\"attachment-impeka-grve-small-square size-impeka-grve-small-square\" alt=\"salle de r\u00e9union du CMAP\" data-column-space=\"auto\" data-lazyload=\"\" data-grve-filter=\"yes\" srcset=\"https:\/\/www.cmap.be\/wp-content\/uploads\/2025\/06\/CMAP_20052025_037-salle-reunion-560x560.jpg 560w, https:\/\/www.cmap.be\/wp-content\/uploads\/2025\/06\/CMAP_20052025_037-salle-reunion-150x150.jpg 150w, https:\/\/www.cmap.be\/wp-content\/uploads\/2025\/06\/CMAP_20052025_037-salle-reunion-900x900.jpg 900w\" sizes=\"auto, (max-width: 560px) 100vw, 560px\" \/><\/div><\/div>\t<\/div>\r\n\t<\/div>\r\n<\/div>\r\n[\/vc_column][\/vc_row][vc_row padding_top_multiplier=\u00a0\u00bb3x\u00a0\u00bb padding_bottom_multiplier=\u00a0\u00bb3x\u00a0\u00bb columns_gap=\u00a0\u00bb60&Prime;][vc_column width=\u00a0\u00bb1\/3&Prime; vertical_content_position=\u00a0\u00bbmiddle\u00a0\u00bb]<div class=\"grve-element grve-image grve-align-center\">\r\n\t<div class=\"grve-image-item\">\r\n\t\t\r\n\r\n<div class=\"grve-image-wrapper grve-radius-10 grve-no-effect\">\r\n\t\t<div class=\"grve-thumbnail-wrapper\"  style=\"width: 560px;\"><div class=\"grve-thumbnail\"  style=\"padding-top: 100%;\"><img loading=\"lazy\" decoding=\"async\" width=\"560\" height=\"560\" src=\"https:\/\/www.cmap.be\/wp-content\/uploads\/2025\/06\/equipe-1-560x560.jpg\" class=\"attachment-impeka-grve-small-square size-impeka-grve-small-square\" alt=\"\u00e9quipe du CMAP \u00e0 Bruxelles\" data-column-space=\"auto\" data-lazyload=\"\" data-grve-filter=\"yes\" srcset=\"https:\/\/www.cmap.be\/wp-content\/uploads\/2025\/06\/equipe-1-560x560.jpg 560w, https:\/\/www.cmap.be\/wp-content\/uploads\/2025\/06\/equipe-1-150x150.jpg 150w, https:\/\/www.cmap.be\/wp-content\/uploads\/2025\/06\/equipe-1-900x900.jpg 900w\" sizes=\"auto, (max-width: 560px) 100vw, 560px\" \/><\/div><\/div>\t<\/div>\r\n\t<\/div>\r\n<\/div>\r\n[\/vc_column][vc_column width=\u00a0\u00bb2\/3&Prime; vertical_content_position=\u00a0\u00bbmiddle\u00a0\u00bb][vc_column_text css=\u00a0\u00bb\u00a0\u00bb text_style=\u00a0\u00bbleader-text\u00a0\u00bb]Pour atteindre ses objectifs, l\u2019\u00e9quipe du CMAP se tient constamment \u00e0 jour des derni\u00e8res avanc\u00e9es th\u00e9oriques et cliniques dans le domaine des troubles de la communication. L&rsquo;accent est mis sur l\u2019int\u00e9gration des nouvelles technologies de communication augmentative et alternative, qui ont connu un essor important ces derni\u00e8res ann\u00e9es. Gr\u00e2ce \u00e0 une politique centr\u00e9e sur l&rsquo;innovation, la formation continue des intervenants et les int\u00e9r\u00eats scientifiques de notre \u00e9quipe, le centre est en mesure d\u2019offrir des solutions de pointe et de cr\u00e9er un environnement propice au d\u00e9veloppement optimal de ses patients.[\/vc_column_text][\/vc_column][\/vc_row][vc_row padding_top_multiplier=\u00a0\u00bb3x\u00a0\u00bb padding_bottom_multiplier=\u00a0\u00bb3x\u00a0\u00bb rc_bg_type=\u00a0\u00bbcolor\u00a0\u00bb rc_bg_color=\u00a0\u00bb#FFFFFF\u00a0\u00bb][vc_column][vc_column_text css=\u00a0\u00bb\u00a0\u00bb text_style=\u00a0\u00bbleader-text\u00a0\u00bb animation_delay=\u00a0\u00bb300&Prime;]Par ailleurs, l&rsquo;ASBL CMAP collabore \u00e9troitement avec l&rsquo;\u00e9cole sp\u00e9cialis\u00e9e de type 7, <a href=\"https:\/\/www.ecoleletremplin.be\/\" target=\"_blank\" rel=\"noopener\"><strong>Le Tremplin<\/strong><\/a>, situ\u00e9e sur le m\u00eame site. Cette \u00e9cole propose un enseignement de niveau maternel et primaire.[\/vc_column_text]<div class=\"grve-empty-space grve-height-2x\"><\/div><div class=\"grve-element grve-button-group grve-align-center grve-space-30\" id=\"el-\">\r\n<div class=\"grve-element grve-align-inherit\"><a href=\"https:\/\/www.ecoleletremplin.be\/\" target=\"_blank\" class=\"grve-btn grve-btn-outline grve-round grve-border-primary-2 grve-bg-hover-primary-1 grve-border-hover-primary-1 grve-text-primary-2 grve-text-hover-white grve-btn-large\">\r\n\t\t<span>Je visite le site du Tremplin<\/span>\r\n\t\t\t\t\t\t\t<\/a><\/div><div class=\"grve-element grve-align-inherit\"><a href=\"\/fr\/equipe\/\" class=\"grve-btn grve-round grve-bg-primary-2 grve-border-primary-2 grve-bg-hover-primary-1 grve-border-hover-primary-1 grve-text-white grve-text-hover-white grve-btn-large\">\r\n\t\t<span>Je d\u00e9couvre l&#039;\u00e9quipe du CMAP<\/span>\r\n\t\t\t\t\t\t\t<\/a><\/div><\/div>\r\n[\/vc_column][\/vc_row]<\/p>\n<\/div>","protected":false},"excerpt":{"rendered":"<p>[vc_row height_ratio=\u00a0\u00bb50&Prime; padding_top_multiplier=\u00a0\u00bb2x\u00a0\u00bb padding_bottom_multiplier=\u00a0\u00bb2x\u00a0\u00bb rc_heading_color=\u00a0\u00bbwhite\u00a0\u00bb rc_bg_type=\u00a0\u00bbimage\u00a0\u00bb rc_bg_image=\u00a0\u00bb99&Prime; rc_bg_image_type=\u00a0\u00bbparallax\u00a0\u00bb rc_bg_color_overlay=\u00a0\u00bbprimary-3&Prime; rc_bg_opacity_overlay=\u00a0\u00bb50&Prime;][vc_column vertical_content_position=\u00a0\u00bbmiddle\u00a0\u00bb text_align=\u00a0\u00bbcenter\u00a0\u00bb][\/vc_column][\/vc_row][vc_row padding_top_multiplier=\u00a0\u00bb3x\u00a0\u00bb padding_bottom_multiplier=\u00a0\u00bb3x\u00a0\u00bb][vc_column][vc_column_text css=\u00a0\u00bb\u00a0\u00bb text_style=\u00a0\u00bbleader-text\u00a0\u00bb]Le CMAP a pour mission principale d&rsquo;offrir \u00e0 chaque patient pr\u00e9sentant des d\u00e9ficiences auditives et\/ou des troubles neuro-d\u00e9veloppementaux des moyens efficaces et fonctionnels de communiquer au quotidien dans le but de favoriser son autonomie et son int\u00e9gration dans la soci\u00e9t\u00e9.[\/vc_column_text][\/vc_column][\/vc_row][vc_row [&hellip;]<\/p>\n","protected":false},"author":1,"featured_media":0,"parent":0,"menu_order":0,"comment_status":"closed","ping_status":"closed","template":"","meta":{"footnotes":""},"class_list":["post-12","page","type-page","status-publish","hentry","grve-entry-item"],"yoast_head":"<!-- This site is optimized with the Yoast SEO plugin v27.3 - https:\/\/yoast.com\/product\/yoast-seo-wordpress\/ -->\n<title>\u00c0 propos du CMAP \u2013 Centre de r\u00e9adaptation \u00e0 Bruxelles<\/title>\n<meta name=\"description\" content=\"D\u00e9couvrez le CMAP, un centre de r\u00e9adaptation \u00e0 Bruxelles qui accompagne enfants et adultes gr\u00e2ce \u00e0 une approche humaine, scientifique et pluridisciplinaire.\" \/>\n<meta name=\"robots\" content=\"index, follow, max-snippet:-1, max-image-preview:large, max-video-preview:-1\" \/>\n<link rel=\"canonical\" href=\"https:\/\/www.cmap.be\/fr\/a-propos\/\" \/>\n<meta property=\"og:locale\" content=\"fr_FR\" \/>\n<meta property=\"og:type\" content=\"article\" \/>\n<meta property=\"og:title\" content=\"\u00c0 propos du CMAP \u2013 Centre de r\u00e9adaptation \u00e0 Bruxelles\" \/>\n<meta property=\"og:description\" content=\"D\u00e9couvrez le CMAP, un centre de r\u00e9adaptation \u00e0 Bruxelles qui accompagne enfants et adultes gr\u00e2ce \u00e0 une approche humaine, scientifique et pluridisciplinaire.\" \/>\n<meta property=\"og:url\" content=\"https:\/\/www.cmap.be\/fr\/a-propos\/\" \/>\n<meta property=\"og:site_name\" content=\"CMAP\" \/>\n<meta property=\"article:modified_time\" content=\"2025-12-27T13:12:39+00:00\" \/>\n<meta property=\"og:image\" content=\"https:\/\/www.cmap.be\/wp-content\/uploads\/2025\/08\/cmap-share.jpg\" \/>\n\t<meta property=\"og:image:width\" content=\"1200\" \/>\n\t<meta property=\"og:image:height\" content=\"675\" \/>\n\t<meta property=\"og:image:type\" content=\"image\/jpeg\" \/>\n<meta name=\"twitter:card\" content=\"summary_large_image\" \/>\n<meta name=\"twitter:label1\" content=\"Dur\u00e9e de lecture estim\u00e9e\" \/>\n\t<meta name=\"twitter:data1\" content=\"3 minutes\" \/>\n<script type=\"application\/ld+json\" class=\"yoast-schema-graph\">{\"@context\":\"https:\\\/\\\/schema.org\",\"@graph\":[{\"@type\":\"WebPage\",\"@id\":\"https:\\\/\\\/www.cmap.be\\\/fr\\\/a-propos\\\/\",\"url\":\"https:\\\/\\\/www.cmap.be\\\/fr\\\/a-propos\\\/\",\"name\":\"\u00c0 propos du CMAP \u2013 Centre de r\u00e9adaptation \u00e0 Bruxelles\",\"isPartOf\":{\"@id\":\"https:\\\/\\\/www.cmap.be\\\/fr\\\/#website\"},\"datePublished\":\"2025-06-07T17:09:19+00:00\",\"dateModified\":\"2025-12-27T13:12:39+00:00\",\"description\":\"D\u00e9couvrez le CMAP, un centre de r\u00e9adaptation \u00e0 Bruxelles qui accompagne enfants et adultes gr\u00e2ce \u00e0 une approche humaine, scientifique et pluridisciplinaire.\",\"breadcrumb\":{\"@id\":\"https:\\\/\\\/www.cmap.be\\\/fr\\\/a-propos\\\/#breadcrumb\"},\"inLanguage\":\"fr-FR\",\"potentialAction\":[{\"@type\":\"ReadAction\",\"target\":[\"https:\\\/\\\/www.cmap.be\\\/fr\\\/a-propos\\\/\"]}]},{\"@type\":\"BreadcrumbList\",\"@id\":\"https:\\\/\\\/www.cmap.be\\\/fr\\\/a-propos\\\/#breadcrumb\",\"itemListElement\":[{\"@type\":\"ListItem\",\"position\":1,\"name\":\"Accueil\",\"item\":\"https:\\\/\\\/www.cmap.be\\\/fr\\\/\"},{\"@type\":\"ListItem\",\"position\":2,\"name\":\"\u00c0 propos\"}]},{\"@type\":\"WebSite\",\"@id\":\"https:\\\/\\\/www.cmap.be\\\/fr\\\/#website\",\"url\":\"https:\\\/\\\/www.cmap.be\\\/fr\\\/\",\"name\":\"CMAP\",\"description\":\"Centre M\u00e9dical d&#039;Audio-Phonologie\",\"publisher\":{\"@id\":\"https:\\\/\\\/www.cmap.be\\\/fr\\\/#organization\"},\"potentialAction\":[{\"@type\":\"SearchAction\",\"target\":{\"@type\":\"EntryPoint\",\"urlTemplate\":\"https:\\\/\\\/www.cmap.be\\\/fr\\\/?s={search_term_string}\"},\"query-input\":{\"@type\":\"PropertyValueSpecification\",\"valueRequired\":true,\"valueName\":\"search_term_string\"}}],\"inLanguage\":\"fr-FR\"},{\"@type\":\"Organization\",\"@id\":\"https:\\\/\\\/www.cmap.be\\\/fr\\\/#organization\",\"name\":\"CMAP\",\"url\":\"https:\\\/\\\/www.cmap.be\\\/fr\\\/\",\"logo\":{\"@type\":\"ImageObject\",\"inLanguage\":\"fr-FR\",\"@id\":\"https:\\\/\\\/www.cmap.be\\\/fr\\\/#\\\/schema\\\/logo\\\/image\\\/\",\"url\":\"https:\\\/\\\/www.cmap.be\\\/wp-content\\\/uploads\\\/2025\\\/06\\\/cropped-sigle-CMAP.png\",\"contentUrl\":\"https:\\\/\\\/www.cmap.be\\\/wp-content\\\/uploads\\\/2025\\\/06\\\/cropped-sigle-CMAP.png\",\"width\":512,\"height\":512,\"caption\":\"CMAP\"},\"image\":{\"@id\":\"https:\\\/\\\/www.cmap.be\\\/fr\\\/#\\\/schema\\\/logo\\\/image\\\/\"}}]}<\/script>\n<!-- \/ Yoast SEO plugin. -->","yoast_head_json":{"title":"\u00c0 propos du CMAP \u2013 Centre de r\u00e9adaptation \u00e0 Bruxelles","description":"D\u00e9couvrez le CMAP, un centre de r\u00e9adaptation \u00e0 Bruxelles qui accompagne enfants et adultes gr\u00e2ce \u00e0 une approche humaine, scientifique et pluridisciplinaire.","robots":{"index":"index","follow":"follow","max-snippet":"max-snippet:-1","max-image-preview":"max-image-preview:large","max-video-preview":"max-video-preview:-1"},"canonical":"https:\/\/www.cmap.be\/fr\/a-propos\/","og_locale":"fr_FR","og_type":"article","og_title":"\u00c0 propos du CMAP \u2013 Centre de r\u00e9adaptation \u00e0 Bruxelles","og_description":"D\u00e9couvrez le CMAP, un centre de r\u00e9adaptation \u00e0 Bruxelles qui accompagne enfants et adultes gr\u00e2ce \u00e0 une approche humaine, scientifique et pluridisciplinaire.","og_url":"https:\/\/www.cmap.be\/fr\/a-propos\/","og_site_name":"CMAP","article_modified_time":"2025-12-27T13:12:39+00:00","og_image":[{"width":1200,"height":675,"url":"https:\/\/www.cmap.be\/wp-content\/uploads\/2025\/08\/cmap-share.jpg","type":"image\/jpeg"}],"twitter_card":"summary_large_image","twitter_misc":{"Dur\u00e9e de lecture estim\u00e9e":"3 minutes"},"schema":{"@context":"https:\/\/schema.org","@graph":[{"@type":"WebPage","@id":"https:\/\/www.cmap.be\/fr\/a-propos\/","url":"https:\/\/www.cmap.be\/fr\/a-propos\/","name":"\u00c0 propos du CMAP \u2013 Centre de r\u00e9adaptation \u00e0 Bruxelles","isPartOf":{"@id":"https:\/\/www.cmap.be\/fr\/#website"},"datePublished":"2025-06-07T17:09:19+00:00","dateModified":"2025-12-27T13:12:39+00:00","description":"D\u00e9couvrez le CMAP, un centre de r\u00e9adaptation \u00e0 Bruxelles qui accompagne enfants et adultes gr\u00e2ce \u00e0 une approche humaine, scientifique et pluridisciplinaire.","breadcrumb":{"@id":"https:\/\/www.cmap.be\/fr\/a-propos\/#breadcrumb"},"inLanguage":"fr-FR","potentialAction":[{"@type":"ReadAction","target":["https:\/\/www.cmap.be\/fr\/a-propos\/"]}]},{"@type":"BreadcrumbList","@id":"https:\/\/www.cmap.be\/fr\/a-propos\/#breadcrumb","itemListElement":[{"@type":"ListItem","position":1,"name":"Accueil","item":"https:\/\/www.cmap.be\/fr\/"},{"@type":"ListItem","position":2,"name":"\u00c0 propos"}]},{"@type":"WebSite","@id":"https:\/\/www.cmap.be\/fr\/#website","url":"https:\/\/www.cmap.be\/fr\/","name":"CMAP","description":"Centre M\u00e9dical d&#039;Audio-Phonologie","publisher":{"@id":"https:\/\/www.cmap.be\/fr\/#organization"},"potentialAction":[{"@type":"SearchAction","target":{"@type":"EntryPoint","urlTemplate":"https:\/\/www.cmap.be\/fr\/?s={search_term_string}"},"query-input":{"@type":"PropertyValueSpecification","valueRequired":true,"valueName":"search_term_string"}}],"inLanguage":"fr-FR"},{"@type":"Organization","@id":"https:\/\/www.cmap.be\/fr\/#organization","name":"CMAP","url":"https:\/\/www.cmap.be\/fr\/","logo":{"@type":"ImageObject","inLanguage":"fr-FR","@id":"https:\/\/www.cmap.be\/fr\/#\/schema\/logo\/image\/","url":"https:\/\/www.cmap.be\/wp-content\/uploads\/2025\/06\/cropped-sigle-CMAP.png","contentUrl":"https:\/\/www.cmap.be\/wp-content\/uploads\/2025\/06\/cropped-sigle-CMAP.png","width":512,"height":512,"caption":"CMAP"},"image":{"@id":"https:\/\/www.cmap.be\/fr\/#\/schema\/logo\/image\/"}}]}},"_links":{"self":[{"href":"https:\/\/www.cmap.be\/fr\/wp-json\/wp\/v2\/pages\/12","targetHints":{"allow":["GET"]}}],"collection":[{"href":"https:\/\/www.cmap.be\/fr\/wp-json\/wp\/v2\/pages"}],"about":[{"href":"https:\/\/www.cmap.be\/fr\/wp-json\/wp\/v2\/types\/page"}],"author":[{"embeddable":true,"href":"https:\/\/www.cmap.be\/fr\/wp-json\/wp\/v2\/users\/1"}],"replies":[{"embeddable":true,"href":"https:\/\/www.cmap.be\/fr\/wp-json\/wp\/v2\/comments?post=12"}],"version-history":[{"count":22,"href":"https:\/\/www.cmap.be\/fr\/wp-json\/wp\/v2\/pages\/12\/revisions"}],"predecessor-version":[{"id":693,"href":"https:\/\/www.cmap.be\/fr\/wp-json\/wp\/v2\/pages\/12\/revisions\/693"}],"wp:attachment":[{"href":"https:\/\/www.cmap.be\/fr\/wp-json\/wp\/v2\/media?parent=12"}],"curies":[{"name":"wp","href":"https:\/\/api.w.org\/{rel}","templated":true}]}}