{"id":14,"date":"2025-06-07T17:10:13","date_gmt":"2025-06-07T17:10:13","guid":{"rendered":"https:\/\/cmap.uni-vert.be\/?page_id=14"},"modified":"2025-12-27T13:15:41","modified_gmt":"2025-12-27T13:15:41","slug":"equipe","status":"publish","type":"page","link":"https:\/\/www.cmap.be\/fr\/equipe\/","title":{"rendered":"\u00c9quipe"},"content":{"rendered":"<div class=\"wpb-content-wrapper\"><p>[vc_row height_ratio=\u00a0\u00bb50&Prime; padding_top_multiplier=\u00a0\u00bb\u00a0\u00bb padding_bottom_multiplier=\u00a0\u00bb\u00a0\u00bb rc_heading_color=\u00a0\u00bbwhite\u00a0\u00bb rc_bg_type=\u00a0\u00bbimage\u00a0\u00bb rc_bg_image=\u00a0\u00bb223&Prime; rc_bg_image_size=\u00a0\u00bbresponsive\u00a0\u00bb rc_bg_tablet_sm_position=\u00a0\u00bbcenter-center\u00a0\u00bb rc_bg_color_overlay=\u00a0\u00bbprimary-3&Prime; rc_bg_opacity_overlay=\u00a0\u00bb50&Prime;][vc_column width=\u00a0\u00bb1\/6&Prime; vertical_content_position=\u00a0\u00bbmiddle\u00a0\u00bb text_align=\u00a0\u00bbcenter\u00a0\u00bb][\/vc_column][vc_column width=\u00a0\u00bb2\/3&Prime; vertical_content_position=\u00a0\u00bbmiddle\u00a0\u00bb text_align=\u00a0\u00bbcenter\u00a0\u00bb]<h3 class=\"grve-element grve-title grve-align-inherit grve-h3\"><span>L&rsquo;\u00e9quipe du CMAP<\/span><\/h3>[\/vc_column][vc_column width=\u00a0\u00bb1\/6&Prime;][\/vc_column][\/vc_row][vc_row padding_top_multiplier=\u00a0\u00bb3x\u00a0\u00bb padding_bottom_multiplier=\u00a0\u00bb\u00a0\u00bb][vc_column][vc_column_text css=\u00a0\u00bb\u00a0\u00bb text_style=\u00a0\u00bbleader-text\u00a0\u00bb]L\u2019enti\u00e8ret\u00e9 des disciplines param\u00e9dicales et m\u00e9dicales est repr\u00e9sent\u00e9e au CMAP dans le but de :<\/p>\n<ul>\n<li>R\u00e9pondre ad\u00e9quatement aux troubles pr\u00e9sent\u00e9s par le patient et \u00e0 leurs comorbidit\u00e9s.<\/li>\n<li>Garantir un projet th\u00e9rapeutique individualis\u00e9 et adapt\u00e9 aux besoins sp\u00e9cifiques de chaque patient.<\/li>\n<\/ul>\n<p>[\/vc_column_text][\/vc_column][\/vc_row][vc_row padding_top_multiplier=\u00a0\u00bb2x\u00a0\u00bb rc_bg_type=\u00a0\u00bbcolor\u00a0\u00bb equal_column_height=\u00a0\u00bbequal\u00a0\u00bb tablet_columns_vertical_gap=\u00a0\u00bb30&Prime; tablet_sm_columns_vertical_gap=\u00a0\u00bb30&Prime; rc_bg_color=\u00a0\u00bb#F7F7FB\u00a0\u00bb][vc_column width=\u00a0\u00bb1\/4&Prime; add_column_link=\u00a0\u00bbyes\u00a0\u00bb column_link=\u00a0\u00bburl:%2Ffr%2Fequipe%2Fmedecins-orl-pediatre%2F|title:M%C3%A9decins%20ORL%20%26%20P%C3%A9diatre\u00a0\u00bb rc_bg_type=\u00a0\u00bbcolor\u00a0\u00bb rc_add_shadow=\u00a0\u00bbsmall-shadow\u00a0\u00bb hover_animation=\u00a0\u00bbslide-up\u00a0\u00bb tablet_width=\u00a0\u00bb1-2&Prime; tablet_sm_width=\u00a0\u00bb1-2&Prime; rc_bg_color=\u00a0\u00bb#FFFFFF\u00a0\u00bb grve_css=\u00a0\u00bb{\u00ab\u00a0desktop\u00ab\u00a0:{\u00ab\u00a0border-top-left-radius\u00ab\u00a0:\u00ab\u00a010px\u00ab\u00a0,\u00ab\u00a0border-top-right-radius\u00ab\u00a0:\u00ab\u00a010px\u00ab\u00a0,\u00ab\u00a0border-bottom-right-radius\u00ab\u00a0:\u00ab\u00a010px\u00ab\u00a0,\u00ab\u00a0border-bottom-left-radius\u00ab\u00a0:\u00ab\u00a010px\u00ab\u00a0,\u00ab\u00a0padding-top\u00ab\u00a0:\u00ab\u00a030px\u00ab\u00a0,\u00ab\u00a0padding-right\u00ab\u00a0:\u00ab\u00a030px\u00ab\u00a0,\u00ab\u00a0padding-bottom\u00ab\u00a0:\u00ab\u00a030px\u00ab\u00a0,\u00ab\u00a0padding-left\u00ab\u00a0:\u00ab\u00a030px\u00ab\u00a0,\u00ab\u00a0class\u00ab\u00a0:\u00ab\u00a0grve-wpb-1750849351786\u00ab\u00a0}}\u00a0\u00bb]<div class=\"grve-element grve-box-icon grve-large grve-top-icon grve-align-center\"><div class=\"grve-wrapper-icon\" style=\"\"><span class=\"grve-box-icon et-icon-strategy grve-text-primary-1\"><\/span><\/div><div class=\"grve-box-content\"><h3 class=\"grve-box-title grve-h6\">M\u00e9decins sp\u00e9cialistes<\/h3><\/div><\/div>[\/vc_column][vc_column width=\u00a0\u00bb1\/4&Prime; add_column_link=\u00a0\u00bbyes\u00a0\u00bb column_link=\u00a0\u00bburl:%2Ffr%2Fequipe%2Fassistante-sociale%2F|title:Assistante%20sociale\u00a0\u00bb rc_bg_type=\u00a0\u00bbcolor\u00a0\u00bb rc_add_shadow=\u00a0\u00bbsmall-shadow\u00a0\u00bb hover_animation=\u00a0\u00bbslide-up\u00a0\u00bb tablet_width=\u00a0\u00bb1-2&Prime; tablet_sm_width=\u00a0\u00bb1-2&Prime; grve_css=\u00a0\u00bb{\u00ab\u00a0desktop\u00ab\u00a0:{\u00ab\u00a0border-top-left-radius\u00ab\u00a0:\u00ab\u00a010px\u00ab\u00a0,\u00ab\u00a0border-top-right-radius\u00ab\u00a0:\u00ab\u00a010px\u00ab\u00a0,\u00ab\u00a0border-bottom-right-radius\u00ab\u00a0:\u00ab\u00a010px\u00ab\u00a0,\u00ab\u00a0border-bottom-left-radius\u00ab\u00a0:\u00ab\u00a010px\u00ab\u00a0,\u00ab\u00a0padding-top\u00ab\u00a0:\u00ab\u00a030px\u00ab\u00a0,\u00ab\u00a0padding-right\u00ab\u00a0:\u00ab\u00a030px\u00ab\u00a0,\u00ab\u00a0padding-bottom\u00ab\u00a0:\u00ab\u00a030px\u00ab\u00a0,\u00ab\u00a0padding-left\u00ab\u00a0:\u00ab\u00a030px\u00ab\u00a0,\u00ab\u00a0class\u00ab\u00a0:\u00ab\u00a0grve-wpb-1750849364184\u00ab\u00a0}}\u00a0\u00bb rc_bg_color=\u00a0\u00bb#FFFFFF\u00a0\u00bb]<div class=\"grve-element grve-box-icon grve-large grve-top-icon grve-align-center\"><div class=\"grve-wrapper-icon\" style=\"\"><span class=\"grve-box-icon et-icon-puzzle grve-text-primary-1\"><\/span><\/div><div class=\"grve-box-content\"><h3 class=\"grve-box-title grve-h6\">Assistante sociale<\/h3><\/div><\/div>[\/vc_column][vc_column width=\u00a0\u00bb1\/4&Prime; add_column_link=\u00a0\u00bbyes\u00a0\u00bb column_link=\u00a0\u00bburl:%2Ffr%2Fequipe%2Faudiologiste%2F|title:Audiologiste\u00a0\u00bb rc_bg_type=\u00a0\u00bbcolor\u00a0\u00bb rc_add_shadow=\u00a0\u00bbsmall-shadow\u00a0\u00bb hover_animation=\u00a0\u00bbslide-up\u00a0\u00bb tablet_width=\u00a0\u00bb1-2&Prime; tablet_sm_width=\u00a0\u00bb1-2&Prime; rc_bg_color=\u00a0\u00bb#FFFFFF\u00a0\u00bb grve_css=\u00a0\u00bb{\u00ab\u00a0desktop\u00ab\u00a0:{\u00ab\u00a0border-top-left-radius\u00ab\u00a0:\u00ab\u00a010px\u00ab\u00a0,\u00ab\u00a0border-top-right-radius\u00ab\u00a0:\u00ab\u00a010px\u00ab\u00a0,\u00ab\u00a0border-bottom-right-radius\u00ab\u00a0:\u00ab\u00a010px\u00ab\u00a0,\u00ab\u00a0border-bottom-left-radius\u00ab\u00a0:\u00ab\u00a010px\u00ab\u00a0,\u00ab\u00a0padding-top\u00ab\u00a0:\u00ab\u00a030px\u00ab\u00a0,\u00ab\u00a0padding-right\u00ab\u00a0:\u00ab\u00a030px\u00ab\u00a0,\u00ab\u00a0padding-bottom\u00ab\u00a0:\u00ab\u00a030px\u00ab\u00a0,\u00ab\u00a0padding-left\u00ab\u00a0:\u00ab\u00a030px\u00ab\u00a0,\u00ab\u00a0class\u00ab\u00a0:\u00ab\u00a0grve-wpb-1750849373902\u00ab\u00a0}}\u00a0\u00bb]<div class=\"grve-element grve-box-icon grve-large grve-top-icon grve-align-center\"><div class=\"grve-wrapper-icon\" style=\"\"><span class=\"grve-box-icon et-icon-mobile grve-text-primary-1\"><\/span><\/div><div class=\"grve-box-content\"><h3 class=\"grve-box-title grve-h6\">Audiologiste<\/h3><\/div><\/div>[\/vc_column][vc_column width=\u00a0\u00bb1\/4&Prime; add_column_link=\u00a0\u00bbyes\u00a0\u00bb column_link=\u00a0\u00bburl:%2Ffr%2Fequipe%2Flogopedes%2F|title:Logope%CC%80des\u00a0\u00bb rc_bg_type=\u00a0\u00bbcolor\u00a0\u00bb rc_add_shadow=\u00a0\u00bbsmall-shadow\u00a0\u00bb hover_animation=\u00a0\u00bbslide-up\u00a0\u00bb tablet_width=\u00a0\u00bb1-2&Prime; tablet_sm_width=\u00a0\u00bb1-2&Prime; rc_bg_color=\u00a0\u00bb#FFFFFF\u00a0\u00bb grve_css=\u00a0\u00bb{\u00ab\u00a0desktop\u00ab\u00a0:{\u00ab\u00a0border-top-left-radius\u00ab\u00a0:\u00ab\u00a010px\u00ab\u00a0,\u00ab\u00a0border-top-right-radius\u00ab\u00a0:\u00ab\u00a010px\u00ab\u00a0,\u00ab\u00a0border-bottom-right-radius\u00ab\u00a0:\u00ab\u00a010px\u00ab\u00a0,\u00ab\u00a0border-bottom-left-radius\u00ab\u00a0:\u00ab\u00a010px\u00ab\u00a0,\u00ab\u00a0padding-top\u00ab\u00a0:\u00ab\u00a030px\u00ab\u00a0,\u00ab\u00a0padding-right\u00ab\u00a0:\u00ab\u00a030px\u00ab\u00a0,\u00ab\u00a0padding-bottom\u00ab\u00a0:\u00ab\u00a030px\u00ab\u00a0,\u00ab\u00a0padding-left\u00ab\u00a0:\u00ab\u00a030px\u00ab\u00a0,\u00ab\u00a0class\u00ab\u00a0:\u00ab\u00a0grve-wpb-1750849383133\u00ab\u00a0}}\u00a0\u00bb]<div class=\"grve-element grve-box-icon grve-large grve-top-icon grve-align-center\"><div class=\"grve-wrapper-icon\" style=\"\"><span class=\"grve-box-icon et-icon-heart grve-text-primary-1\"><\/span><\/div><div class=\"grve-box-content\"><h3 class=\"grve-box-title grve-h6\">Logop\u00e8des<\/h3><\/div><\/div>[\/vc_column][\/vc_row][vc_row padding_bottom_multiplier=\u00a0\u00bb4x\u00a0\u00bb rc_bg_type=\u00a0\u00bbcolor\u00a0\u00bb equal_column_height=\u00a0\u00bbequal\u00a0\u00bb tablet_columns_vertical_gap=\u00a0\u00bb30&Prime; tablet_sm_columns_vertical_gap=\u00a0\u00bb30&Prime; rc_bg_color=\u00a0\u00bb#F7F7FB\u00a0\u00bb][vc_column width=\u00a0\u00bb1\/4&Prime; add_column_link=\u00a0\u00bbyes\u00a0\u00bb column_link=\u00a0\u00bburl:%2Ffr%2Fequipe%2Fneuropsychologue%2F|title:Neuropsychologue\u00a0\u00bb rc_bg_type=\u00a0\u00bbcolor\u00a0\u00bb rc_add_shadow=\u00a0\u00bbsmall-shadow\u00a0\u00bb hover_animation=\u00a0\u00bbslide-up\u00a0\u00bb tablet_width=\u00a0\u00bb1-2&Prime; tablet_sm_width=\u00a0\u00bb1-2&Prime; rc_bg_color=\u00a0\u00bb#FFFFFF\u00a0\u00bb grve_css=\u00a0\u00bb{\u00ab\u00a0desktop\u00ab\u00a0:{\u00ab\u00a0border-top-left-radius\u00ab\u00a0:\u00ab\u00a010px\u00ab\u00a0,\u00ab\u00a0border-top-right-radius\u00ab\u00a0:\u00ab\u00a010px\u00ab\u00a0,\u00ab\u00a0border-bottom-right-radius\u00ab\u00a0:\u00ab\u00a010px\u00ab\u00a0,\u00ab\u00a0border-bottom-left-radius\u00ab\u00a0:\u00ab\u00a010px\u00ab\u00a0,\u00ab\u00a0padding-top\u00ab\u00a0:\u00ab\u00a030px\u00ab\u00a0,\u00ab\u00a0padding-right\u00ab\u00a0:\u00ab\u00a030px\u00ab\u00a0,\u00ab\u00a0padding-bottom\u00ab\u00a0:\u00ab\u00a030px\u00ab\u00a0,\u00ab\u00a0padding-left\u00ab\u00a0:\u00ab\u00a030px\u00ab\u00a0,\u00ab\u00a0class\u00ab\u00a0:\u00ab\u00a0grve-wpb-1750849396265\u00ab\u00a0}}\u00a0\u00bb]<div class=\"grve-element grve-box-icon grve-large grve-top-icon grve-align-center\"><div class=\"grve-wrapper-icon\" style=\"\"><span class=\"grve-box-icon et-icon-happy grve-text-primary-1\"><\/span><\/div><div class=\"grve-box-content\"><h3 class=\"grve-box-title grve-h6\">Neuropsychologue<\/h3><\/div><\/div>[\/vc_column][vc_column width=\u00a0\u00bb1\/4&Prime; add_column_link=\u00a0\u00bbyes\u00a0\u00bb column_link=\u00a0\u00bburl:%2Ffr%2Fequipe%2Fpsychologue%2F|title:Psychologue\u00a0\u00bb rc_bg_type=\u00a0\u00bbcolor\u00a0\u00bb rc_add_shadow=\u00a0\u00bbsmall-shadow\u00a0\u00bb hover_animation=\u00a0\u00bbslide-up\u00a0\u00bb tablet_width=\u00a0\u00bb1-2&Prime; tablet_sm_width=\u00a0\u00bb1-2&Prime; rc_bg_color=\u00a0\u00bb#FFFFFF\u00a0\u00bb grve_css=\u00a0\u00bb{\u00ab\u00a0desktop\u00ab\u00a0:{\u00ab\u00a0border-top-left-radius\u00ab\u00a0:\u00ab\u00a010px\u00ab\u00a0,\u00ab\u00a0border-top-right-radius\u00ab\u00a0:\u00ab\u00a010px\u00ab\u00a0,\u00ab\u00a0border-bottom-right-radius\u00ab\u00a0:\u00ab\u00a010px\u00ab\u00a0,\u00ab\u00a0border-bottom-left-radius\u00ab\u00a0:\u00ab\u00a010px\u00ab\u00a0,\u00ab\u00a0padding-top\u00ab\u00a0:\u00ab\u00a030px\u00ab\u00a0,\u00ab\u00a0padding-right\u00ab\u00a0:\u00ab\u00a030px\u00ab\u00a0,\u00ab\u00a0padding-bottom\u00ab\u00a0:\u00ab\u00a030px\u00ab\u00a0,\u00ab\u00a0padding-left\u00ab\u00a0:\u00ab\u00a030px\u00ab\u00a0,\u00ab\u00a0class\u00ab\u00a0:\u00ab\u00a0grve-wpb-1750849405041\u00ab\u00a0}}\u00a0\u00bb]<div class=\"grve-element grve-box-icon grve-large grve-top-icon grve-align-center\"><div class=\"grve-wrapper-icon\" style=\"\"><span class=\"grve-box-icon et-icon-circle-compass grve-text-primary-1\"><\/span><\/div><div class=\"grve-box-content\"><h3 class=\"grve-box-title grve-h6\">Psychologue<\/h3><\/div><\/div>[\/vc_column][vc_column width=\u00a0\u00bb1\/4&Prime; add_column_link=\u00a0\u00bbyes\u00a0\u00bb column_link=\u00a0\u00bburl:%2Ffr%2Fequipe%2Fkinesitherapeute-ergotherapeute-et-psychomotricienne%2F|title:Kin%C3%A9sith%C3%A9rapeute%2C%20Ergoth%C3%A9rapeute%20%26%20Psychomotricienne\u00a0\u00bb rc_bg_type=\u00a0\u00bbcolor\u00a0\u00bb rc_add_shadow=\u00a0\u00bbsmall-shadow\u00a0\u00bb hover_animation=\u00a0\u00bbslide-up\u00a0\u00bb tablet_width=\u00a0\u00bb1-2&Prime; tablet_sm_width=\u00a0\u00bb1-2&Prime; rc_bg_color=\u00a0\u00bb#FFFFFF\u00a0\u00bb grve_css=\u00a0\u00bb{\u00ab\u00a0desktop\u00ab\u00a0:{\u00ab\u00a0border-top-left-radius\u00ab\u00a0:\u00ab\u00a010px\u00ab\u00a0,\u00ab\u00a0border-top-right-radius\u00ab\u00a0:\u00ab\u00a010px\u00ab\u00a0,\u00ab\u00a0border-bottom-right-radius\u00ab\u00a0:\u00ab\u00a010px\u00ab\u00a0,\u00ab\u00a0border-bottom-left-radius\u00ab\u00a0:\u00ab\u00a010px\u00ab\u00a0,\u00ab\u00a0padding-top\u00ab\u00a0:\u00ab\u00a030px\u00ab\u00a0,\u00ab\u00a0padding-right\u00ab\u00a0:\u00ab\u00a030px\u00ab\u00a0,\u00ab\u00a0padding-bottom\u00ab\u00a0:\u00ab\u00a030px\u00ab\u00a0,\u00ab\u00a0padding-left\u00ab\u00a0:\u00ab\u00a030px\u00ab\u00a0,\u00ab\u00a0class\u00ab\u00a0:\u00ab\u00a0grve-wpb-1750849422244\u00ab\u00a0}}\u00a0\u00bb]<div class=\"grve-element grve-box-icon grve-large grve-top-icon grve-align-center\"><div class=\"grve-wrapper-icon\" style=\"\"><span class=\"grve-box-icon et-icon-trophy grve-text-primary-1\"><\/span><\/div><div class=\"grve-box-content\"><h3 class=\"grve-box-title grve-h6\">Kin\u00e9sith\u00e9rapeute<br \/>\nErgoth\u00e9rapeute<br \/>\nPsychomotricienne<\/h3><\/div><\/div>[\/vc_column][vc_column width=\u00a0\u00bb1\/4&Prime; vertical_content_position=\u00a0\u00bbmiddle\u00a0\u00bb add_column_link=\u00a0\u00bbyes\u00a0\u00bb column_link=\u00a0\u00bburl:%2Ffr%2Foutils-therapeutiques%2F|title:Outils%20th%C3%A9rapeutiques\u00a0\u00bb rc_heading_color=\u00a0\u00bbwhite\u00a0\u00bb rc_bg_type=\u00a0\u00bbcolor\u00a0\u00bb rc_add_shadow=\u00a0\u00bbsmall-shadow\u00a0\u00bb hover_animation=\u00a0\u00bbslide-up\u00a0\u00bb tablet_width=\u00a0\u00bb1-2&Prime; tablet_sm_width=\u00a0\u00bb1-2&Prime; rc_bg_color=\u00a0\u00bb#43ABE2&Prime; grve_css=\u00a0\u00bb{\u00ab\u00a0desktop\u00ab\u00a0:{\u00ab\u00a0border-top-left-radius\u00ab\u00a0:\u00ab\u00a010px\u00ab\u00a0,\u00ab\u00a0border-top-right-radius\u00ab\u00a0:\u00ab\u00a010px\u00ab\u00a0,\u00ab\u00a0border-bottom-right-radius\u00ab\u00a0:\u00ab\u00a010px\u00ab\u00a0,\u00ab\u00a0border-bottom-left-radius\u00ab\u00a0:\u00ab\u00a010px\u00ab\u00a0,\u00ab\u00a0padding-top\u00ab\u00a0:\u00ab\u00a030px\u00ab\u00a0,\u00ab\u00a0padding-right\u00ab\u00a0:\u00ab\u00a030px\u00ab\u00a0,\u00ab\u00a0padding-bottom\u00ab\u00a0:\u00ab\u00a030px\u00ab\u00a0,\u00ab\u00a0padding-left\u00ab\u00a0:\u00ab\u00a030px\u00ab\u00a0,\u00ab\u00a0class\u00ab\u00a0:\u00ab\u00a0grve-wpb-1750849457318\u00ab\u00a0}}\u00a0\u00bb]<h3 class=\"grve-element grve-title grve-align-center grve-h6 grve-text-white\"><span>Je d\u00e9couvre les outils th\u00e9rapeutiques du CMAP<\/span><\/h3>[\/vc_column][\/vc_row][vc_row rc_heading_color=\u00a0\u00bbwhite\u00a0\u00bb rc_bg_type=\u00a0\u00bbcolor\u00a0\u00bb rc_bg_color=\u00a0\u00bb#213B88&Prime; rc_font_color=\u00a0\u00bb#FFFFFF\u00a0\u00bb][vc_column add_column_link=\u00a0\u00bbyes\u00a0\u00bb column_link=\u00a0\u00bburl:https%3A%2F%2Fyoutu.be%2F59s3zWF4rL8&Prime; column_link_class=\u00a0\u00bbgrve-video-popup\u00a0\u00bb hover_animation=\u00a0\u00bbmagnetism\u00a0\u00bb]<div class=\"grve-element grve-box-icon grve-medium grve-side-icon grve-align-left grve-vertical-align-middle grve-layout-2\"><div class=\"grve-wrapper-icon grve-image-icon\"><div class=\"grve-thumbnail-wrapper\"  style=\"width: 195px;\"><div class=\"grve-thumbnail\"  style=\"padding-top: 51.282%;\"><img loading=\"lazy\" decoding=\"async\" width=\"195\" height=\"100\" src=\"https:\/\/www.cmap.be\/wp-content\/uploads\/2025\/12\/LSFB_play-video.png\" class=\"attachment-full size-full\" alt=\"\" srcset=\"https:\/\/www.cmap.be\/wp-content\/uploads\/2025\/12\/LSFB_play-video.png 1x,https:\/\/www.cmap.be\/wp-content\/uploads\/2025\/12\/LSFB_play-video@2x.png 2x\" data-column-space=\"auto\" data-lazyload=\"\" data-grve-filter=\"yes\" \/><\/div><\/div><\/div><div class=\"grve-box-content\"><h3 class=\"grve-box-title grve-h5\">D\u00e9couvrez ce contenu en langue des signes (LSFB)<\/h3><p class=\"\">Cette page est \u00e9galement disponible en langue des signes belge francophone (LSFB). Regardez la vid\u00e9o.<\/p><\/div><\/div>[\/vc_column][\/vc_row]<\/p>\n<\/div>","protected":false},"excerpt":{"rendered":"<p>[vc_row height_ratio=\u00a0\u00bb50&Prime; padding_top_multiplier=\u00a0\u00bb\u00a0\u00bb padding_bottom_multiplier=\u00a0\u00bb\u00a0\u00bb rc_heading_color=\u00a0\u00bbwhite\u00a0\u00bb rc_bg_type=\u00a0\u00bbimage\u00a0\u00bb rc_bg_image=\u00a0\u00bb223&Prime; rc_bg_image_size=\u00a0\u00bbresponsive\u00a0\u00bb rc_bg_tablet_sm_position=\u00a0\u00bbcenter-center\u00a0\u00bb rc_bg_color_overlay=\u00a0\u00bbprimary-3&Prime; rc_bg_opacity_overlay=\u00a0\u00bb50&Prime;][vc_column width=\u00a0\u00bb1\/6&Prime; vertical_content_position=\u00a0\u00bbmiddle\u00a0\u00bb text_align=\u00a0\u00bbcenter\u00a0\u00bb][\/vc_column][vc_column width=\u00a0\u00bb2\/3&Prime; vertical_content_position=\u00a0\u00bbmiddle\u00a0\u00bb text_align=\u00a0\u00bbcenter\u00a0\u00bb][\/vc_column][vc_column width=\u00a0\u00bb1\/6&Prime;][\/vc_column][\/vc_row][vc_row padding_top_multiplier=\u00a0\u00bb3x\u00a0\u00bb padding_bottom_multiplier=\u00a0\u00bb\u00a0\u00bb][vc_column][vc_column_text css=\u00a0\u00bb\u00a0\u00bb text_style=\u00a0\u00bbleader-text\u00a0\u00bb]L\u2019enti\u00e8ret\u00e9 des disciplines param\u00e9dicales et m\u00e9dicales est repr\u00e9sent\u00e9e au CMAP dans le but de : R\u00e9pondre ad\u00e9quatement aux troubles pr\u00e9sent\u00e9s par le patient et \u00e0 leurs comorbidit\u00e9s. Garantir un projet th\u00e9rapeutique individualis\u00e9 et adapt\u00e9 [&hellip;]<\/p>\n","protected":false},"author":1,"featured_media":0,"parent":0,"menu_order":0,"comment_status":"closed","ping_status":"closed","template":"","meta":{"footnotes":""},"class_list":["post-14","page","type-page","status-publish","hentry","grve-entry-item"],"yoast_head":"<!-- This site is optimized with the Yoast SEO plugin v27.3 - https:\/\/yoast.com\/product\/yoast-seo-wordpress\/ -->\n<title>L\u2019\u00e9quipe pluridisciplinaire du CMAP<\/title>\n<meta name=\"description\" content=\"Rencontrez l\u2019\u00e9quipe pluridisciplinaire du CMAP : m\u00e9decins, psychologues, logop\u00e8des et param\u00e9dicaux sp\u00e9cialis\u00e9s en r\u00e9adaptation \u00e0 Bruxelles.\" \/>\n<meta name=\"robots\" content=\"index, follow, max-snippet:-1, max-image-preview:large, max-video-preview:-1\" \/>\n<link rel=\"canonical\" href=\"https:\/\/www.cmap.be\/fr\/equipe\/\" \/>\n<meta property=\"og:locale\" content=\"fr_FR\" \/>\n<meta property=\"og:type\" content=\"article\" \/>\n<meta property=\"og:title\" content=\"L\u2019\u00e9quipe pluridisciplinaire du CMAP\" \/>\n<meta property=\"og:description\" content=\"Rencontrez l\u2019\u00e9quipe pluridisciplinaire du CMAP : m\u00e9decins, psychologues, logop\u00e8des et param\u00e9dicaux sp\u00e9cialis\u00e9s en r\u00e9adaptation \u00e0 Bruxelles.\" \/>\n<meta property=\"og:url\" content=\"https:\/\/www.cmap.be\/fr\/equipe\/\" \/>\n<meta property=\"og:site_name\" content=\"CMAP\" \/>\n<meta property=\"article:modified_time\" content=\"2025-12-27T13:15:41+00:00\" \/>\n<meta property=\"og:image\" content=\"https:\/\/www.cmap.be\/wp-content\/uploads\/2025\/08\/cmap-share.jpg\" \/>\n\t<meta property=\"og:image:width\" content=\"1200\" \/>\n\t<meta property=\"og:image:height\" content=\"675\" \/>\n\t<meta property=\"og:image:type\" content=\"image\/jpeg\" \/>\n<meta name=\"twitter:card\" content=\"summary_large_image\" \/>\n<meta name=\"twitter:label1\" content=\"Dur\u00e9e de lecture estim\u00e9e\" \/>\n\t<meta name=\"twitter:data1\" content=\"2 minutes\" \/>\n<script type=\"application\/ld+json\" class=\"yoast-schema-graph\">{\"@context\":\"https:\\\/\\\/schema.org\",\"@graph\":[{\"@type\":\"WebPage\",\"@id\":\"https:\\\/\\\/www.cmap.be\\\/fr\\\/equipe\\\/\",\"url\":\"https:\\\/\\\/www.cmap.be\\\/fr\\\/equipe\\\/\",\"name\":\"L\u2019\u00e9quipe pluridisciplinaire du CMAP\",\"isPartOf\":{\"@id\":\"https:\\\/\\\/www.cmap.be\\\/fr\\\/#website\"},\"datePublished\":\"2025-06-07T17:10:13+00:00\",\"dateModified\":\"2025-12-27T13:15:41+00:00\",\"description\":\"Rencontrez l\u2019\u00e9quipe pluridisciplinaire du CMAP : m\u00e9decins, psychologues, logop\u00e8des et param\u00e9dicaux sp\u00e9cialis\u00e9s en r\u00e9adaptation \u00e0 Bruxelles.\",\"breadcrumb\":{\"@id\":\"https:\\\/\\\/www.cmap.be\\\/fr\\\/equipe\\\/#breadcrumb\"},\"inLanguage\":\"fr-FR\",\"potentialAction\":[{\"@type\":\"ReadAction\",\"target\":[\"https:\\\/\\\/www.cmap.be\\\/fr\\\/equipe\\\/\"]}]},{\"@type\":\"BreadcrumbList\",\"@id\":\"https:\\\/\\\/www.cmap.be\\\/fr\\\/equipe\\\/#breadcrumb\",\"itemListElement\":[{\"@type\":\"ListItem\",\"position\":1,\"name\":\"Accueil\",\"item\":\"https:\\\/\\\/www.cmap.be\\\/fr\\\/\"},{\"@type\":\"ListItem\",\"position\":2,\"name\":\"\u00c9quipe\"}]},{\"@type\":\"WebSite\",\"@id\":\"https:\\\/\\\/www.cmap.be\\\/fr\\\/#website\",\"url\":\"https:\\\/\\\/www.cmap.be\\\/fr\\\/\",\"name\":\"CMAP\",\"description\":\"Centre M\u00e9dical d&#039;Audio-Phonologie\",\"publisher\":{\"@id\":\"https:\\\/\\\/www.cmap.be\\\/fr\\\/#organization\"},\"potentialAction\":[{\"@type\":\"SearchAction\",\"target\":{\"@type\":\"EntryPoint\",\"urlTemplate\":\"https:\\\/\\\/www.cmap.be\\\/fr\\\/?s={search_term_string}\"},\"query-input\":{\"@type\":\"PropertyValueSpecification\",\"valueRequired\":true,\"valueName\":\"search_term_string\"}}],\"inLanguage\":\"fr-FR\"},{\"@type\":\"Organization\",\"@id\":\"https:\\\/\\\/www.cmap.be\\\/fr\\\/#organization\",\"name\":\"CMAP\",\"url\":\"https:\\\/\\\/www.cmap.be\\\/fr\\\/\",\"logo\":{\"@type\":\"ImageObject\",\"inLanguage\":\"fr-FR\",\"@id\":\"https:\\\/\\\/www.cmap.be\\\/fr\\\/#\\\/schema\\\/logo\\\/image\\\/\",\"url\":\"https:\\\/\\\/www.cmap.be\\\/wp-content\\\/uploads\\\/2025\\\/06\\\/cropped-sigle-CMAP.png\",\"contentUrl\":\"https:\\\/\\\/www.cmap.be\\\/wp-content\\\/uploads\\\/2025\\\/06\\\/cropped-sigle-CMAP.png\",\"width\":512,\"height\":512,\"caption\":\"CMAP\"},\"image\":{\"@id\":\"https:\\\/\\\/www.cmap.be\\\/fr\\\/#\\\/schema\\\/logo\\\/image\\\/\"}}]}<\/script>\n<!-- \/ Yoast SEO plugin. -->","yoast_head_json":{"title":"L\u2019\u00e9quipe pluridisciplinaire du CMAP","description":"Rencontrez l\u2019\u00e9quipe pluridisciplinaire du CMAP : m\u00e9decins, psychologues, logop\u00e8des et param\u00e9dicaux sp\u00e9cialis\u00e9s en r\u00e9adaptation \u00e0 Bruxelles.","robots":{"index":"index","follow":"follow","max-snippet":"max-snippet:-1","max-image-preview":"max-image-preview:large","max-video-preview":"max-video-preview:-1"},"canonical":"https:\/\/www.cmap.be\/fr\/equipe\/","og_locale":"fr_FR","og_type":"article","og_title":"L\u2019\u00e9quipe pluridisciplinaire du CMAP","og_description":"Rencontrez l\u2019\u00e9quipe pluridisciplinaire du CMAP : m\u00e9decins, psychologues, logop\u00e8des et param\u00e9dicaux sp\u00e9cialis\u00e9s en r\u00e9adaptation \u00e0 Bruxelles.","og_url":"https:\/\/www.cmap.be\/fr\/equipe\/","og_site_name":"CMAP","article_modified_time":"2025-12-27T13:15:41+00:00","og_image":[{"width":1200,"height":675,"url":"https:\/\/www.cmap.be\/wp-content\/uploads\/2025\/08\/cmap-share.jpg","type":"image\/jpeg"}],"twitter_card":"summary_large_image","twitter_misc":{"Dur\u00e9e de lecture estim\u00e9e":"2 minutes"},"schema":{"@context":"https:\/\/schema.org","@graph":[{"@type":"WebPage","@id":"https:\/\/www.cmap.be\/fr\/equipe\/","url":"https:\/\/www.cmap.be\/fr\/equipe\/","name":"L\u2019\u00e9quipe pluridisciplinaire du CMAP","isPartOf":{"@id":"https:\/\/www.cmap.be\/fr\/#website"},"datePublished":"2025-06-07T17:10:13+00:00","dateModified":"2025-12-27T13:15:41+00:00","description":"Rencontrez l\u2019\u00e9quipe pluridisciplinaire du CMAP : m\u00e9decins, psychologues, logop\u00e8des et param\u00e9dicaux sp\u00e9cialis\u00e9s en r\u00e9adaptation \u00e0 Bruxelles.","breadcrumb":{"@id":"https:\/\/www.cmap.be\/fr\/equipe\/#breadcrumb"},"inLanguage":"fr-FR","potentialAction":[{"@type":"ReadAction","target":["https:\/\/www.cmap.be\/fr\/equipe\/"]}]},{"@type":"BreadcrumbList","@id":"https:\/\/www.cmap.be\/fr\/equipe\/#breadcrumb","itemListElement":[{"@type":"ListItem","position":1,"name":"Accueil","item":"https:\/\/www.cmap.be\/fr\/"},{"@type":"ListItem","position":2,"name":"\u00c9quipe"}]},{"@type":"WebSite","@id":"https:\/\/www.cmap.be\/fr\/#website","url":"https:\/\/www.cmap.be\/fr\/","name":"CMAP","description":"Centre M\u00e9dical d&#039;Audio-Phonologie","publisher":{"@id":"https:\/\/www.cmap.be\/fr\/#organization"},"potentialAction":[{"@type":"SearchAction","target":{"@type":"EntryPoint","urlTemplate":"https:\/\/www.cmap.be\/fr\/?s={search_term_string}"},"query-input":{"@type":"PropertyValueSpecification","valueRequired":true,"valueName":"search_term_string"}}],"inLanguage":"fr-FR"},{"@type":"Organization","@id":"https:\/\/www.cmap.be\/fr\/#organization","name":"CMAP","url":"https:\/\/www.cmap.be\/fr\/","logo":{"@type":"ImageObject","inLanguage":"fr-FR","@id":"https:\/\/www.cmap.be\/fr\/#\/schema\/logo\/image\/","url":"https:\/\/www.cmap.be\/wp-content\/uploads\/2025\/06\/cropped-sigle-CMAP.png","contentUrl":"https:\/\/www.cmap.be\/wp-content\/uploads\/2025\/06\/cropped-sigle-CMAP.png","width":512,"height":512,"caption":"CMAP"},"image":{"@id":"https:\/\/www.cmap.be\/fr\/#\/schema\/logo\/image\/"}}]}},"_links":{"self":[{"href":"https:\/\/www.cmap.be\/fr\/wp-json\/wp\/v2\/pages\/14","targetHints":{"allow":["GET"]}}],"collection":[{"href":"https:\/\/www.cmap.be\/fr\/wp-json\/wp\/v2\/pages"}],"about":[{"href":"https:\/\/www.cmap.be\/fr\/wp-json\/wp\/v2\/types\/page"}],"author":[{"embeddable":true,"href":"https:\/\/www.cmap.be\/fr\/wp-json\/wp\/v2\/users\/1"}],"replies":[{"embeddable":true,"href":"https:\/\/www.cmap.be\/fr\/wp-json\/wp\/v2\/comments?post=14"}],"version-history":[{"count":14,"href":"https:\/\/www.cmap.be\/fr\/wp-json\/wp\/v2\/pages\/14\/revisions"}],"predecessor-version":[{"id":694,"href":"https:\/\/www.cmap.be\/fr\/wp-json\/wp\/v2\/pages\/14\/revisions\/694"}],"wp:attachment":[{"href":"https:\/\/www.cmap.be\/fr\/wp-json\/wp\/v2\/media?parent=14"}],"curies":[{"name":"wp","href":"https:\/\/api.w.org\/{rel}","templated":true}]}}