{"id":16,"date":"2025-06-07T17:10:29","date_gmt":"2025-06-07T17:10:29","guid":{"rendered":"https:\/\/cmap.uni-vert.be\/?page_id=16"},"modified":"2025-12-27T13:28:00","modified_gmt":"2025-12-27T13:28:00","slug":"outils-therapeutiques","status":"publish","type":"page","link":"https:\/\/www.cmap.be\/fr\/outils-therapeutiques\/","title":{"rendered":"Outils th\u00e9rapeutiques"},"content":{"rendered":"<div class=\"wpb-content-wrapper\"><p>[vc_row padding_top_multiplier=\u00a0\u00bb3x\u00a0\u00bb padding_bottom_multiplier=\u00a0\u00bb3x\u00a0\u00bb][vc_column][vc_column_text css=\u00a0\u00bb\u00a0\u00bb text_style=\u00a0\u00bbleader-text\u00a0\u00bb animation_delay=\u00a0\u00bb200&Prime;]Au CMAP, nous utilisons une vari\u00e9t\u00e9 d\u2019outils adapt\u00e9s aux besoins de chacun\u2022e pour faciliter la communication, le langage, la compr\u00e9hension et les apprentissages. Ces outils sont s\u00e9lectionn\u00e9s en fonction du profil du patient, de ses capacit\u00e9s, et de son environnement.<\/p>\n<p>Nos approches combinent technologies num\u00e9riques, supports visuels, m\u00e9thodes corporelles et syst\u00e8mes alternatifs de communication.[\/vc_column_text][\/vc_column][\/vc_row][vc_row padding_top_multiplier=\u00a0\u00bb\u00a0\u00bb padding_bottom_multiplier=\u00a0\u00bb4x\u00a0\u00bb][vc_column][vc_row_inner equal_column_height=\u00a0\u00bbequal\u00a0\u00bb][vc_column_inner width=\u00a0\u00bb1\/3&Prime; rc_bg_type=\u00a0\u00bbcolor\u00a0\u00bb rc_add_shadow=\u00a0\u00bbsmall-shadow\u00a0\u00bb hover_animation=\u00a0\u00bbslide-up\u00a0\u00bb rc_bg_color=\u00a0\u00bb#FFFFFF\u00a0\u00bb grve_css=\u00a0\u00bb{\u00ab\u00a0desktop\u00ab\u00a0:{\u00ab\u00a0border-top-left-radius\u00ab\u00a0:\u00ab\u00a010px\u00ab\u00a0,\u00ab\u00a0border-top-right-radius\u00ab\u00a0:\u00ab\u00a010px\u00ab\u00a0,\u00ab\u00a0border-bottom-right-radius\u00ab\u00a0:\u00ab\u00a010px\u00ab\u00a0,\u00ab\u00a0border-bottom-left-radius\u00ab\u00a0:\u00ab\u00a010px\u00ab\u00a0,\u00ab\u00a0padding-top\u00ab\u00a0:\u00ab\u00a030px\u00ab\u00a0,\u00ab\u00a0padding-right\u00ab\u00a0:\u00ab\u00a030px\u00ab\u00a0,\u00ab\u00a0padding-bottom\u00ab\u00a0:\u00ab\u00a030px\u00ab\u00a0,\u00ab\u00a0padding-left\u00ab\u00a0:\u00ab\u00a030px\u00ab\u00a0,\u00ab\u00a0class\u00ab\u00a0:\u00ab\u00a0grve-wpb-1750846547041\u00ab\u00a0}}\u00a0\u00bb]<h3 class=\"grve-element grve-title grve-align-left grve-h5\"><span>La Langue Parl\u00e9e Compl\u00e9t\u00e9e (LPC)<\/span><\/h3>[\/vc_column_inner][vc_column_inner width=\u00a0\u00bb1\/3&Prime; rc_bg_type=\u00a0\u00bbcolor\u00a0\u00bb rc_add_shadow=\u00a0\u00bbsmall-shadow\u00a0\u00bb hover_animation=\u00a0\u00bbslide-up\u00a0\u00bb rc_bg_color=\u00a0\u00bb#FFFFFF\u00a0\u00bb grve_css=\u00a0\u00bb{\u00ab\u00a0desktop\u00ab\u00a0:{\u00ab\u00a0border-top-left-radius\u00ab\u00a0:\u00ab\u00a010px\u00ab\u00a0,\u00ab\u00a0border-top-right-radius\u00ab\u00a0:\u00ab\u00a010px\u00ab\u00a0,\u00ab\u00a0border-bottom-right-radius\u00ab\u00a0:\u00ab\u00a010px\u00ab\u00a0,\u00ab\u00a0border-bottom-left-radius\u00ab\u00a0:\u00ab\u00a010px\u00ab\u00a0,\u00ab\u00a0padding-top\u00ab\u00a0:\u00ab\u00a030px\u00ab\u00a0,\u00ab\u00a0padding-right\u00ab\u00a0:\u00ab\u00a030px\u00ab\u00a0,\u00ab\u00a0padding-bottom\u00ab\u00a0:\u00ab\u00a030px\u00ab\u00a0,\u00ab\u00a0padding-left\u00ab\u00a0:\u00ab\u00a030px\u00ab\u00a0,\u00ab\u00a0class\u00ab\u00a0:\u00ab\u00a0grve-wpb-1750846605365\u00ab\u00a0}}\u00a0\u00bb]<h3 class=\"grve-element grve-title grve-align-left grve-h5\"><span>La Langue des Signes de Belgique Francophone (LSFB)<\/span><\/h3>[\/vc_column_inner][vc_column_inner width=\u00a0\u00bb1\/3&Prime; rc_bg_type=\u00a0\u00bbcolor\u00a0\u00bb rc_add_shadow=\u00a0\u00bbsmall-shadow\u00a0\u00bb hover_animation=\u00a0\u00bbslide-up\u00a0\u00bb rc_bg_color=\u00a0\u00bb#FFFFFF\u00a0\u00bb grve_css=\u00a0\u00bb{\u00ab\u00a0desktop\u00ab\u00a0:{\u00ab\u00a0border-top-left-radius\u00ab\u00a0:\u00ab\u00a010px\u00ab\u00a0,\u00ab\u00a0border-top-right-radius\u00ab\u00a0:\u00ab\u00a010px\u00ab\u00a0,\u00ab\u00a0border-bottom-right-radius\u00ab\u00a0:\u00ab\u00a010px\u00ab\u00a0,\u00ab\u00a0border-bottom-left-radius\u00ab\u00a0:\u00ab\u00a010px\u00ab\u00a0,\u00ab\u00a0padding-top\u00ab\u00a0:\u00ab\u00a030px\u00ab\u00a0,\u00ab\u00a0padding-right\u00ab\u00a0:\u00ab\u00a030px\u00ab\u00a0,\u00ab\u00a0padding-bottom\u00ab\u00a0:\u00ab\u00a030px\u00ab\u00a0,\u00ab\u00a0padding-left\u00ab\u00a0:\u00ab\u00a030px\u00ab\u00a0,\u00ab\u00a0class\u00ab\u00a0:\u00ab\u00a0grve-wpb-1750846533360\u00ab\u00a0}}\u00a0\u00bb]<h3 class=\"grve-element grve-title grve-align-left grve-h5\"><span>Le fran\u00e7ais sign\u00e9<\/span><\/h3>[\/vc_column_inner][\/vc_row_inner]<div class=\"grve-empty-space grve-height-1x\"><\/div>[vc_row_inner equal_column_height=\u00a0\u00bbequal\u00a0\u00bb][vc_column_inner width=\u00a0\u00bb1\/3&Prime; rc_bg_type=\u00a0\u00bbcolor\u00a0\u00bb rc_add_shadow=\u00a0\u00bbsmall-shadow\u00a0\u00bb hover_animation=\u00a0\u00bbslide-up\u00a0\u00bb rc_bg_color=\u00a0\u00bb#FFFFFF\u00a0\u00bb grve_css=\u00a0\u00bb{\u00ab\u00a0desktop\u00ab\u00a0:{\u00ab\u00a0border-top-left-radius\u00ab\u00a0:\u00ab\u00a010px\u00ab\u00a0,\u00ab\u00a0border-top-right-radius\u00ab\u00a0:\u00ab\u00a010px\u00ab\u00a0,\u00ab\u00a0border-bottom-right-radius\u00ab\u00a0:\u00ab\u00a010px\u00ab\u00a0,\u00ab\u00a0border-bottom-left-radius\u00ab\u00a0:\u00ab\u00a010px\u00ab\u00a0,\u00ab\u00a0padding-top\u00ab\u00a0:\u00ab\u00a030px\u00ab\u00a0,\u00ab\u00a0padding-right\u00ab\u00a0:\u00ab\u00a030px\u00ab\u00a0,\u00ab\u00a0padding-bottom\u00ab\u00a0:\u00ab\u00a030px\u00ab\u00a0,\u00ab\u00a0padding-left\u00ab\u00a0:\u00ab\u00a030px\u00ab\u00a0,\u00ab\u00a0class\u00ab\u00a0:\u00ab\u00a0grve-wpb-1750846554122\u00ab\u00a0}}\u00a0\u00bb]<h3 class=\"grve-element grve-title grve-align-left grve-h5\"><span>La m\u00e9thode verbo-tonale\/langue en mouvement (rythme corporel et musical) et plancher vibrant<\/span><\/h3>[\/vc_column_inner][vc_column_inner width=\u00a0\u00bb1\/3&Prime; rc_bg_type=\u00a0\u00bbcolor\u00a0\u00bb rc_add_shadow=\u00a0\u00bbsmall-shadow\u00a0\u00bb hover_animation=\u00a0\u00bbslide-up\u00a0\u00bb rc_bg_color=\u00a0\u00bb#FFFFFF\u00a0\u00bb grve_css=\u00a0\u00bb{\u00ab\u00a0desktop\u00ab\u00a0:{\u00ab\u00a0border-top-left-radius\u00ab\u00a0:\u00ab\u00a010px\u00ab\u00a0,\u00ab\u00a0border-top-right-radius\u00ab\u00a0:\u00ab\u00a010px\u00ab\u00a0,\u00ab\u00a0border-bottom-right-radius\u00ab\u00a0:\u00ab\u00a010px\u00ab\u00a0,\u00ab\u00a0border-bottom-left-radius\u00ab\u00a0:\u00ab\u00a010px\u00ab\u00a0,\u00ab\u00a0padding-top\u00ab\u00a0:\u00ab\u00a030px\u00ab\u00a0,\u00ab\u00a0padding-right\u00ab\u00a0:\u00ab\u00a030px\u00ab\u00a0,\u00ab\u00a0padding-bottom\u00ab\u00a0:\u00ab\u00a015px\u00ab\u00a0,\u00ab\u00a0padding-left\u00ab\u00a0:\u00ab\u00a030px\u00ab\u00a0,\u00ab\u00a0class\u00ab\u00a0:\u00ab\u00a0grve-wpb-1750846618031\u00ab\u00a0}}\u00a0\u00bb]<h3 class=\"grve-element grve-title grve-align-left grve-h5\"><span>La Communication Alternative Augmentative (CAA)<\/span><\/h3>[vc_column_text css=\u00a0\u00bb\u00a0\u00bb]<\/p>\n<ul style=\"text-align: left !important;\">\n<li>Les pictogrammes<\/li>\n<li>Les cahiers de communication num\u00e9riques<\/li>\n<li>Les tableaux de langage assist\u00e9<\/li>\n<\/ul>\n<p>[\/vc_column_text][\/vc_column_inner][vc_column_inner width=\u00a0\u00bb1\/3&Prime; rc_bg_type=\u00a0\u00bbcolor\u00a0\u00bb rc_add_shadow=\u00a0\u00bbsmall-shadow\u00a0\u00bb hover_animation=\u00a0\u00bbslide-up\u00a0\u00bb rc_bg_color=\u00a0\u00bb#FFFFFF\u00a0\u00bb grve_css=\u00a0\u00bb{\u00ab\u00a0desktop\u00ab\u00a0:{\u00ab\u00a0border-top-left-radius\u00ab\u00a0:\u00ab\u00a010px\u00ab\u00a0,\u00ab\u00a0border-top-right-radius\u00ab\u00a0:\u00ab\u00a010px\u00ab\u00a0,\u00ab\u00a0border-bottom-right-radius\u00ab\u00a0:\u00ab\u00a010px\u00ab\u00a0,\u00ab\u00a0border-bottom-left-radius\u00ab\u00a0:\u00ab\u00a010px\u00ab\u00a0,\u00ab\u00a0padding-top\u00ab\u00a0:\u00ab\u00a030px\u00ab\u00a0,\u00ab\u00a0padding-right\u00ab\u00a0:\u00ab\u00a030px\u00ab\u00a0,\u00ab\u00a0padding-bottom\u00ab\u00a0:\u00ab\u00a030px\u00ab\u00a0,\u00ab\u00a0padding-left\u00ab\u00a0:\u00ab\u00a030px\u00ab\u00a0,\u00ab\u00a0class\u00ab\u00a0:\u00ab\u00a0grve-wpb-1750846569392\u00ab\u00a0}}\u00a0\u00bb]<h3 class=\"grve-element grve-title grve-align-left grve-h5\"><span>Les outils num\u00e9riques en langage \u00e9crit<\/span><\/h3>[vc_column_text css=\u00a0\u00bb\u00a0\u00bb]<\/p>\n<ul style=\"text-align: left !important;\">\n<li>Apprentissage du clavier cach\u00e9<\/li>\n<li>Mise en place de logiciels d\u2019aide \u00e0 la lecture et \u00e0 la production \u00e9crite.<\/li>\n<\/ul>\n<p>[\/vc_column_text][\/vc_column_inner][\/vc_row_inner][\/vc_column][\/vc_row][vc_row rc_heading_color=\u00a0\u00bbwhite\u00a0\u00bb rc_bg_type=\u00a0\u00bbcolor\u00a0\u00bb rc_bg_color=\u00a0\u00bb#213B88&Prime; rc_font_color=\u00a0\u00bb#FFFFFF\u00a0\u00bb][vc_column add_column_link=\u00a0\u00bbyes\u00a0\u00bb column_link=\u00a0\u00bburl:https%3A%2F%2Fyoutu.be%2FM4g3-Wy_abQ\u00a0\u00bb column_link_class=\u00a0\u00bbgrve-video-popup\u00a0\u00bb hover_animation=\u00a0\u00bbmagnetism\u00a0\u00bb]<div class=\"grve-element grve-box-icon grve-medium grve-side-icon grve-align-left grve-vertical-align-middle grve-layout-2\"><div class=\"grve-wrapper-icon grve-image-icon\"><div class=\"grve-thumbnail-wrapper\"  style=\"width: 195px;\"><div class=\"grve-thumbnail\"  style=\"padding-top: 51.282%;\"><img loading=\"lazy\" decoding=\"async\" width=\"195\" height=\"100\" src=\"https:\/\/www.cmap.be\/wp-content\/uploads\/2025\/12\/LSFB_play-video.png\" class=\"attachment-full size-full\" alt=\"\" srcset=\"https:\/\/www.cmap.be\/wp-content\/uploads\/2025\/12\/LSFB_play-video.png 1x,https:\/\/www.cmap.be\/wp-content\/uploads\/2025\/12\/LSFB_play-video@2x.png 2x\" data-column-space=\"auto\" data-lazyload=\"\" data-grve-filter=\"yes\" \/><\/div><\/div><\/div><div class=\"grve-box-content\"><h3 class=\"grve-box-title grve-h5\">D\u00e9couvrez ce contenu en langue des signes (LSFB)<\/h3><p class=\"\">Cette page est \u00e9galement disponible en langue des signes belge francophone (LSFB). Regardez la vid\u00e9o.<\/p><\/div><\/div>[\/vc_column][\/vc_row]<\/p>\n<\/div>","protected":false},"excerpt":{"rendered":"<p>[vc_row padding_top_multiplier=\u00a0\u00bb3x\u00a0\u00bb padding_bottom_multiplier=\u00a0\u00bb3x\u00a0\u00bb][vc_column][vc_column_text css=\u00a0\u00bb\u00a0\u00bb text_style=\u00a0\u00bbleader-text\u00a0\u00bb animation_delay=\u00a0\u00bb200&Prime;]Au CMAP, nous utilisons une vari\u00e9t\u00e9 d\u2019outils adapt\u00e9s aux besoins de chacun\u2022e pour faciliter la communication, le langage, la compr\u00e9hension et les apprentissages. Ces outils sont s\u00e9lectionn\u00e9s en fonction du profil du patient, de ses capacit\u00e9s, et de son environnement. Nos approches combinent technologies num\u00e9riques, supports visuels, m\u00e9thodes corporelles et [&hellip;]<\/p>\n","protected":false},"author":1,"featured_media":0,"parent":0,"menu_order":0,"comment_status":"closed","ping_status":"closed","template":"","meta":{"footnotes":""},"class_list":["post-16","page","type-page","status-publish","hentry","grve-entry-item"],"yoast_head":"<!-- This site is optimized with the Yoast SEO plugin v27.3 - https:\/\/yoast.com\/product\/yoast-seo-wordpress\/ -->\n<title>Outils th\u00e9rapeutiques - CMAP<\/title>\n<meta name=\"description\" content=\"D\u00e9couvrez les outils th\u00e9rapeutiques utilis\u00e9s au CMAP pour soutenir la communication, le langage et les apprentissages, selon les besoins de chacun\u00b7e.\" \/>\n<meta name=\"robots\" content=\"index, follow, max-snippet:-1, max-image-preview:large, max-video-preview:-1\" \/>\n<link rel=\"canonical\" href=\"https:\/\/www.cmap.be\/fr\/outils-therapeutiques\/\" \/>\n<meta property=\"og:locale\" content=\"fr_FR\" \/>\n<meta property=\"og:type\" content=\"article\" \/>\n<meta property=\"og:title\" content=\"Outils th\u00e9rapeutiques - CMAP\" \/>\n<meta property=\"og:description\" content=\"D\u00e9couvrez les outils th\u00e9rapeutiques utilis\u00e9s au CMAP pour soutenir la communication, le langage et les apprentissages, selon les besoins de chacun\u00b7e.\" \/>\n<meta property=\"og:url\" content=\"https:\/\/www.cmap.be\/fr\/outils-therapeutiques\/\" \/>\n<meta property=\"og:site_name\" content=\"CMAP\" \/>\n<meta property=\"article:modified_time\" content=\"2025-12-27T13:28:00+00:00\" \/>\n<meta property=\"og:image\" content=\"https:\/\/www.cmap.be\/wp-content\/uploads\/2025\/08\/cmap-share.jpg\" \/>\n\t<meta property=\"og:image:width\" content=\"1200\" \/>\n\t<meta property=\"og:image:height\" content=\"675\" \/>\n\t<meta property=\"og:image:type\" content=\"image\/jpeg\" \/>\n<meta name=\"twitter:card\" content=\"summary_large_image\" \/>\n<meta name=\"twitter:label1\" content=\"Dur\u00e9e de lecture estim\u00e9e\" \/>\n\t<meta name=\"twitter:data1\" content=\"2 minutes\" \/>\n<script type=\"application\/ld+json\" class=\"yoast-schema-graph\">{\"@context\":\"https:\\\/\\\/schema.org\",\"@graph\":[{\"@type\":\"WebPage\",\"@id\":\"https:\\\/\\\/www.cmap.be\\\/fr\\\/outils-therapeutiques\\\/\",\"url\":\"https:\\\/\\\/www.cmap.be\\\/fr\\\/outils-therapeutiques\\\/\",\"name\":\"Outils th\u00e9rapeutiques - CMAP\",\"isPartOf\":{\"@id\":\"https:\\\/\\\/www.cmap.be\\\/fr\\\/#website\"},\"datePublished\":\"2025-06-07T17:10:29+00:00\",\"dateModified\":\"2025-12-27T13:28:00+00:00\",\"description\":\"D\u00e9couvrez les outils th\u00e9rapeutiques utilis\u00e9s au CMAP pour soutenir la communication, le langage et les apprentissages, selon les besoins de chacun\u00b7e.\",\"breadcrumb\":{\"@id\":\"https:\\\/\\\/www.cmap.be\\\/fr\\\/outils-therapeutiques\\\/#breadcrumb\"},\"inLanguage\":\"fr-FR\",\"potentialAction\":[{\"@type\":\"ReadAction\",\"target\":[\"https:\\\/\\\/www.cmap.be\\\/fr\\\/outils-therapeutiques\\\/\"]}]},{\"@type\":\"BreadcrumbList\",\"@id\":\"https:\\\/\\\/www.cmap.be\\\/fr\\\/outils-therapeutiques\\\/#breadcrumb\",\"itemListElement\":[{\"@type\":\"ListItem\",\"position\":1,\"name\":\"Accueil\",\"item\":\"https:\\\/\\\/www.cmap.be\\\/fr\\\/\"},{\"@type\":\"ListItem\",\"position\":2,\"name\":\"Outils th\u00e9rapeutiques\"}]},{\"@type\":\"WebSite\",\"@id\":\"https:\\\/\\\/www.cmap.be\\\/fr\\\/#website\",\"url\":\"https:\\\/\\\/www.cmap.be\\\/fr\\\/\",\"name\":\"CMAP\",\"description\":\"Centre M\u00e9dical d&#039;Audio-Phonologie\",\"publisher\":{\"@id\":\"https:\\\/\\\/www.cmap.be\\\/fr\\\/#organization\"},\"potentialAction\":[{\"@type\":\"SearchAction\",\"target\":{\"@type\":\"EntryPoint\",\"urlTemplate\":\"https:\\\/\\\/www.cmap.be\\\/fr\\\/?s={search_term_string}\"},\"query-input\":{\"@type\":\"PropertyValueSpecification\",\"valueRequired\":true,\"valueName\":\"search_term_string\"}}],\"inLanguage\":\"fr-FR\"},{\"@type\":\"Organization\",\"@id\":\"https:\\\/\\\/www.cmap.be\\\/fr\\\/#organization\",\"name\":\"CMAP\",\"url\":\"https:\\\/\\\/www.cmap.be\\\/fr\\\/\",\"logo\":{\"@type\":\"ImageObject\",\"inLanguage\":\"fr-FR\",\"@id\":\"https:\\\/\\\/www.cmap.be\\\/fr\\\/#\\\/schema\\\/logo\\\/image\\\/\",\"url\":\"https:\\\/\\\/www.cmap.be\\\/wp-content\\\/uploads\\\/2025\\\/06\\\/cropped-sigle-CMAP.png\",\"contentUrl\":\"https:\\\/\\\/www.cmap.be\\\/wp-content\\\/uploads\\\/2025\\\/06\\\/cropped-sigle-CMAP.png\",\"width\":512,\"height\":512,\"caption\":\"CMAP\"},\"image\":{\"@id\":\"https:\\\/\\\/www.cmap.be\\\/fr\\\/#\\\/schema\\\/logo\\\/image\\\/\"}}]}<\/script>\n<!-- \/ Yoast SEO plugin. -->","yoast_head_json":{"title":"Outils th\u00e9rapeutiques - CMAP","description":"D\u00e9couvrez les outils th\u00e9rapeutiques utilis\u00e9s au CMAP pour soutenir la communication, le langage et les apprentissages, selon les besoins de chacun\u00b7e.","robots":{"index":"index","follow":"follow","max-snippet":"max-snippet:-1","max-image-preview":"max-image-preview:large","max-video-preview":"max-video-preview:-1"},"canonical":"https:\/\/www.cmap.be\/fr\/outils-therapeutiques\/","og_locale":"fr_FR","og_type":"article","og_title":"Outils th\u00e9rapeutiques - CMAP","og_description":"D\u00e9couvrez les outils th\u00e9rapeutiques utilis\u00e9s au CMAP pour soutenir la communication, le langage et les apprentissages, selon les besoins de chacun\u00b7e.","og_url":"https:\/\/www.cmap.be\/fr\/outils-therapeutiques\/","og_site_name":"CMAP","article_modified_time":"2025-12-27T13:28:00+00:00","og_image":[{"width":1200,"height":675,"url":"https:\/\/www.cmap.be\/wp-content\/uploads\/2025\/08\/cmap-share.jpg","type":"image\/jpeg"}],"twitter_card":"summary_large_image","twitter_misc":{"Dur\u00e9e de lecture estim\u00e9e":"2 minutes"},"schema":{"@context":"https:\/\/schema.org","@graph":[{"@type":"WebPage","@id":"https:\/\/www.cmap.be\/fr\/outils-therapeutiques\/","url":"https:\/\/www.cmap.be\/fr\/outils-therapeutiques\/","name":"Outils th\u00e9rapeutiques - CMAP","isPartOf":{"@id":"https:\/\/www.cmap.be\/fr\/#website"},"datePublished":"2025-06-07T17:10:29+00:00","dateModified":"2025-12-27T13:28:00+00:00","description":"D\u00e9couvrez les outils th\u00e9rapeutiques utilis\u00e9s au CMAP pour soutenir la communication, le langage et les apprentissages, selon les besoins de chacun\u00b7e.","breadcrumb":{"@id":"https:\/\/www.cmap.be\/fr\/outils-therapeutiques\/#breadcrumb"},"inLanguage":"fr-FR","potentialAction":[{"@type":"ReadAction","target":["https:\/\/www.cmap.be\/fr\/outils-therapeutiques\/"]}]},{"@type":"BreadcrumbList","@id":"https:\/\/www.cmap.be\/fr\/outils-therapeutiques\/#breadcrumb","itemListElement":[{"@type":"ListItem","position":1,"name":"Accueil","item":"https:\/\/www.cmap.be\/fr\/"},{"@type":"ListItem","position":2,"name":"Outils th\u00e9rapeutiques"}]},{"@type":"WebSite","@id":"https:\/\/www.cmap.be\/fr\/#website","url":"https:\/\/www.cmap.be\/fr\/","name":"CMAP","description":"Centre M\u00e9dical d&#039;Audio-Phonologie","publisher":{"@id":"https:\/\/www.cmap.be\/fr\/#organization"},"potentialAction":[{"@type":"SearchAction","target":{"@type":"EntryPoint","urlTemplate":"https:\/\/www.cmap.be\/fr\/?s={search_term_string}"},"query-input":{"@type":"PropertyValueSpecification","valueRequired":true,"valueName":"search_term_string"}}],"inLanguage":"fr-FR"},{"@type":"Organization","@id":"https:\/\/www.cmap.be\/fr\/#organization","name":"CMAP","url":"https:\/\/www.cmap.be\/fr\/","logo":{"@type":"ImageObject","inLanguage":"fr-FR","@id":"https:\/\/www.cmap.be\/fr\/#\/schema\/logo\/image\/","url":"https:\/\/www.cmap.be\/wp-content\/uploads\/2025\/06\/cropped-sigle-CMAP.png","contentUrl":"https:\/\/www.cmap.be\/wp-content\/uploads\/2025\/06\/cropped-sigle-CMAP.png","width":512,"height":512,"caption":"CMAP"},"image":{"@id":"https:\/\/www.cmap.be\/fr\/#\/schema\/logo\/image\/"}}]}},"_links":{"self":[{"href":"https:\/\/www.cmap.be\/fr\/wp-json\/wp\/v2\/pages\/16","targetHints":{"allow":["GET"]}}],"collection":[{"href":"https:\/\/www.cmap.be\/fr\/wp-json\/wp\/v2\/pages"}],"about":[{"href":"https:\/\/www.cmap.be\/fr\/wp-json\/wp\/v2\/types\/page"}],"author":[{"embeddable":true,"href":"https:\/\/www.cmap.be\/fr\/wp-json\/wp\/v2\/users\/1"}],"replies":[{"embeddable":true,"href":"https:\/\/www.cmap.be\/fr\/wp-json\/wp\/v2\/comments?post=16"}],"version-history":[{"count":18,"href":"https:\/\/www.cmap.be\/fr\/wp-json\/wp\/v2\/pages\/16\/revisions"}],"predecessor-version":[{"id":702,"href":"https:\/\/www.cmap.be\/fr\/wp-json\/wp\/v2\/pages\/16\/revisions\/702"}],"wp:attachment":[{"href":"https:\/\/www.cmap.be\/fr\/wp-json\/wp\/v2\/media?parent=16"}],"curies":[{"name":"wp","href":"https:\/\/api.w.org\/{rel}","templated":true}]}}