{"id":20,"date":"2025-06-07T17:11:02","date_gmt":"2025-06-07T17:11:02","guid":{"rendered":"https:\/\/cmap.uni-vert.be\/?page_id=20"},"modified":"2026-04-08T17:48:36","modified_gmt":"2026-04-08T17:48:36","slug":"contact","status":"publish","type":"page","link":"https:\/\/www.cmap.be\/fr\/contact\/","title":{"rendered":"Contact"},"content":{"rendered":"<div class=\"wpb-content-wrapper\"><p>[vc_row height_ratio=\u00a0\u00bb50&Prime; rc_bg_type=\u00a0\u00bbimage\u00a0\u00bb rc_bg_image=\u00a0\u00bb205&Prime; rc_bg_image_type=\u00a0\u00bbparallax\u00a0\u00bb rc_bg_color_overlay=\u00a0\u00bbprimary-3&Prime; rc_bg_opacity_overlay=\u00a0\u00bb50&Prime;][vc_column width=\u00a0\u00bb1\/6&Prime;][\/vc_column][vc_column width=\u00a0\u00bb2\/3&Prime; vertical_content_position=\u00a0\u00bbmiddle\u00a0\u00bb text_align=\u00a0\u00bbcenter\u00a0\u00bb]<h3 class=\"grve-element grve-title grve-align-inherit grve-subtitle-text grve-text-white\"><span>Rendez-nous visite<\/span><\/h3><h3 class=\"grve-element grve-title grve-align-inherit grve-h3 grve-text-white\"><span>Contactez notre Centre de R\u00e9adaptation Fonctionnelle Ambulatoire \u00e0 Bruxelles<\/span><\/h3>[\/vc_column][vc_column width=\u00a0\u00bb1\/6&Prime;][\/vc_column][\/vc_row][vc_row padding_top_multiplier=\u00a0\u00bb3x\u00a0\u00bb padding_bottom_multiplier=\u00a0\u00bb3x\u00a0\u00bb mobile_columns_vertical_gap=\u00a0\u00bbnone\u00a0\u00bb][vc_column][vc_column_text css=\u00a0\u00bb\u00a0\u00bb text_style=\u00a0\u00bbleader-text\u00a0\u00bb]Vous souhaitez prendre rendez-vous, poser une question ou obtenir des informations sur nos services ? L\u2019\u00e9quipe du CMAP vous accueille avec bienveillance et professionnalisme. Nous sommes \u00e0 votre \u00e9coute pour vous accompagner ou vous orienter dans votre d\u00e9marche.[\/vc_column_text][\/vc_column][\/vc_row][vc_row padding_top_multiplier=\u00a0\u00bb\u00a0\u00bb padding_bottom_multiplier=\u00a0\u00bb2x\u00a0\u00bb columns_gap=\u00a0\u00bb20&Prime;][vc_column width=\u00a0\u00bb1\/4&Prime; tablet_width=\u00a0\u00bb1-2&Prime; tablet_sm_width=\u00a0\u00bb1-2&Prime;]<h3 class=\"grve-element grve-title grve-align-inherit grve-h6\" style=\"margin-bottom: 18px;\"><span>Adresse &amp; Horaires<\/span><\/h3><div class=\"grve-element grve-box-icon grve-small grve-side-icon grve-align-left grve-vertical-align-middle grve-layout-1\"><div class=\"grve-box-title-wrapper\"><div class=\"grve-wrapper-icon\" style=\"\"><span class=\"grve-box-icon smp-icon-location-pin grve-text-primary-2\"><\/span><\/div><div class=\"grve-box-title grve-body-text\">Rue de Lusambo 35-39<br \/>\n1190 Forest (Bruxelles)<\/div><\/div><\/div><div style=\"height: 15px;\" class=\"grve-empty-space\"><\/div><div class=\"grve-element grve-box-icon grve-small grve-side-icon grve-align-left grve-vertical-align-middle grve-layout-1\"><div class=\"grve-box-title-wrapper\"><div class=\"grve-wrapper-icon\" style=\"\"><span class=\"grve-box-icon smp-icon-clock grve-text-primary-2\"><\/span><\/div><div class=\"grve-box-title grve-body-text\">Lun &gt; Ven\u2009: 8h30-12h30 et 13h30-18h<\/div><\/div><\/div>[\/vc_column][vc_column width=\u00a0\u00bb1\/4&Prime; tablet_width=\u00a0\u00bb1-2&Prime; tablet_sm_width=\u00a0\u00bb1-2&Prime;]<h3 class=\"grve-element grve-title grve-align-inherit grve-h6\" style=\"margin-bottom: 18px;\"><span>Transports en commun<\/span><\/h3>[vc_raw_html css=\u00a0\u00bb\u00a0\u00bb]JTNDZGl2JTIwY2xhc3MlM0QlMjJsaW5lLWluZm8lMjIlM0UlMEElM0NzcGFuJTIwY2xhc3MlM0QlMjJsaW5lLXR5cGUlMjIlM0VCJTNDJTJGc3BhbiUzRSUwQSUzQ2RpdiUyMGNsYXNzJTNEJTIybGluZS1udW1iZXItd3JhcHBlciUyMiUzRSUzQ3NwYW4lMjBjbGFzcyUzRCUyMmxpbmUtbnVtYmVyJTIyJTNFNTAlM0MlMkZzcGFuJTNFJTIwQXJyJUMzJUFBdCUyME5lZXJzdGFsbGUlM0MlMkZkaXYlM0UlM0MlMkZkaXYlM0U=[\/vc_raw_html]<div style=\"height: 15px;\" class=\"grve-empty-space\"><\/div>[vc_raw_html css=\u00a0\u00bb\u00a0\u00bb]JTNDZGl2JTIwY2xhc3MlM0QlMjJsaW5lLWluZm8lMjIlM0UlMEElM0NzcGFuJTIwY2xhc3MlM0QlMjJsaW5lLXR5cGUlMjIlM0VUJTNDJTJGc3BhbiUzRSUwQSUzQ2RpdiUyMGNsYXNzJTNEJTIybGluZS1udW1iZXItd3JhcHBlciUyMiUzRSUzQ3NwYW4lMjBjbGFzcyUzRCUyMmxpbmUtbnVtYmVyJTIyJTNFODIlM0MlMkZzcGFuJTNFJTIwJTNDc3BhbiUyMGNsYXNzJTNEJTIybGluZS1udW1iZXIlMjIlM0U5NyUzQyUyRnNwYW4lM0UlMjBBcnIlQzMlQUF0JTIwTmVlcnN0YWxsZSUzQyUyRmRpdiUzRSUzQyUyRmRpdiUzRSUwQSUzQ2RpdiUyMGNsYXNzJTNEJTIybGluZS1pbmZvJTIyJTNFJTNDZGl2JTIwY2xhc3MlM0QlMjJsaW5lLW51bWJlci13cmFwcGVyJTIyJTIwc3R5bGUlM0QlMjJtYXJnaW4tdG9wJTNBMTBweCUzQiUyMG1hcmdpbi1sZWZ0JTNBJTIwNDBweCUzQiUyMiUzRSUzQ3NwYW4lMjBjbGFzcyUzRCUyMmxpbmUtbnVtYmVyJTIyJTNFNCUzQyUyRnNwYW4lM0UlMjBBcnIlQzMlQUF0JTIwU3RhbGxlJTNDJTJGZGl2JTNFJTBBJTNDJTJGZGl2JTNF[\/vc_raw_html]<div class=\"grve-empty-space grve-height-1x\"><\/div>[\/vc_column][vc_column width=\u00a0\u00bb1\/4&Prime; tablet_width=\u00a0\u00bb1-2&Prime; tablet_sm_width=\u00a0\u00bb1-2&Prime;]<h3 class=\"grve-element grve-title grve-align-inherit grve-h6\" style=\"margin-bottom: 18px;\"><span>Voiture<\/span><\/h3>[vc_raw_html css=\u00a0\u00bb\u00a0\u00bb]JTNDZGl2JTIwY2xhc3MlM0QlMjJsaW5lLWluZm8lMjIlM0UlMEElM0NzcGFuJTIwY2xhc3MlM0QlMjJsaW5lLXR5cGUlMjIlM0VSMCUzQyUyRnNwYW4lM0UlMEElM0NkaXYlMjBjbGFzcyUzRCUyMmxpbmUtbnVtYmVyLXdyYXBwZXIlMjIlM0UlM0NzcGFuJTIwY2xhc3MlM0QlMjJsaW5lLW51bWJlciUyMiUzRTE4JTNDJTJGc3BhbiUzRSUyMFVjY2xlJTNDYnIlM0VEcm9nZW5ib3MlMkZSdWlzYnJvZWslM0MlMkZkaXYlM0UlM0MlMkZkaXYlM0U=[\/vc_raw_html][\/vc_column][vc_column width=\u00a0\u00bb1\/4&Prime; tablet_width=\u00a0\u00bb1-2&Prime; tablet_sm_width=\u00a0\u00bb1-2&Prime;]<h3 class=\"grve-element grve-title grve-align-inherit grve-h6\" style=\"margin-bottom: 18px;\"><span>Coordonn\u00e9es<\/span><\/h3><div class=\"grve-element grve-box-icon grve-small grve-side-icon grve-align-left grve-vertical-align-middle grve-layout-1\"><a href=\"tel:+32023323323\"><div class=\"grve-box-title-wrapper\"><div class=\"grve-wrapper-icon\" style=\"\"><span class=\"grve-box-icon smp-icon-phone grve-text-primary-2\"><\/span><\/div><div class=\"grve-box-title grve-body-text\">02 332 33 23<\/div><\/div><\/a><\/div><div style=\"height: 15px;\" class=\"grve-empty-space\"><\/div><div class=\"grve-element grve-box-icon grve-small grve-side-icon grve-align-left grve-vertical-align-middle grve-layout-1\"><a href=\"#contact-fr\"><div class=\"grve-box-title-wrapper\"><div class=\"grve-wrapper-icon\" style=\"\"><span class=\"grve-box-icon smp-icon-envelope grve-text-primary-2\"><\/span><\/div><div class=\"grve-box-title grve-body-text\">\u00c9crivez-nous<\/div><\/div><\/a><\/div><div style=\"height: 15px;\" class=\"grve-empty-space\"><\/div>[vc_raw_html css=\u00a0\u00bb\u00a0\u00bb]JTNDZGl2JTIwY2xhc3MlM0QlMjJsaW5lLWluZm8lMjIlM0UlMEElM0NzcGFuJTIwY2xhc3MlM0QlMjJncnZlLXRleHQtcHJpbWFyeS0yJTIyJTNFVFZBJTNDJTJGc3BhbiUzRSUwQSUzQ2RpdiUyMGNsYXNzJTNEJTIybGluZS1udW1iZXItd3JhcHBlciUyMiUzRTQwOSUyMDQxMyUyMDczOSUzQyUyRmRpdiUzRSUzQyUyRmRpdiUzRSUwQSUzQ2RpdiUyMGNsYXNzJTNEJTIybGluZS1pbmZvJTIyJTNFJTBBJTNDc3BhbiUyMGNsYXNzJTNEJTIyZ3J2ZS10ZXh0LXByaW1hcnktMiUyMiUzRUlCQU4lM0MlMkZzcGFuJTNFJTBBJTNDZGl2JTIwY2xhc3MlM0QlMjJsaW5lLW51bWJlci13cmFwcGVyJTIyJTNFQkUzMSUyMDA2ODIlMjAxMDc3JTIwNDE1NSUzQyUyRmRpdiUzRSUzQyUyRmRpdiUzRSUwQSUzQ2RpdiUyMGNsYXNzJTNEJTIybGluZS1pbmZvJTIyJTNFJTBBJTNDc3BhbiUyMGNsYXNzJTNEJTIyZ3J2ZS10ZXh0LXByaW1hcnktMiUyMiUzRUJJQyUzQyUyRnNwYW4lM0UlMEElM0NkaXYlMjBjbGFzcyUzRCUyMmxpbmUtbnVtYmVyLXdyYXBwZXIlMjIlM0VHS0NDJTIwQkUlMjBCQiUzQyUyRmRpdiUzRSUzQyUyRmRpdiUzRQ==[\/vc_raw_html][\/vc_column][\/vc_row][vc_row section_type=\u00a0\u00bbfullwidth\u00a0\u00bb padding_top_multiplier=\u00a0\u00bb\u00a0\u00bb padding_bottom_multiplier=\u00a0\u00bb\u00a0\u00bb][vc_column]<div class=\"grve-map-wrapper\"><div class=\"grve-element grve-map\" style=\"height: 280px;\" data-lat=\"50.80074933101311\" data-lng=\"4.315351896884105\" data-zoom=\"16\" data-disable-style=\"no\"><\/div><div style=\"display:none\" class=\"grve-map-point\" data-point-marker=\"\/\/www.cmap.be\/wp-content\/themes\/impeka\/images\/markers\/transparent.png\" data-point-lat=\"50.80074933101311\" data-point-lng=\"4.315351896884105\" data-point-title=\"\" data-point-type=\"pulse-dot\" data-point-bg-color=\"primary-2\"><\/div><\/div>[\/vc_column][\/vc_row][vc_row rc_heading_color=\u00a0\u00bbwhite\u00a0\u00bb rc_bg_type=\u00a0\u00bbcolor\u00a0\u00bb rc_bg_color=\u00a0\u00bb#213B88&Prime; rc_font_color=\u00a0\u00bb#FFFFFF\u00a0\u00bb][vc_column add_column_link=\u00a0\u00bbyes\u00a0\u00bb column_link=\u00a0\u00bburl:https%3A%2F%2Fyoutu.be%2F9klWCv_yWMQ\u00a0\u00bb column_link_class=\u00a0\u00bbgrve-video-popup\u00a0\u00bb hover_animation=\u00a0\u00bbmagnetism\u00a0\u00bb]<div class=\"grve-element grve-box-icon grve-medium grve-side-icon grve-align-left grve-vertical-align-middle grve-layout-2\"><div class=\"grve-wrapper-icon grve-image-icon\"><div class=\"grve-thumbnail-wrapper\"  style=\"width: 195px;\"><div class=\"grve-thumbnail\"  style=\"padding-top: 51.282%;\"><img loading=\"lazy\" decoding=\"async\" width=\"195\" height=\"100\" src=\"https:\/\/www.cmap.be\/wp-content\/uploads\/2025\/12\/LSFB_play-video.png\" class=\"attachment-full size-full\" alt=\"\" srcset=\"https:\/\/www.cmap.be\/wp-content\/uploads\/2025\/12\/LSFB_play-video.png 1x,https:\/\/www.cmap.be\/wp-content\/uploads\/2025\/12\/LSFB_play-video@2x.png 2x\" data-column-space=\"auto\" data-lazyload=\"\" data-grve-filter=\"yes\" \/><\/div><\/div><\/div><div class=\"grve-box-content\"><h3 class=\"grve-box-title grve-h5\">D\u00e9couvrez ce contenu en langue des signes (LSFB)<\/h3><p class=\"\">Cette page est \u00e9galement disponible en langue des signes belge francophone (LSFB). Regardez la vid\u00e9o.<\/p><\/div><\/div>[\/vc_column][\/vc_row]<\/p>\n<\/div>","protected":false},"excerpt":{"rendered":"<p>[vc_row height_ratio=\u00a0\u00bb50&Prime; rc_bg_type=\u00a0\u00bbimage\u00a0\u00bb rc_bg_image=\u00a0\u00bb205&Prime; rc_bg_image_type=\u00a0\u00bbparallax\u00a0\u00bb rc_bg_color_overlay=\u00a0\u00bbprimary-3&Prime; rc_bg_opacity_overlay=\u00a0\u00bb50&Prime;][vc_column width=\u00a0\u00bb1\/6&Prime;][\/vc_column][vc_column width=\u00a0\u00bb2\/3&Prime; vertical_content_position=\u00a0\u00bbmiddle\u00a0\u00bb text_align=\u00a0\u00bbcenter\u00a0\u00bb][\/vc_column][vc_column width=\u00a0\u00bb1\/6&Prime;][\/vc_column][\/vc_row][vc_row padding_top_multiplier=\u00a0\u00bb3x\u00a0\u00bb padding_bottom_multiplier=\u00a0\u00bb3x\u00a0\u00bb mobile_columns_vertical_gap=\u00a0\u00bbnone\u00a0\u00bb][vc_column][vc_column_text css=\u00a0\u00bb\u00a0\u00bb text_style=\u00a0\u00bbleader-text\u00a0\u00bb]Vous souhaitez prendre rendez-vous, poser une question ou obtenir des informations sur nos services ? L\u2019\u00e9quipe du CMAP vous accueille avec bienveillance et professionnalisme. Nous sommes \u00e0 votre \u00e9coute pour vous accompagner ou vous orienter dans votre d\u00e9marche.[\/vc_column_text][\/vc_column][\/vc_row][vc_row padding_top_multiplier=\u00a0\u00bb\u00a0\u00bb [&hellip;]<\/p>\n","protected":false},"author":1,"featured_media":0,"parent":0,"menu_order":0,"comment_status":"closed","ping_status":"closed","template":"","meta":{"footnotes":""},"class_list":["post-20","page","type-page","status-publish","hentry","grve-entry-item"],"yoast_head":"<!-- This site is optimized with the Yoast SEO plugin v27.3 - https:\/\/yoast.com\/product\/yoast-seo-wordpress\/ -->\n<title>Prenez contact avec le CMAP<\/title>\n<meta name=\"description\" content=\"L\u2019\u00e9quipe du CMAP vous accueille avec bienveillance et professionnalisme, \u00e0 votre \u00e9coute pour vous accompagner. Prenez contact d\u00e8s maintenant.\" \/>\n<meta name=\"robots\" content=\"index, follow, max-snippet:-1, max-image-preview:large, max-video-preview:-1\" \/>\n<link rel=\"canonical\" href=\"https:\/\/www.cmap.be\/fr\/contact\/\" \/>\n<meta property=\"og:locale\" content=\"fr_FR\" \/>\n<meta property=\"og:type\" content=\"article\" \/>\n<meta property=\"og:title\" content=\"Prenez contact avec le CMAP\" \/>\n<meta property=\"og:description\" content=\"L\u2019\u00e9quipe du CMAP vous accueille avec bienveillance et professionnalisme, \u00e0 votre \u00e9coute pour vous accompagner. Prenez contact d\u00e8s maintenant.\" \/>\n<meta property=\"og:url\" content=\"https:\/\/www.cmap.be\/fr\/contact\/\" \/>\n<meta property=\"og:site_name\" content=\"CMAP\" \/>\n<meta property=\"article:modified_time\" content=\"2026-04-08T17:48:36+00:00\" \/>\n<meta property=\"og:image\" content=\"https:\/\/www.cmap.be\/wp-content\/uploads\/2025\/08\/cmap-share.jpg\" \/>\n\t<meta property=\"og:image:width\" content=\"1200\" \/>\n\t<meta property=\"og:image:height\" content=\"675\" \/>\n\t<meta property=\"og:image:type\" content=\"image\/jpeg\" \/>\n<meta name=\"twitter:card\" content=\"summary_large_image\" \/>\n<meta name=\"twitter:label1\" content=\"Dur\u00e9e de lecture estim\u00e9e\" \/>\n\t<meta name=\"twitter:data1\" content=\"2 minutes\" \/>\n<script type=\"application\/ld+json\" class=\"yoast-schema-graph\">{\"@context\":\"https:\\\/\\\/schema.org\",\"@graph\":[{\"@type\":\"WebPage\",\"@id\":\"https:\\\/\\\/www.cmap.be\\\/fr\\\/contact\\\/\",\"url\":\"https:\\\/\\\/www.cmap.be\\\/fr\\\/contact\\\/\",\"name\":\"Prenez contact avec le CMAP\",\"isPartOf\":{\"@id\":\"https:\\\/\\\/www.cmap.be\\\/fr\\\/#website\"},\"datePublished\":\"2025-06-07T17:11:02+00:00\",\"dateModified\":\"2026-04-08T17:48:36+00:00\",\"description\":\"L\u2019\u00e9quipe du CMAP vous accueille avec bienveillance et professionnalisme, \u00e0 votre \u00e9coute pour vous accompagner. Prenez contact d\u00e8s maintenant.\",\"breadcrumb\":{\"@id\":\"https:\\\/\\\/www.cmap.be\\\/fr\\\/contact\\\/#breadcrumb\"},\"inLanguage\":\"fr-FR\",\"potentialAction\":[{\"@type\":\"ReadAction\",\"target\":[\"https:\\\/\\\/www.cmap.be\\\/fr\\\/contact\\\/\"]}]},{\"@type\":\"BreadcrumbList\",\"@id\":\"https:\\\/\\\/www.cmap.be\\\/fr\\\/contact\\\/#breadcrumb\",\"itemListElement\":[{\"@type\":\"ListItem\",\"position\":1,\"name\":\"Accueil\",\"item\":\"https:\\\/\\\/www.cmap.be\\\/fr\\\/\"},{\"@type\":\"ListItem\",\"position\":2,\"name\":\"Contact\"}]},{\"@type\":\"WebSite\",\"@id\":\"https:\\\/\\\/www.cmap.be\\\/fr\\\/#website\",\"url\":\"https:\\\/\\\/www.cmap.be\\\/fr\\\/\",\"name\":\"CMAP\",\"description\":\"Centre M\u00e9dical d&#039;Audio-Phonologie\",\"publisher\":{\"@id\":\"https:\\\/\\\/www.cmap.be\\\/fr\\\/#organization\"},\"potentialAction\":[{\"@type\":\"SearchAction\",\"target\":{\"@type\":\"EntryPoint\",\"urlTemplate\":\"https:\\\/\\\/www.cmap.be\\\/fr\\\/?s={search_term_string}\"},\"query-input\":{\"@type\":\"PropertyValueSpecification\",\"valueRequired\":true,\"valueName\":\"search_term_string\"}}],\"inLanguage\":\"fr-FR\"},{\"@type\":\"Organization\",\"@id\":\"https:\\\/\\\/www.cmap.be\\\/fr\\\/#organization\",\"name\":\"CMAP\",\"url\":\"https:\\\/\\\/www.cmap.be\\\/fr\\\/\",\"logo\":{\"@type\":\"ImageObject\",\"inLanguage\":\"fr-FR\",\"@id\":\"https:\\\/\\\/www.cmap.be\\\/fr\\\/#\\\/schema\\\/logo\\\/image\\\/\",\"url\":\"https:\\\/\\\/www.cmap.be\\\/wp-content\\\/uploads\\\/2025\\\/06\\\/cropped-sigle-CMAP.png\",\"contentUrl\":\"https:\\\/\\\/www.cmap.be\\\/wp-content\\\/uploads\\\/2025\\\/06\\\/cropped-sigle-CMAP.png\",\"width\":512,\"height\":512,\"caption\":\"CMAP\"},\"image\":{\"@id\":\"https:\\\/\\\/www.cmap.be\\\/fr\\\/#\\\/schema\\\/logo\\\/image\\\/\"}}]}<\/script>\n<!-- \/ Yoast SEO plugin. -->","yoast_head_json":{"title":"Prenez contact avec le CMAP","description":"L\u2019\u00e9quipe du CMAP vous accueille avec bienveillance et professionnalisme, \u00e0 votre \u00e9coute pour vous accompagner. Prenez contact d\u00e8s maintenant.","robots":{"index":"index","follow":"follow","max-snippet":"max-snippet:-1","max-image-preview":"max-image-preview:large","max-video-preview":"max-video-preview:-1"},"canonical":"https:\/\/www.cmap.be\/fr\/contact\/","og_locale":"fr_FR","og_type":"article","og_title":"Prenez contact avec le CMAP","og_description":"L\u2019\u00e9quipe du CMAP vous accueille avec bienveillance et professionnalisme, \u00e0 votre \u00e9coute pour vous accompagner. Prenez contact d\u00e8s maintenant.","og_url":"https:\/\/www.cmap.be\/fr\/contact\/","og_site_name":"CMAP","article_modified_time":"2026-04-08T17:48:36+00:00","og_image":[{"width":1200,"height":675,"url":"https:\/\/www.cmap.be\/wp-content\/uploads\/2025\/08\/cmap-share.jpg","type":"image\/jpeg"}],"twitter_card":"summary_large_image","twitter_misc":{"Dur\u00e9e de lecture estim\u00e9e":"2 minutes"},"schema":{"@context":"https:\/\/schema.org","@graph":[{"@type":"WebPage","@id":"https:\/\/www.cmap.be\/fr\/contact\/","url":"https:\/\/www.cmap.be\/fr\/contact\/","name":"Prenez contact avec le CMAP","isPartOf":{"@id":"https:\/\/www.cmap.be\/fr\/#website"},"datePublished":"2025-06-07T17:11:02+00:00","dateModified":"2026-04-08T17:48:36+00:00","description":"L\u2019\u00e9quipe du CMAP vous accueille avec bienveillance et professionnalisme, \u00e0 votre \u00e9coute pour vous accompagner. Prenez contact d\u00e8s maintenant.","breadcrumb":{"@id":"https:\/\/www.cmap.be\/fr\/contact\/#breadcrumb"},"inLanguage":"fr-FR","potentialAction":[{"@type":"ReadAction","target":["https:\/\/www.cmap.be\/fr\/contact\/"]}]},{"@type":"BreadcrumbList","@id":"https:\/\/www.cmap.be\/fr\/contact\/#breadcrumb","itemListElement":[{"@type":"ListItem","position":1,"name":"Accueil","item":"https:\/\/www.cmap.be\/fr\/"},{"@type":"ListItem","position":2,"name":"Contact"}]},{"@type":"WebSite","@id":"https:\/\/www.cmap.be\/fr\/#website","url":"https:\/\/www.cmap.be\/fr\/","name":"CMAP","description":"Centre M\u00e9dical d&#039;Audio-Phonologie","publisher":{"@id":"https:\/\/www.cmap.be\/fr\/#organization"},"potentialAction":[{"@type":"SearchAction","target":{"@type":"EntryPoint","urlTemplate":"https:\/\/www.cmap.be\/fr\/?s={search_term_string}"},"query-input":{"@type":"PropertyValueSpecification","valueRequired":true,"valueName":"search_term_string"}}],"inLanguage":"fr-FR"},{"@type":"Organization","@id":"https:\/\/www.cmap.be\/fr\/#organization","name":"CMAP","url":"https:\/\/www.cmap.be\/fr\/","logo":{"@type":"ImageObject","inLanguage":"fr-FR","@id":"https:\/\/www.cmap.be\/fr\/#\/schema\/logo\/image\/","url":"https:\/\/www.cmap.be\/wp-content\/uploads\/2025\/06\/cropped-sigle-CMAP.png","contentUrl":"https:\/\/www.cmap.be\/wp-content\/uploads\/2025\/06\/cropped-sigle-CMAP.png","width":512,"height":512,"caption":"CMAP"},"image":{"@id":"https:\/\/www.cmap.be\/fr\/#\/schema\/logo\/image\/"}}]}},"_links":{"self":[{"href":"https:\/\/www.cmap.be\/fr\/wp-json\/wp\/v2\/pages\/20","targetHints":{"allow":["GET"]}}],"collection":[{"href":"https:\/\/www.cmap.be\/fr\/wp-json\/wp\/v2\/pages"}],"about":[{"href":"https:\/\/www.cmap.be\/fr\/wp-json\/wp\/v2\/types\/page"}],"author":[{"embeddable":true,"href":"https:\/\/www.cmap.be\/fr\/wp-json\/wp\/v2\/users\/1"}],"replies":[{"embeddable":true,"href":"https:\/\/www.cmap.be\/fr\/wp-json\/wp\/v2\/comments?post=20"}],"version-history":[{"count":15,"href":"https:\/\/www.cmap.be\/fr\/wp-json\/wp\/v2\/pages\/20\/revisions"}],"predecessor-version":[{"id":722,"href":"https:\/\/www.cmap.be\/fr\/wp-json\/wp\/v2\/pages\/20\/revisions\/722"}],"wp:attachment":[{"href":"https:\/\/www.cmap.be\/fr\/wp-json\/wp\/v2\/media?parent=20"}],"curies":[{"name":"wp","href":"https:\/\/api.w.org\/{rel}","templated":true}]}}