{"id":241,"date":"2025-06-19T23:06:37","date_gmt":"2025-06-19T23:06:37","guid":{"rendered":"https:\/\/cmap.uni-vert.be\/?page_id=241"},"modified":"2025-12-27T13:18:39","modified_gmt":"2025-12-27T13:18:39","slug":"medecins-orl-pediatre","status":"publish","type":"page","link":"https:\/\/www.cmap.be\/fr\/equipe\/medecins-orl-pediatre\/","title":{"rendered":"M\u00e9decins ORL &#038; P\u00e9diatre"},"content":{"rendered":"<div class=\"wpb-content-wrapper\"><p>[vc_row padding_top_multiplier=\u00a0\u00bb3x\u00a0\u00bb padding_bottom_multiplier=\u00a0\u00bb3x\u00a0\u00bb columns_gap=\u00a0\u00bb60&Prime;][vc_column width=\u00a0\u00bb2\/5&Prime; vertical_content_position=\u00a0\u00bbmiddle\u00a0\u00bb]<div class=\"grve-element grve-image grve-align-center\">\r\n\t<div class=\"grve-image-item\">\r\n\t\t\r\n\r\n<div class=\"grve-image-wrapper grve-radius-3 grve-shadow-medium grve-no-effect\">\r\n\t\t<div class=\"grve-thumbnail-wrapper\"  style=\"width: 560px;\"><div class=\"grve-thumbnail\"  style=\"padding-top: 100%;\"><img loading=\"lazy\" decoding=\"async\" width=\"560\" height=\"560\" src=\"https:\/\/www.cmap.be\/wp-content\/uploads\/2025\/06\/medecin-1-560x560.jpg\" class=\"attachment-impeka-grve-small-square size-impeka-grve-small-square\" alt=\"m\u00e9decin sp\u00e9cialiste du CMAP \u00e0 Bruxelles\" data-column-space=\"auto\" data-lazyload=\"\" data-grve-filter=\"yes\" srcset=\"https:\/\/www.cmap.be\/wp-content\/uploads\/2025\/06\/medecin-1-560x560.jpg 560w, https:\/\/www.cmap.be\/wp-content\/uploads\/2025\/06\/medecin-1-150x150.jpg 150w, https:\/\/www.cmap.be\/wp-content\/uploads\/2025\/06\/medecin-1-900x900.jpg 900w\" sizes=\"auto, (max-width: 560px) 100vw, 560px\" \/><\/div><\/div>\t<\/div>\r\n\t<\/div>\r\n<\/div>\r\n[vc_row_inner][vc_column_inner grve_css=\u00a0\u00bb{\u00ab\u00a0desktop\u00ab\u00a0:{\u00ab\u00a0margin-top\u00ab\u00a0:\u00ab\u00a0-16%\u00ab\u00a0,\u00ab\u00a0margin-left\u00ab\u00a0:\u00ab\u00a0-6%\u00ab\u00a0,\u00ab\u00a0class\u00ab\u00a0:\u00ab\u00a0grve-wpb-1750848570038\u00ab\u00a0},\u00ab\u00a0tablet_portrait\u00ab\u00a0:{\u00ab\u00a0margin-left\u00ab\u00a0:\u00ab\u00a0-2%\u00ab\u00a0}}\u00a0\u00bb]<div class=\"grve-element grve-divider\"><span class=\"grve-custom-divider grve-bg-primary-2 grve-align-inherit\" style=\"width: 50px;height: 10px;\"><\/span><\/div>[\/vc_column_inner][\/vc_row_inner][\/vc_column][vc_column width=\u00a0\u00bb3\/5&Prime; vertical_content_position=\u00a0\u00bbmiddle\u00a0\u00bb]<h3 class=\"grve-element grve-title grve-align-inherit grve-subtitle-text grve-text-primary-2\"><span>\u00c9quipe m\u00e9dicale du CMAP<\/span><\/h3><div class=\"grve-element grve-box-icon grve-large grve-side-icon grve-align-left grve-vertical-align-middle grve-layout-2\" style=\"margin-bottom: 30px;\"><div class=\"grve-wrapper-icon\" style=\"\"><span class=\"grve-box-icon et-icon-strategy grve-text-primary-1\"><\/span><\/div><div class=\"grve-box-content\"><h1 class=\"grve-box-title grve-h1\">M\u00e9decins sp\u00e9cialistes<\/h1><\/div><\/div>[vc_column_text css=\u00a0\u00bb\u00a0\u00bb text_style=\u00a0\u00bbleader-text\u00a0\u00bb]Le Centre M\u00e9dical de R\u00e9adaptation Fonctionnelle Ambulatoire (CMAP) accueille des patients pr\u00e9sentant des d\u00e9ficiences auditives et\/ou des troubles neuro-d\u00e9veloppementaux.<\/p>\n<p>L\u2019\u00e9quipe m\u00e9dicale se compose de m\u00e9decins accr\u00e9dit\u00e9s par la COCOM, sp\u00e9cialistes en ORL, p\u00e9diatrie, neurop\u00e9diatrie et\/ou r\u00e9adaptation fonctionnelle.[\/vc_column_text][\/vc_column][\/vc_row][vc_row rc_heading_color=\u00a0\u00bbwhite\u00a0\u00bb rc_bg_type=\u00a0\u00bbcolor\u00a0\u00bb rc_bg_color=\u00a0\u00bb#213B88&Prime; rc_font_color=\u00a0\u00bb#FFFFFF\u00a0\u00bb][vc_column add_column_link=\u00a0\u00bbyes\u00a0\u00bb column_link=\u00a0\u00bburl:https%3A%2F%2Fyoutu.be%2FzTPi0KjrEdY\u00a0\u00bb column_link_class=\u00a0\u00bbgrve-video-popup\u00a0\u00bb hover_animation=\u00a0\u00bbmagnetism\u00a0\u00bb]<div class=\"grve-element grve-box-icon grve-medium grve-side-icon grve-align-left grve-vertical-align-middle grve-layout-2\"><div class=\"grve-wrapper-icon grve-image-icon\"><div class=\"grve-thumbnail-wrapper\"  style=\"width: 195px;\"><div class=\"grve-thumbnail\"  style=\"padding-top: 51.282%;\"><img loading=\"lazy\" decoding=\"async\" width=\"195\" height=\"100\" src=\"https:\/\/www.cmap.be\/wp-content\/uploads\/2025\/12\/LSFB_play-video.png\" class=\"attachment-full size-full\" alt=\"\" srcset=\"https:\/\/www.cmap.be\/wp-content\/uploads\/2025\/12\/LSFB_play-video.png 1x,https:\/\/www.cmap.be\/wp-content\/uploads\/2025\/12\/LSFB_play-video@2x.png 2x\" data-column-space=\"auto\" data-lazyload=\"\" data-grve-filter=\"yes\" \/><\/div><\/div><\/div><div class=\"grve-box-content\"><h3 class=\"grve-box-title grve-h5\">D\u00e9couvrez ce contenu en langue des signes (LSFB)<\/h3><p class=\"\">Cette page est \u00e9galement disponible en langue des signes belge francophone (LSFB). Regardez la vid\u00e9o.<\/p><\/div><\/div>[\/vc_column][\/vc_row][vc_row padding_top_multiplier=\u00a0\u00bb3x\u00a0\u00bb rc_bg_type=\u00a0\u00bbcolor\u00a0\u00bb rc_bg_color=\u00a0\u00bb#FFFFFF\u00a0\u00bb][vc_column][vc_column_text css=\u00a0\u00bb\u00a0\u00bb text_style=\u00a0\u00bbleader-text\u00a0\u00bb]Les m\u00e9decins du CMAP ont pour mission principale de coordonner les projets th\u00e9rapeutiques multidisciplinaires autour de l\u2019enfant en tenant compte de ses progr\u00e8s et de ses besoins sp\u00e9cifiques. Ils s\u2019assurent ainsi de la pertinence et de l\u2019efficacit\u00e9 de chaque intervention tout au long du parcours de soins.<\/p>\n<p>Par ailleurs, ils ont pour r\u00f4le\u202f:[\/vc_column_text][\/vc_column][\/vc_row][vc_row padding_top_multiplier=\u00a0\u00bb\u00a0\u00bb padding_bottom_multiplier=\u00a0\u00bb3x\u00a0\u00bb rc_bg_type=\u00a0\u00bbcolor\u00a0\u00bb rc_bg_color=\u00a0\u00bb#FFFFFF\u00a0\u00bb][vc_column width=\u00a0\u00bb1\/4&Prime;]<h4 class=\"grve-element grve-title grve-align-inherit grve-h5\"><span><br>\n<ul style=\"margin-bottom: 15px;\">\n<li>L\u2019\u00e9tablissement et la confirmation des diagnostics<\/li>\n<\/ul>\n<\/span><\/h4>[vc_column_text css=\u00a0\u00bb\u00a0\u00bb]Le m\u00e9decin \u00e9value le patient pour identifier ou confirmer les troubles pr\u00e9sents, afin de d\u00e9finir une orientation th\u00e9rapeutique claire en lien avec l\u2019\u00e9quipe multidisciplinaire.[\/vc_column_text][\/vc_column][vc_column width=\u00a0\u00bb1\/4&Prime;]<h4 class=\"grve-element grve-title grve-align-inherit grve-h5\"><span><br>\n<ul style=\"margin-bottom: 15px;\">\n<li>Les consultations r\u00e9guli\u00e8res avec les enfants et leur famille<\/li>\n<\/ul>\n<\/span><\/h4>[vc_column_text css=\u00a0\u00bb\u00a0\u00bb]afin de les tenir inform\u00e9es de l\u2019\u00e9volution de leur enfant. Le m\u00e9decin \u00e9tabli un partenariat avec les parents afin de stimuler et de valoriser leur implication au centre du processus de r\u00e9\u00e9ducation.[\/vc_column_text][\/vc_column][vc_column width=\u00a0\u00bb1\/4&Prime;]<h4 class=\"grve-element grve-title grve-align-inherit grve-h5\"><span><br>\n<ul style=\"margin-bottom: 15px;\">\n<li>Le relai et le lien avec les \u00e9quipes de soins externes<\/li>\n<\/ul>\n<\/span><\/h4>[vc_column_text css=\u00a0\u00bb\u00a0\u00bb](m\u00e9decins g\u00e9n\u00e9ralistes, p\u00e9diatres, m\u00e9decins O.R.L., m\u00e9decins hospitaliers ou de l\u2019ONE, Kind En Gezin) et sugg\u00e8rent, si n\u00e9cessaire, des compl\u00e9ments de bilans.[\/vc_column_text][\/vc_column][vc_column width=\u00a0\u00bb1\/4&Prime;]<h4 class=\"grve-element grve-title grve-align-inherit grve-h5\"><span><br>\n<ul style=\"margin-bottom: 15px;\">\n<li>Le suivi des programmes de r\u00e9\u00e9ducation<\/li>\n<\/ul>\n<\/span><\/h4>[vc_column_text css=\u00a0\u00bb\u00a0\u00bb]et l\u2019\u00e9tablissement de bilans d\u2019\u00e9volution r\u00e9guliers\u202f; l\u2019\u00e9tablissement de programmes th\u00e9rapeutiques en coordination avec les \u00e9quipes et les familles, la remise des r\u00e9sultats des \u00e9valuations aux familles[\/vc_column_text][\/vc_column][\/vc_row][vc_row padding_top_multiplier=\u00a0\u00bb3x\u00a0\u00bb padding_bottom_multiplier=\u00a0\u00bb3x\u00a0\u00bb][vc_column][vc_column_text css=\u00a0\u00bb\u00a0\u00bb text_style=\u00a0\u00bbleader-text\u00a0\u00bb]En plus de ces missions cliniques, les m\u00e9decins peuvent \u00eatre amen\u00e9s \u00e0 intervenir dans d\u2019autres domaines, tels que la guidance parentale et l\u2019accompagnement dans la formation du personnel th\u00e9rapeutique.<\/p>\n<p>D\u2019un point de vue administratif, les m\u00e9decins assurent la justification m\u00e9dicale des demandes envoy\u00e9es aux m\u00e9decins conseils des organismes assureurs et du SPF Handicap.<\/p>\n<p>Ils sont responsables de la signature des demandes d\u2019admission et de prolongation des soins, garantissant ainsi le respect des exigences administratives et la bonne gestion des processus li\u00e9s \u00e0 la r\u00e9\u00e9ducation des patients.<\/p>\n<p>Afin de maintenir un haut niveau de comp\u00e9tence, les m\u00e9decins participent r\u00e9guli\u00e8rement \u00e0 des formations continues afin de garantir que les soins prodigu\u00e9s restent \u00e0 la pointe de la pratique m\u00e9dicale.[\/vc_column_text][\/vc_column][\/vc_row][vc_row padding_top_multiplier=\u00a0\u00bb3x\u00a0\u00bb padding_bottom_multiplier=\u00a0\u00bb3x\u00a0\u00bb rc_bg_type=\u00a0\u00bbcolor\u00a0\u00bb rc_bg_color=\u00a0\u00bb#FFFFFF\u00a0\u00bb][vc_column]<h3 class=\"grve-element grve-title grve-align-inherit grve-h4\"><span>Le r\u00f4le du m\u00e9decin directeur<\/span><\/h3>[vc_column_text css=\u00a0\u00bb\u00a0\u00bb text_style=\u00a0\u00bbleader-text\u00a0\u00bb]La direction du CMAP est partag\u00e9e entre un m\u00e9decin directeur et un directeur administratif, qui assurent ensemble l\u2019organisation clinique, th\u00e9rapeutique et administrative de l\u2019\u00e9tablissement. Le m\u00e9decin directeur joue un r\u00f4le cl\u00e9 dans la coordination de l\u2019\u00e9quipe th\u00e9rapeutique multidisciplinaire, veillant \u00e0 l\u2019harmonisation des projets th\u00e9rapeutiques individualis\u00e9s des patients. Il collabore \u00e9troitement avec les autres m\u00e9decins du centre pour garantir une r\u00e9\u00e9ducation coh\u00e9rente, en assurant l\u2019orientation des soins et le suivi des traitements tout au long du parcours du patient.[\/vc_column_text][\/vc_column][\/vc_row][vc_row padding_top_multiplier=\u00a0\u00bb3x\u00a0\u00bb][vc_column]<h3 class=\"grve-element grve-title grve-align-inherit grve-h5\"><span>Les m\u00e9decins sp\u00e9cialistes du CMAP<\/span><\/h3>[\/vc_column][\/vc_row][vc_row padding_top_multiplier=\u00a0\u00bb\u00a0\u00bb][vc_column width=\u00a0\u00bb1\/2&Prime;]<div class=\"grve-element grve-team grve-layout-4\">\r\n\t<div class=\"grve-team-person\">\r\n\t\t<img loading=\"lazy\" decoding=\"async\" width=\"150\" height=\"150\" src=\"https:\/\/www.cmap.be\/wp-content\/uploads\/2025\/06\/medecin-icon-150x150.jpg\" class=\"attachment-thumbnail size-thumbnail\" alt=\"m\u00e9decin du CMAP \u00e0 Bruxelles\" data-column-space=\"auto\" data-lazyload=\"\" srcset=\"https:\/\/www.cmap.be\/wp-content\/uploads\/2025\/06\/medecin-icon-150x150.jpg 150w, https:\/\/www.cmap.be\/wp-content\/uploads\/2025\/06\/medecin-icon-300x300.jpg 300w, https:\/\/www.cmap.be\/wp-content\/uploads\/2025\/06\/medecin-icon.jpg 512w\" sizes=\"auto, (max-width: 150px) 100vw, 150px\" \/>\t\t\t<\/div>\r\n\t<div class=\"grve-team-description\">\r\n\t\t\t\t<div class=\"grve-team-identity grve-small-text\">M\u00e9decin Directeur &amp; P\u00e9diatre sp\u00e9cialis\u00e9e en r\u00e9adaptation fonctionnelle<\/div>\r\n\t\t\t\t<h4 class=\"grve-team-name grve-h6\">Dr. Vanessa WERMENBOL<\/h4>\r\n\t<\/div>\r\n<\/div>\r\n[\/vc_column][vc_column width=\u00a0\u00bb1\/2&Prime;][\/vc_column][\/vc_row][vc_row padding_top_multiplier=\u00a0\u00bb\u00a0\u00bb padding_bottom_multiplier=\u00a0\u00bb3x\u00a0\u00bb][vc_column width=\u00a0\u00bb1\/2&Prime;]<div class=\"grve-element grve-team grve-layout-4\">\r\n\t<div class=\"grve-team-person\">\r\n\t\t<img loading=\"lazy\" decoding=\"async\" width=\"150\" height=\"150\" src=\"https:\/\/www.cmap.be\/wp-content\/uploads\/2025\/06\/medecin-male-blue-1-150x150.jpg\" class=\"attachment-thumbnail size-thumbnail\" alt=\"m\u00e9decin du CMAP \u00e0 Bruxelles\" data-column-space=\"auto\" data-lazyload=\"\" srcset=\"https:\/\/www.cmap.be\/wp-content\/uploads\/2025\/06\/medecin-male-blue-1-150x150.jpg 150w, https:\/\/www.cmap.be\/wp-content\/uploads\/2025\/06\/medecin-male-blue-1-300x300.jpg 300w, https:\/\/www.cmap.be\/wp-content\/uploads\/2025\/06\/medecin-male-blue-1.jpg 512w\" sizes=\"auto, (max-width: 150px) 100vw, 150px\" \/>\t\t\t<\/div>\r\n\t<div class=\"grve-team-description\">\r\n\t\t\t\t<div class=\"grve-team-identity grve-small-text\">ORL<\/div>\r\n\t\t\t\t<h4 class=\"grve-team-name grve-h6\">Dr. Romolo Daniele DE SIATI<\/h4>\r\n\t<\/div>\r\n<\/div>\r\n[\/vc_column][vc_column width=\u00a0\u00bb1\/2&Prime;]<div class=\"grve-element grve-team grve-layout-4\">\r\n\t<div class=\"grve-team-person\">\r\n\t\t<img loading=\"lazy\" decoding=\"async\" width=\"150\" height=\"150\" src=\"https:\/\/www.cmap.be\/wp-content\/uploads\/2025\/06\/medecin-icon-150x150.jpg\" class=\"attachment-thumbnail size-thumbnail\" alt=\"m\u00e9decin du CMAP \u00e0 Bruxelles\" data-column-space=\"auto\" data-lazyload=\"\" srcset=\"https:\/\/www.cmap.be\/wp-content\/uploads\/2025\/06\/medecin-icon-150x150.jpg 150w, https:\/\/www.cmap.be\/wp-content\/uploads\/2025\/06\/medecin-icon-300x300.jpg 300w, https:\/\/www.cmap.be\/wp-content\/uploads\/2025\/06\/medecin-icon.jpg 512w\" sizes=\"auto, (max-width: 150px) 100vw, 150px\" \/>\t\t\t<\/div>\r\n\t<div class=\"grve-team-description\">\r\n\t\t\t\t<div class=\"grve-team-identity grve-small-text\">P\u00e9diatre<\/div>\r\n\t\t\t\t<h4 class=\"grve-team-name grve-h6\">Dr. Monalisa ZAMPIERI<\/h4>\r\n\t<\/div>\r\n<\/div>\r\n[\/vc_column][\/vc_row]<\/p>\n<\/div>","protected":false},"excerpt":{"rendered":"<p>[vc_row padding_top_multiplier=\u00a0\u00bb3x\u00a0\u00bb padding_bottom_multiplier=\u00a0\u00bb3x\u00a0\u00bb columns_gap=\u00a0\u00bb60&Prime;][vc_column width=\u00a0\u00bb2\/5&Prime; vertical_content_position=\u00a0\u00bbmiddle\u00a0\u00bb][vc_row_inner][vc_column_inner grve_css=\u00a0\u00bb{\u00ab\u00a0desktop\u00ab\u00a0:{\u00ab\u00a0margin-top\u00ab\u00a0:\u00ab\u00a0-16%\u00ab\u00a0,\u00ab\u00a0margin-left\u00ab\u00a0:\u00ab\u00a0-6%\u00ab\u00a0,\u00ab\u00a0class\u00ab\u00a0:\u00ab\u00a0grve-wpb-1750848570038\u00ab\u00a0},\u00ab\u00a0tablet_portrait\u00ab\u00a0:{\u00ab\u00a0margin-left\u00ab\u00a0:\u00ab\u00a0-2%\u00ab\u00a0}}\u00a0\u00bb][\/vc_column_inner][\/vc_row_inner][\/vc_column][vc_column width=\u00a0\u00bb3\/5&Prime; vertical_content_position=\u00a0\u00bbmiddle\u00a0\u00bb][vc_column_text css=\u00a0\u00bb\u00a0\u00bb text_style=\u00a0\u00bbleader-text\u00a0\u00bb]Le Centre M\u00e9dical de R\u00e9adaptation Fonctionnelle Ambulatoire (CMAP) accueille des patients pr\u00e9sentant des d\u00e9ficiences auditives et\/ou des troubles neuro-d\u00e9veloppementaux. L\u2019\u00e9quipe m\u00e9dicale se compose de m\u00e9decins accr\u00e9dit\u00e9s par la COCOM, sp\u00e9cialistes en ORL, p\u00e9diatrie, neurop\u00e9diatrie et\/ou r\u00e9adaptation fonctionnelle.[\/vc_column_text][\/vc_column][\/vc_row][vc_row rc_heading_color=\u00a0\u00bbwhite\u00a0\u00bb rc_bg_type=\u00a0\u00bbcolor\u00a0\u00bb rc_bg_color=\u00a0\u00bb#213B88&Prime; rc_font_color=\u00a0\u00bb#FFFFFF\u00a0\u00bb][vc_column add_column_link=\u00a0\u00bbyes\u00a0\u00bb column_link=\u00a0\u00bburl:https%3A%2F%2Fyoutu.be%2FzTPi0KjrEdY\u00a0\u00bb column_link_class=\u00a0\u00bbgrve-video-popup\u00a0\u00bb hover_animation=\u00a0\u00bbmagnetism\u00a0\u00bb][\/vc_column][\/vc_row][vc_row [&hellip;]<\/p>\n","protected":false},"author":1,"featured_media":0,"parent":14,"menu_order":0,"comment_status":"closed","ping_status":"closed","template":"","meta":{"footnotes":""},"class_list":["post-241","page","type-page","status-publish","hentry","grve-entry-item"],"yoast_head":"<!-- This site is optimized with the Yoast SEO plugin v27.3 - https:\/\/yoast.com\/product\/yoast-seo-wordpress\/ -->\n<title>M\u00e9decins ORL &amp; P\u00e9diatre - CMAP<\/title>\n<meta name=\"description\" content=\"Les m\u00e9decins ORL et le p\u00e9diatre du CMAP assurent les bilans, diagnostics et le suivi m\u00e9dical des enfants dans un cadre de r\u00e9adaptation \u00e0 Bruxelles.\" \/>\n<meta name=\"robots\" content=\"index, follow, max-snippet:-1, max-image-preview:large, max-video-preview:-1\" \/>\n<link rel=\"canonical\" href=\"https:\/\/www.cmap.be\/fr\/equipe\/medecins-orl-pediatre\/\" \/>\n<meta property=\"og:locale\" content=\"fr_FR\" \/>\n<meta property=\"og:type\" content=\"article\" \/>\n<meta property=\"og:title\" content=\"M\u00e9decins ORL &amp; P\u00e9diatre - CMAP\" \/>\n<meta property=\"og:description\" content=\"Les m\u00e9decins ORL et le p\u00e9diatre du CMAP assurent les bilans, diagnostics et le suivi m\u00e9dical des enfants dans un cadre de r\u00e9adaptation \u00e0 Bruxelles.\" \/>\n<meta property=\"og:url\" content=\"https:\/\/www.cmap.be\/fr\/equipe\/medecins-orl-pediatre\/\" \/>\n<meta property=\"og:site_name\" content=\"CMAP\" \/>\n<meta property=\"article:modified_time\" content=\"2025-12-27T13:18:39+00:00\" \/>\n<meta property=\"og:image\" content=\"https:\/\/www.cmap.be\/wp-content\/uploads\/2025\/08\/cmap-share.jpg\" \/>\n\t<meta property=\"og:image:width\" content=\"1200\" \/>\n\t<meta property=\"og:image:height\" content=\"675\" \/>\n\t<meta property=\"og:image:type\" content=\"image\/jpeg\" \/>\n<meta name=\"twitter:card\" content=\"summary_large_image\" \/>\n<meta name=\"twitter:label1\" content=\"Dur\u00e9e de lecture estim\u00e9e\" \/>\n\t<meta name=\"twitter:data1\" content=\"5 minutes\" \/>\n<script type=\"application\/ld+json\" class=\"yoast-schema-graph\">{\"@context\":\"https:\\\/\\\/schema.org\",\"@graph\":[{\"@type\":\"WebPage\",\"@id\":\"https:\\\/\\\/www.cmap.be\\\/fr\\\/equipe\\\/medecins-orl-pediatre\\\/\",\"url\":\"https:\\\/\\\/www.cmap.be\\\/fr\\\/equipe\\\/medecins-orl-pediatre\\\/\",\"name\":\"M\u00e9decins ORL & P\u00e9diatre - CMAP\",\"isPartOf\":{\"@id\":\"https:\\\/\\\/www.cmap.be\\\/fr\\\/#website\"},\"datePublished\":\"2025-06-19T23:06:37+00:00\",\"dateModified\":\"2025-12-27T13:18:39+00:00\",\"description\":\"Les m\u00e9decins ORL et le p\u00e9diatre du CMAP assurent les bilans, diagnostics et le suivi m\u00e9dical des enfants dans un cadre de r\u00e9adaptation \u00e0 Bruxelles.\",\"breadcrumb\":{\"@id\":\"https:\\\/\\\/www.cmap.be\\\/fr\\\/equipe\\\/medecins-orl-pediatre\\\/#breadcrumb\"},\"inLanguage\":\"fr-FR\",\"potentialAction\":[{\"@type\":\"ReadAction\",\"target\":[\"https:\\\/\\\/www.cmap.be\\\/fr\\\/equipe\\\/medecins-orl-pediatre\\\/\"]}]},{\"@type\":\"BreadcrumbList\",\"@id\":\"https:\\\/\\\/www.cmap.be\\\/fr\\\/equipe\\\/medecins-orl-pediatre\\\/#breadcrumb\",\"itemListElement\":[{\"@type\":\"ListItem\",\"position\":1,\"name\":\"Accueil\",\"item\":\"https:\\\/\\\/www.cmap.be\\\/fr\\\/\"},{\"@type\":\"ListItem\",\"position\":2,\"name\":\"\u00c9quipe\",\"item\":\"https:\\\/\\\/www.cmap.be\\\/fr\\\/equipe\\\/\"},{\"@type\":\"ListItem\",\"position\":3,\"name\":\"M\u00e9decins ORL &#038; P\u00e9diatre\"}]},{\"@type\":\"WebSite\",\"@id\":\"https:\\\/\\\/www.cmap.be\\\/fr\\\/#website\",\"url\":\"https:\\\/\\\/www.cmap.be\\\/fr\\\/\",\"name\":\"CMAP\",\"description\":\"Centre M\u00e9dical d&#039;Audio-Phonologie\",\"publisher\":{\"@id\":\"https:\\\/\\\/www.cmap.be\\\/fr\\\/#organization\"},\"potentialAction\":[{\"@type\":\"SearchAction\",\"target\":{\"@type\":\"EntryPoint\",\"urlTemplate\":\"https:\\\/\\\/www.cmap.be\\\/fr\\\/?s={search_term_string}\"},\"query-input\":{\"@type\":\"PropertyValueSpecification\",\"valueRequired\":true,\"valueName\":\"search_term_string\"}}],\"inLanguage\":\"fr-FR\"},{\"@type\":\"Organization\",\"@id\":\"https:\\\/\\\/www.cmap.be\\\/fr\\\/#organization\",\"name\":\"CMAP\",\"url\":\"https:\\\/\\\/www.cmap.be\\\/fr\\\/\",\"logo\":{\"@type\":\"ImageObject\",\"inLanguage\":\"fr-FR\",\"@id\":\"https:\\\/\\\/www.cmap.be\\\/fr\\\/#\\\/schema\\\/logo\\\/image\\\/\",\"url\":\"https:\\\/\\\/www.cmap.be\\\/wp-content\\\/uploads\\\/2025\\\/06\\\/cropped-sigle-CMAP.png\",\"contentUrl\":\"https:\\\/\\\/www.cmap.be\\\/wp-content\\\/uploads\\\/2025\\\/06\\\/cropped-sigle-CMAP.png\",\"width\":512,\"height\":512,\"caption\":\"CMAP\"},\"image\":{\"@id\":\"https:\\\/\\\/www.cmap.be\\\/fr\\\/#\\\/schema\\\/logo\\\/image\\\/\"}}]}<\/script>\n<!-- \/ Yoast SEO plugin. -->","yoast_head_json":{"title":"M\u00e9decins ORL & P\u00e9diatre - CMAP","description":"Les m\u00e9decins ORL et le p\u00e9diatre du CMAP assurent les bilans, diagnostics et le suivi m\u00e9dical des enfants dans un cadre de r\u00e9adaptation \u00e0 Bruxelles.","robots":{"index":"index","follow":"follow","max-snippet":"max-snippet:-1","max-image-preview":"max-image-preview:large","max-video-preview":"max-video-preview:-1"},"canonical":"https:\/\/www.cmap.be\/fr\/equipe\/medecins-orl-pediatre\/","og_locale":"fr_FR","og_type":"article","og_title":"M\u00e9decins ORL & P\u00e9diatre - CMAP","og_description":"Les m\u00e9decins ORL et le p\u00e9diatre du CMAP assurent les bilans, diagnostics et le suivi m\u00e9dical des enfants dans un cadre de r\u00e9adaptation \u00e0 Bruxelles.","og_url":"https:\/\/www.cmap.be\/fr\/equipe\/medecins-orl-pediatre\/","og_site_name":"CMAP","article_modified_time":"2025-12-27T13:18:39+00:00","og_image":[{"width":1200,"height":675,"url":"https:\/\/www.cmap.be\/wp-content\/uploads\/2025\/08\/cmap-share.jpg","type":"image\/jpeg"}],"twitter_card":"summary_large_image","twitter_misc":{"Dur\u00e9e de lecture estim\u00e9e":"5 minutes"},"schema":{"@context":"https:\/\/schema.org","@graph":[{"@type":"WebPage","@id":"https:\/\/www.cmap.be\/fr\/equipe\/medecins-orl-pediatre\/","url":"https:\/\/www.cmap.be\/fr\/equipe\/medecins-orl-pediatre\/","name":"M\u00e9decins ORL & P\u00e9diatre - CMAP","isPartOf":{"@id":"https:\/\/www.cmap.be\/fr\/#website"},"datePublished":"2025-06-19T23:06:37+00:00","dateModified":"2025-12-27T13:18:39+00:00","description":"Les m\u00e9decins ORL et le p\u00e9diatre du CMAP assurent les bilans, diagnostics et le suivi m\u00e9dical des enfants dans un cadre de r\u00e9adaptation \u00e0 Bruxelles.","breadcrumb":{"@id":"https:\/\/www.cmap.be\/fr\/equipe\/medecins-orl-pediatre\/#breadcrumb"},"inLanguage":"fr-FR","potentialAction":[{"@type":"ReadAction","target":["https:\/\/www.cmap.be\/fr\/equipe\/medecins-orl-pediatre\/"]}]},{"@type":"BreadcrumbList","@id":"https:\/\/www.cmap.be\/fr\/equipe\/medecins-orl-pediatre\/#breadcrumb","itemListElement":[{"@type":"ListItem","position":1,"name":"Accueil","item":"https:\/\/www.cmap.be\/fr\/"},{"@type":"ListItem","position":2,"name":"\u00c9quipe","item":"https:\/\/www.cmap.be\/fr\/equipe\/"},{"@type":"ListItem","position":3,"name":"M\u00e9decins ORL &#038; P\u00e9diatre"}]},{"@type":"WebSite","@id":"https:\/\/www.cmap.be\/fr\/#website","url":"https:\/\/www.cmap.be\/fr\/","name":"CMAP","description":"Centre M\u00e9dical d&#039;Audio-Phonologie","publisher":{"@id":"https:\/\/www.cmap.be\/fr\/#organization"},"potentialAction":[{"@type":"SearchAction","target":{"@type":"EntryPoint","urlTemplate":"https:\/\/www.cmap.be\/fr\/?s={search_term_string}"},"query-input":{"@type":"PropertyValueSpecification","valueRequired":true,"valueName":"search_term_string"}}],"inLanguage":"fr-FR"},{"@type":"Organization","@id":"https:\/\/www.cmap.be\/fr\/#organization","name":"CMAP","url":"https:\/\/www.cmap.be\/fr\/","logo":{"@type":"ImageObject","inLanguage":"fr-FR","@id":"https:\/\/www.cmap.be\/fr\/#\/schema\/logo\/image\/","url":"https:\/\/www.cmap.be\/wp-content\/uploads\/2025\/06\/cropped-sigle-CMAP.png","contentUrl":"https:\/\/www.cmap.be\/wp-content\/uploads\/2025\/06\/cropped-sigle-CMAP.png","width":512,"height":512,"caption":"CMAP"},"image":{"@id":"https:\/\/www.cmap.be\/fr\/#\/schema\/logo\/image\/"}}]}},"_links":{"self":[{"href":"https:\/\/www.cmap.be\/fr\/wp-json\/wp\/v2\/pages\/241","targetHints":{"allow":["GET"]}}],"collection":[{"href":"https:\/\/www.cmap.be\/fr\/wp-json\/wp\/v2\/pages"}],"about":[{"href":"https:\/\/www.cmap.be\/fr\/wp-json\/wp\/v2\/types\/page"}],"author":[{"embeddable":true,"href":"https:\/\/www.cmap.be\/fr\/wp-json\/wp\/v2\/users\/1"}],"replies":[{"embeddable":true,"href":"https:\/\/www.cmap.be\/fr\/wp-json\/wp\/v2\/comments?post=241"}],"version-history":[{"count":21,"href":"https:\/\/www.cmap.be\/fr\/wp-json\/wp\/v2\/pages\/241\/revisions"}],"predecessor-version":[{"id":695,"href":"https:\/\/www.cmap.be\/fr\/wp-json\/wp\/v2\/pages\/241\/revisions\/695"}],"up":[{"embeddable":true,"href":"https:\/\/www.cmap.be\/fr\/wp-json\/wp\/v2\/pages\/14"}],"wp:attachment":[{"href":"https:\/\/www.cmap.be\/fr\/wp-json\/wp\/v2\/media?parent=241"}],"curies":[{"name":"wp","href":"https:\/\/api.w.org\/{rel}","templated":true}]}}