{"id":244,"date":"2025-06-19T23:08:39","date_gmt":"2025-06-19T23:08:39","guid":{"rendered":"https:\/\/cmap.uni-vert.be\/?page_id=244"},"modified":"2025-12-27T13:26:36","modified_gmt":"2025-12-27T13:26:36","slug":"psychologue","status":"publish","type":"page","link":"https:\/\/www.cmap.be\/fr\/equipe\/psychologue\/","title":{"rendered":"Psychologue"},"content":{"rendered":"<div class=\"wpb-content-wrapper\"><p>[vc_row padding_top_multiplier=\u00a0\u00bb3x\u00a0\u00bb padding_bottom_multiplier=\u00a0\u00bb3x\u00a0\u00bb columns_gap=\u00a0\u00bb60&Prime;][vc_column width=\u00a0\u00bb1\/2&Prime; vertical_content_position=\u00a0\u00bbmiddle\u00a0\u00bb]<div class=\"grve-element grve-slider grve-layout-1\">\r\n\t<div class=\"grve-carousel-wrapper\">\r\n\t\t\t<div class=\"grve-carousel-navigation grve-navigation-arrow-1\">\r\n\t\t<div class=\"grve-carousel-buttons\">\r\n\t\t\t<div class=\"grve-carousel-prev\"><div class=\"grve-svg-icon grve-direction-left grve-arrow-1 grve-svg-black grve-with-shape grve-circle grve-bg-white\">\t\t\t<svg width=\"12px\" height=\"12px\" viewBox=\"0 0 12 12\">\r\n\t\t\t\t<polygon points=\"3.6 0 10 6 3.6 12 2 10.5 6.8 6 2 1.5\"><\/polygon>\r\n\t\t\t<\/svg>\r\n\t\t\t<\/div><\/div>\r\n\t\t\t<div class=\"grve-carousel-next\"><div class=\"grve-svg-icon grve-direction-right grve-arrow-1 grve-svg-black grve-with-shape grve-circle grve-bg-white\">\t\t\t<svg width=\"12px\" height=\"12px\" viewBox=\"0 0 12 12\">\r\n\t\t\t\t<polygon points=\"3.6 0 10 6 3.6 12 2 10.5 6.8 6 2 1.5\"><\/polygon>\r\n\t\t\t<\/svg>\r\n\t\t\t<\/div><\/div>\r\n\t\t<\/div>\r\n\t<\/div>\r\n\t\t<div data-slider-autoplay=\"yes\" data-slider-loop=\"yes\" data-slider-speed=\"3000\" data-slider-pause=\"no\" data-slider-transition=\"slide\" data-slider-autoheight=\"\" data-pagination=\"yes\" data-pagination-speed=\"400\" class=\"grve-slider-element\">\r\n\t\t\t<div class=\"grve-slider-item\">\r\n\t\t\t\t\r\n\r\n<div class=\"grve-image-wrapper grve-radius- grve-shadow- grve-no-effect\">\r\n\t\t<div class=\"grve-thumbnail-wrapper\"><div class=\"grve-thumbnail\"  style=\"padding-top: 75%;\"><img loading=\"lazy\" decoding=\"async\" width=\"900\" height=\"675\" src=\"https:\/\/www.cmap.be\/wp-content\/uploads\/2025\/06\/psy2-900x675.jpg\" class=\"attachment-impeka-grve-medium-rect-horizontal size-impeka-grve-medium-rect-horizontal\" alt=\"\" data-lazyload=\"\" data-column-space=\"100\" data-grve-filter=\"yes\" srcset=\"https:\/\/www.cmap.be\/wp-content\/uploads\/2025\/06\/psy2-900x675.jpg 900w, https:\/\/www.cmap.be\/wp-content\/uploads\/2025\/06\/psy2-300x225.jpg 300w, https:\/\/www.cmap.be\/wp-content\/uploads\/2025\/06\/psy2-1024x768.jpg 1024w, https:\/\/www.cmap.be\/wp-content\/uploads\/2025\/06\/psy2-768x576.jpg 768w, https:\/\/www.cmap.be\/wp-content\/uploads\/2025\/06\/psy2-1536x1152.jpg 1536w, https:\/\/www.cmap.be\/wp-content\/uploads\/2025\/06\/psy2-560x420.jpg 560w, https:\/\/www.cmap.be\/wp-content\/uploads\/2025\/06\/psy2-1920x1440.jpg 1920w\" sizes=\"auto, (max-width: 900px) 100vw, 900px\" \/><\/div><\/div>\t<\/div>\r\n\t\t\t<\/div>\r\n\t\t\t<div class=\"grve-slider-item\">\r\n\t\t\t\t\r\n\r\n<div class=\"grve-image-wrapper grve-radius- grve-shadow- grve-no-effect\">\r\n\t\t<div class=\"grve-thumbnail-wrapper\"><div class=\"grve-thumbnail\"  style=\"padding-top: 75%;\"><img loading=\"lazy\" decoding=\"async\" width=\"900\" height=\"675\" src=\"https:\/\/www.cmap.be\/wp-content\/uploads\/2025\/06\/psy3-900x675.jpg\" class=\"attachment-impeka-grve-medium-rect-horizontal size-impeka-grve-medium-rect-horizontal\" alt=\"\" data-lazyload=\"\" data-column-space=\"100\" data-grve-filter=\"yes\" srcset=\"https:\/\/www.cmap.be\/wp-content\/uploads\/2025\/06\/psy3-900x675.jpg 900w, https:\/\/www.cmap.be\/wp-content\/uploads\/2025\/06\/psy3-560x420.jpg 560w\" sizes=\"auto, (max-width: 900px) 100vw, 900px\" \/><\/div><\/div>\t<\/div>\r\n\t\t\t<\/div>\r\n\t\t\t<div class=\"grve-slider-item\">\r\n\t\t\t\t\r\n\r\n<div class=\"grve-image-wrapper grve-radius- grve-shadow- grve-no-effect\">\r\n\t\t<div class=\"grve-thumbnail-wrapper\"><div class=\"grve-thumbnail\"  style=\"padding-top: 75%;\"><img loading=\"lazy\" decoding=\"async\" width=\"900\" height=\"675\" src=\"https:\/\/www.cmap.be\/wp-content\/uploads\/2025\/06\/psy4-900x675.jpg\" class=\"attachment-impeka-grve-medium-rect-horizontal size-impeka-grve-medium-rect-horizontal\" alt=\"\" data-lazyload=\"\" data-column-space=\"100\" data-grve-filter=\"yes\" srcset=\"https:\/\/www.cmap.be\/wp-content\/uploads\/2025\/06\/psy4-900x675.jpg 900w, https:\/\/www.cmap.be\/wp-content\/uploads\/2025\/06\/psy4-560x420.jpg 560w\" sizes=\"auto, (max-width: 900px) 100vw, 900px\" \/><\/div><\/div>\t<\/div>\r\n\t\t\t<\/div>\r\n\t\t\t<div class=\"grve-slider-item\">\r\n\t\t\t\t\r\n\r\n<div class=\"grve-image-wrapper grve-radius- grve-shadow- grve-no-effect\">\r\n\t\t<div class=\"grve-thumbnail-wrapper\"><div class=\"grve-thumbnail\"  style=\"padding-top: 75%;\"><img loading=\"lazy\" decoding=\"async\" width=\"900\" height=\"675\" src=\"https:\/\/www.cmap.be\/wp-content\/uploads\/2025\/06\/psy1-900x675.jpg\" class=\"attachment-impeka-grve-medium-rect-horizontal size-impeka-grve-medium-rect-horizontal\" alt=\"\" data-lazyload=\"\" data-column-space=\"100\" data-grve-filter=\"yes\" srcset=\"https:\/\/www.cmap.be\/wp-content\/uploads\/2025\/06\/psy1-900x675.jpg 900w, https:\/\/www.cmap.be\/wp-content\/uploads\/2025\/06\/psy1-560x420.jpg 560w\" sizes=\"auto, (max-width: 900px) 100vw, 900px\" \/><\/div><\/div>\t<\/div>\r\n\t\t\t<\/div>\r\n\t\t<\/div>\r\n\t<\/div>\r\n<\/div>\r\n[vc_row_inner][vc_column_inner grve_css=\u00a0\u00bb{\u00ab\u00a0desktop\u00ab\u00a0:{\u00ab\u00a0margin-top\u00ab\u00a0:\u00ab\u00a0-16%\u00ab\u00a0,\u00ab\u00a0margin-left\u00ab\u00a0:\u00ab\u00a0-6%\u00ab\u00a0,\u00ab\u00a0class\u00ab\u00a0:\u00ab\u00a0grve-wpb-1750848464180\u00ab\u00a0},\u00ab\u00a0tablet_portrait\u00ab\u00a0:{\u00ab\u00a0margin-left\u00ab\u00a0:\u00ab\u00a0-2%\u00ab\u00a0}}\u00a0\u00bb]<div class=\"grve-element grve-divider\"><span class=\"grve-custom-divider grve-bg-primary-2 grve-align-inherit\" style=\"width: 50px;height: 10px;\"><\/span><\/div>[\/vc_column_inner][\/vc_row_inner][\/vc_column][vc_column width=\u00a0\u00bb1\/2&Prime; vertical_content_position=\u00a0\u00bbmiddle\u00a0\u00bb]<h3 class=\"grve-element grve-title grve-align-inherit grve-subtitle-text grve-text-primary-2\"><span>\u00c9quipe param\u00e9dicale du CMAP<\/span><\/h3><div class=\"grve-element grve-box-icon grve-large grve-side-icon grve-align-left grve-vertical-align-middle grve-layout-1\" style=\"margin-bottom: 30px;\"><div class=\"grve-box-title-wrapper\"><div class=\"grve-wrapper-icon\" style=\"\"><span class=\"grve-box-icon et-icon-circle-compass grve-text-primary-1\"><\/span><\/div><h1 class=\"grve-box-title grve-h1\">Psychologue<\/h1><\/div><\/div>[vc_column_text css=\u00a0\u00bb\u00a0\u00bb text_style=\u00a0\u00bbleader-text\u00a0\u00bb]La psychologue intervient \u00e0 la demande des familles ou des th\u00e9rapeutes s\u2019il y a des inqui\u00e9tudes particuli\u00e8res quant au bien-\u00eatre et aux comportements de l\u2019enfant. La psychologue rencontre \u00e9galement l\u2019enfant et les parents lors du bilan initial au CMAP.[\/vc_column_text][\/vc_column][\/vc_row][vc_row rc_heading_color=\u00a0\u00bbwhite\u00a0\u00bb rc_bg_type=\u00a0\u00bbcolor\u00a0\u00bb rc_bg_color=\u00a0\u00bb#213B88&Prime; rc_font_color=\u00a0\u00bb#FFFFFF\u00a0\u00bb][vc_column add_column_link=\u00a0\u00bbyes\u00a0\u00bb column_link=\u00a0\u00bburl:https%3A%2F%2Fyoutu.be%2FkYT3GU4y9YY\u00a0\u00bb column_link_class=\u00a0\u00bbgrve-video-popup\u00a0\u00bb hover_animation=\u00a0\u00bbmagnetism\u00a0\u00bb]<div class=\"grve-element grve-box-icon grve-medium grve-side-icon grve-align-left grve-vertical-align-middle grve-layout-2\"><div class=\"grve-wrapper-icon grve-image-icon\"><div class=\"grve-thumbnail-wrapper\"  style=\"width: 195px;\"><div class=\"grve-thumbnail\"  style=\"padding-top: 51.282%;\"><img loading=\"lazy\" decoding=\"async\" width=\"195\" height=\"100\" src=\"https:\/\/www.cmap.be\/wp-content\/uploads\/2025\/12\/LSFB_play-video.png\" class=\"attachment-full size-full\" alt=\"\" srcset=\"https:\/\/www.cmap.be\/wp-content\/uploads\/2025\/12\/LSFB_play-video.png 1x,https:\/\/www.cmap.be\/wp-content\/uploads\/2025\/12\/LSFB_play-video@2x.png 2x\" data-column-space=\"auto\" data-lazyload=\"\" data-grve-filter=\"yes\" \/><\/div><\/div><\/div><div class=\"grve-box-content\"><h3 class=\"grve-box-title grve-h5\">D\u00e9couvrez ce contenu en langue des signes (LSFB)<\/h3><p class=\"\">Cette page est \u00e9galement disponible en langue des signes belge francophone (LSFB). Regardez la vid\u00e9o.<\/p><\/div><\/div>[\/vc_column][\/vc_row][vc_row padding_top_multiplier=\u00a0\u00bb3x\u00a0\u00bb padding_bottom_multiplier=\u00a0\u00bb3x\u00a0\u00bb rc_link_color=\u00a0\u00bbprimary-2&Prime; rc_bg_type=\u00a0\u00bbcolor\u00a0\u00bb rc_bg_color=\u00a0\u00bb#FFFFFF\u00a0\u00bb][vc_column column_sticky=\u00a0\u00bbyes\u00a0\u00bb column_sticky_offset=\u00a0\u00bb50&Prime;][vc_tta_tabs alignment=\u00a0\u00bbcenter\u00a0\u00bb active_section=\u00a0\u00bb1&Prime; heading=\u00a0\u00bbh5&Prime;][vc_tta_section title=\u00a0\u00bbSuivi individuel\u00a0\u00bb tab_id=\u00a0\u00bbsuivi-individuel\u00a0\u00bb][vc_column_text css=\u00a0\u00bb\u00a0\u00bb]L\u2019enfance et l\u2019adolescence sont des p\u00e9riodes rythm\u00e9es par des changements physiques et psychiques importants. Parfois, ces \u00e9tapes de d\u00e9veloppement peuvent \u00eatre plus difficiles \u00e0 vivre lorsqu\u2019elles sont accompagn\u00e9es de certaines difficult\u00e9s, d\u2019un handicap, d\u2019un nouveau diagnostic, etc. Il est important d\u2019en discuter afin de ne pas rester dans l\u2019incompr\u00e9hension et l\u2019angoisse qui peuvent totalement bloquer les apprentissages. L\u2019objectif de ces s\u00e9ances th\u00e9rapeutiques est donc de rencontrer l\u2019enfant dans sa probl\u00e9matique. La psychologue a pour mission de d\u00e9velopper les potentialit\u00e9s de l\u2019enfant et de favoriser son \u00e9panouissement personnel ainsi que son autonomie.<\/p>\n<p>En fonction de la demande de l\u2019entourage, de l\u2019\u00e9quipe, du patient, l\u2019objectif peut \u00eatre de travailler sur diverses probl\u00e9matiques :<\/p>\n<ul style=\"columns: 2; -webkit-columns: 2; -moz-columns: 2;\">\n<li>Identification et gestion des \u00e9motions<\/li>\n<li>Col\u00e8re, difficult\u00e9s \u00e0 g\u00e9rer la frustration<\/li>\n<li>Peurs, angoisses, cauchemars, difficult\u00e9s \u00e0 g\u00e9rer l\u2019anxi\u00e9t\u00e9<\/li>\n<li>Tristesse, deuil difficile, etc<\/li>\n<li>D\u00e9veloppement de l\u2019intelligence \u00e9motionnelle<\/li>\n<li>D\u00e9veloppement des comp\u00e9tences psychosociales, habilet\u00e9s sociales<\/li>\n<li>Confiance en soi et estime de soi<\/li>\n<li>Connaissance de soi<\/li>\n<li>Besoins affectifs intenses, d\u2019\u00e9coute, etc<\/li>\n<li>Difficult\u00e9 d\u2019acceptation d\u2019un diagnostic<\/li>\n<li>Harc\u00e8lement<\/li>\n<\/ul>\n<p>[\/vc_column_text][\/vc_tta_section][vc_tta_section title=\u00a0\u00bbMat\u00e9riel utilis\u00e9\u00a0\u00bb tab_id=\u00a0\u00bbmateriel\u00a0\u00bb][vc_column_text css=\u00a0\u00bb\u00a0\u00bb]Lors des s\u00e9ances, afin de faciliter la communication, la psychologue utilise la langue fran\u00e7aise, la langue des signes francophone belge (LSFB) ainsi que l\u2019utilisation des CAA (tablettes de communication, pictogrammes, cahier de communication, etc).<\/p>\n<p>Diff\u00e9rents outils et mat\u00e9riels sont utilis\u00e9s comme le jeu libre, l\u2019art et la cr\u00e9ativit\u00e9 (dessin, peinture, p\u00e2te \u00e0 modeler, etc) afin d\u2019offrir au patient un espace ludique o\u00f9 il peut s\u2019exprimer et s\u2019ouvrir. D\u2019autres mat\u00e9riels plus conventionnels sont utilis\u00e9s tels que les jeux de soci\u00e9t\u00e9s, les livres, les roues des \u00e9motions. Pour travailler sur la compr\u00e9hension du monde qui nous entoure, sur le d\u00e9veloppement des habilet\u00e9s sociales, la psychologue utilise \u00e9galement les sc\u00e9narios sociaux, les sayn\u00e8tes.[\/vc_column_text][\/vc_tta_section][vc_tta_section title=\u00a0\u00bbSuivi psycho-social\u00a0\u00bb tab_id=\u00a0\u00bbsuivi-psycho-social\u00a0\u00bb][vc_column_text css=\u00a0\u00bb\u00a0\u00bb]La psychologue et l\u2019assistante sociale proposent <strong>des entretiens, des guidances parentales <\/strong>et <strong>des visites \u00e0 domicile<\/strong> aux parents afin d\u2019accompagner et soutenir les parents tout au long du processus de la r\u00e9\u00e9ducation, de cr\u00e9er et maintenir un lien th\u00e9rapeutique ainsi que de faire l\u2019interm\u00e9diaire entre l\u2019\u00e9cole, le centre et la maison.[\/vc_column_text][\/vc_tta_section][\/vc_tta_tabs][\/vc_column][\/vc_row][vc_row padding_top_multiplier=\u00a0\u00bb3x\u00a0\u00bb][vc_column]<h3 class=\"grve-element grve-title grve-align-inherit grve-h5\"><span>La psychologue du CMAP<\/span><\/h3>[\/vc_column][\/vc_row][vc_row padding_top_multiplier=\u00a0\u00bb\u00a0\u00bb padding_bottom_multiplier=\u00a0\u00bb3x\u00a0\u00bb][vc_column]<div class=\"grve-element grve-team grve-layout-4\">\r\n\t<div class=\"grve-team-person\">\r\n\t\t<img loading=\"lazy\" decoding=\"async\" width=\"150\" height=\"150\" src=\"https:\/\/www.cmap.be\/wp-content\/uploads\/2025\/07\/psychologue-150x150.jpg\" class=\"attachment-thumbnail size-thumbnail\" alt=\"\" data-column-space=\"auto\" data-lazyload=\"\" srcset=\"https:\/\/www.cmap.be\/wp-content\/uploads\/2025\/07\/psychologue-150x150.jpg 150w, https:\/\/www.cmap.be\/wp-content\/uploads\/2025\/07\/psychologue-300x300.jpg 300w, https:\/\/www.cmap.be\/wp-content\/uploads\/2025\/07\/psychologue.jpg 512w\" sizes=\"auto, (max-width: 150px) 100vw, 150px\" \/>\t\t\t<\/div>\r\n\t<div class=\"grve-team-description\">\r\n\t\t\t\t<div class=\"grve-team-identity grve-small-text\">Psychologue, Orthop\u00e9dagogue clinicienne &amp; Psychoth\u00e9rapeute sp\u00e9cialis\u00e9e pour enfants et adolescents<\/div>\r\n\t\t\t\t<h4 class=\"grve-team-name grve-h6\">Delphine WARRANT<\/h4>\r\n\t<\/div>\r\n<\/div>\r\n[\/vc_column][\/vc_row]<\/p>\n<\/div>","protected":false},"excerpt":{"rendered":"<p>[vc_row padding_top_multiplier=\u00a0\u00bb3x\u00a0\u00bb padding_bottom_multiplier=\u00a0\u00bb3x\u00a0\u00bb columns_gap=\u00a0\u00bb60&Prime;][vc_column width=\u00a0\u00bb1\/2&Prime; vertical_content_position=\u00a0\u00bbmiddle\u00a0\u00bb][vc_row_inner][vc_column_inner grve_css=\u00a0\u00bb{\u00ab\u00a0desktop\u00ab\u00a0:{\u00ab\u00a0margin-top\u00ab\u00a0:\u00ab\u00a0-16%\u00ab\u00a0,\u00ab\u00a0margin-left\u00ab\u00a0:\u00ab\u00a0-6%\u00ab\u00a0,\u00ab\u00a0class\u00ab\u00a0:\u00ab\u00a0grve-wpb-1750848464180\u00ab\u00a0},\u00ab\u00a0tablet_portrait\u00ab\u00a0:{\u00ab\u00a0margin-left\u00ab\u00a0:\u00ab\u00a0-2%\u00ab\u00a0}}\u00a0\u00bb][\/vc_column_inner][\/vc_row_inner][\/vc_column][vc_column width=\u00a0\u00bb1\/2&Prime; vertical_content_position=\u00a0\u00bbmiddle\u00a0\u00bb][vc_column_text css=\u00a0\u00bb\u00a0\u00bb text_style=\u00a0\u00bbleader-text\u00a0\u00bb]La psychologue intervient \u00e0 la demande des familles ou des th\u00e9rapeutes s\u2019il y a des inqui\u00e9tudes particuli\u00e8res quant au bien-\u00eatre et aux comportements de l\u2019enfant. La psychologue rencontre \u00e9galement l\u2019enfant et les parents lors du bilan initial au CMAP.[\/vc_column_text][\/vc_column][\/vc_row][vc_row rc_heading_color=\u00a0\u00bbwhite\u00a0\u00bb rc_bg_type=\u00a0\u00bbcolor\u00a0\u00bb rc_bg_color=\u00a0\u00bb#213B88&Prime; rc_font_color=\u00a0\u00bb#FFFFFF\u00a0\u00bb][vc_column add_column_link=\u00a0\u00bbyes\u00a0\u00bb column_link=\u00a0\u00bburl:https%3A%2F%2Fyoutu.be%2FkYT3GU4y9YY\u00a0\u00bb [&hellip;]<\/p>\n","protected":false},"author":1,"featured_media":0,"parent":14,"menu_order":0,"comment_status":"closed","ping_status":"closed","template":"","meta":{"footnotes":""},"class_list":["post-244","page","type-page","status-publish","hentry","grve-entry-item"],"yoast_head":"<!-- This site is optimized with the Yoast SEO plugin v27.3 - https:\/\/yoast.com\/product\/yoast-seo-wordpress\/ -->\n<title>Psychologue \u2013 Soutien psychologique | CMAP Bruxelles<\/title>\n<meta name=\"description\" content=\"La psychologue du CMAP soutient les enfants et leur famille dans le cadre de troubles du d\u00e9veloppement ou de la communication, \u00e0 Bruxelles.\" \/>\n<meta name=\"robots\" content=\"index, follow, max-snippet:-1, max-image-preview:large, max-video-preview:-1\" \/>\n<link rel=\"canonical\" href=\"https:\/\/www.cmap.be\/fr\/equipe\/psychologue\/\" \/>\n<meta property=\"og:locale\" content=\"fr_FR\" \/>\n<meta property=\"og:type\" content=\"article\" \/>\n<meta property=\"og:title\" content=\"Psychologue \u2013 Soutien psychologique | CMAP Bruxelles\" \/>\n<meta property=\"og:description\" content=\"La psychologue du CMAP soutient les enfants et leur famille dans le cadre de troubles du d\u00e9veloppement ou de la communication, \u00e0 Bruxelles.\" \/>\n<meta property=\"og:url\" content=\"https:\/\/www.cmap.be\/fr\/equipe\/psychologue\/\" \/>\n<meta property=\"og:site_name\" content=\"CMAP\" \/>\n<meta property=\"article:modified_time\" content=\"2025-12-27T13:26:36+00:00\" \/>\n<meta property=\"og:image\" content=\"https:\/\/www.cmap.be\/wp-content\/uploads\/2025\/08\/cmap-share.jpg\" \/>\n\t<meta property=\"og:image:width\" content=\"1200\" \/>\n\t<meta property=\"og:image:height\" content=\"675\" \/>\n\t<meta property=\"og:image:type\" content=\"image\/jpeg\" \/>\n<meta name=\"twitter:card\" content=\"summary_large_image\" \/>\n<meta name=\"twitter:label1\" content=\"Dur\u00e9e de lecture estim\u00e9e\" \/>\n\t<meta name=\"twitter:data1\" content=\"4 minutes\" \/>\n<script type=\"application\/ld+json\" class=\"yoast-schema-graph\">{\"@context\":\"https:\\\/\\\/schema.org\",\"@graph\":[{\"@type\":\"WebPage\",\"@id\":\"https:\\\/\\\/www.cmap.be\\\/fr\\\/equipe\\\/psychologue\\\/\",\"url\":\"https:\\\/\\\/www.cmap.be\\\/fr\\\/equipe\\\/psychologue\\\/\",\"name\":\"Psychologue \u2013 Soutien psychologique | CMAP Bruxelles\",\"isPartOf\":{\"@id\":\"https:\\\/\\\/www.cmap.be\\\/fr\\\/#website\"},\"datePublished\":\"2025-06-19T23:08:39+00:00\",\"dateModified\":\"2025-12-27T13:26:36+00:00\",\"description\":\"La psychologue du CMAP soutient les enfants et leur famille dans le cadre de troubles du d\u00e9veloppement ou de la communication, \u00e0 Bruxelles.\",\"breadcrumb\":{\"@id\":\"https:\\\/\\\/www.cmap.be\\\/fr\\\/equipe\\\/psychologue\\\/#breadcrumb\"},\"inLanguage\":\"fr-FR\",\"potentialAction\":[{\"@type\":\"ReadAction\",\"target\":[\"https:\\\/\\\/www.cmap.be\\\/fr\\\/equipe\\\/psychologue\\\/\"]}]},{\"@type\":\"BreadcrumbList\",\"@id\":\"https:\\\/\\\/www.cmap.be\\\/fr\\\/equipe\\\/psychologue\\\/#breadcrumb\",\"itemListElement\":[{\"@type\":\"ListItem\",\"position\":1,\"name\":\"Accueil\",\"item\":\"https:\\\/\\\/www.cmap.be\\\/fr\\\/\"},{\"@type\":\"ListItem\",\"position\":2,\"name\":\"\u00c9quipe\",\"item\":\"https:\\\/\\\/www.cmap.be\\\/fr\\\/equipe\\\/\"},{\"@type\":\"ListItem\",\"position\":3,\"name\":\"Psychologue\"}]},{\"@type\":\"WebSite\",\"@id\":\"https:\\\/\\\/www.cmap.be\\\/fr\\\/#website\",\"url\":\"https:\\\/\\\/www.cmap.be\\\/fr\\\/\",\"name\":\"CMAP\",\"description\":\"Centre M\u00e9dical d&#039;Audio-Phonologie\",\"publisher\":{\"@id\":\"https:\\\/\\\/www.cmap.be\\\/fr\\\/#organization\"},\"potentialAction\":[{\"@type\":\"SearchAction\",\"target\":{\"@type\":\"EntryPoint\",\"urlTemplate\":\"https:\\\/\\\/www.cmap.be\\\/fr\\\/?s={search_term_string}\"},\"query-input\":{\"@type\":\"PropertyValueSpecification\",\"valueRequired\":true,\"valueName\":\"search_term_string\"}}],\"inLanguage\":\"fr-FR\"},{\"@type\":\"Organization\",\"@id\":\"https:\\\/\\\/www.cmap.be\\\/fr\\\/#organization\",\"name\":\"CMAP\",\"url\":\"https:\\\/\\\/www.cmap.be\\\/fr\\\/\",\"logo\":{\"@type\":\"ImageObject\",\"inLanguage\":\"fr-FR\",\"@id\":\"https:\\\/\\\/www.cmap.be\\\/fr\\\/#\\\/schema\\\/logo\\\/image\\\/\",\"url\":\"https:\\\/\\\/www.cmap.be\\\/wp-content\\\/uploads\\\/2025\\\/06\\\/cropped-sigle-CMAP.png\",\"contentUrl\":\"https:\\\/\\\/www.cmap.be\\\/wp-content\\\/uploads\\\/2025\\\/06\\\/cropped-sigle-CMAP.png\",\"width\":512,\"height\":512,\"caption\":\"CMAP\"},\"image\":{\"@id\":\"https:\\\/\\\/www.cmap.be\\\/fr\\\/#\\\/schema\\\/logo\\\/image\\\/\"}}]}<\/script>\n<!-- \/ Yoast SEO plugin. -->","yoast_head_json":{"title":"Psychologue \u2013 Soutien psychologique | CMAP Bruxelles","description":"La psychologue du CMAP soutient les enfants et leur famille dans le cadre de troubles du d\u00e9veloppement ou de la communication, \u00e0 Bruxelles.","robots":{"index":"index","follow":"follow","max-snippet":"max-snippet:-1","max-image-preview":"max-image-preview:large","max-video-preview":"max-video-preview:-1"},"canonical":"https:\/\/www.cmap.be\/fr\/equipe\/psychologue\/","og_locale":"fr_FR","og_type":"article","og_title":"Psychologue \u2013 Soutien psychologique | CMAP Bruxelles","og_description":"La psychologue du CMAP soutient les enfants et leur famille dans le cadre de troubles du d\u00e9veloppement ou de la communication, \u00e0 Bruxelles.","og_url":"https:\/\/www.cmap.be\/fr\/equipe\/psychologue\/","og_site_name":"CMAP","article_modified_time":"2025-12-27T13:26:36+00:00","og_image":[{"width":1200,"height":675,"url":"https:\/\/www.cmap.be\/wp-content\/uploads\/2025\/08\/cmap-share.jpg","type":"image\/jpeg"}],"twitter_card":"summary_large_image","twitter_misc":{"Dur\u00e9e de lecture estim\u00e9e":"4 minutes"},"schema":{"@context":"https:\/\/schema.org","@graph":[{"@type":"WebPage","@id":"https:\/\/www.cmap.be\/fr\/equipe\/psychologue\/","url":"https:\/\/www.cmap.be\/fr\/equipe\/psychologue\/","name":"Psychologue \u2013 Soutien psychologique | CMAP Bruxelles","isPartOf":{"@id":"https:\/\/www.cmap.be\/fr\/#website"},"datePublished":"2025-06-19T23:08:39+00:00","dateModified":"2025-12-27T13:26:36+00:00","description":"La psychologue du CMAP soutient les enfants et leur famille dans le cadre de troubles du d\u00e9veloppement ou de la communication, \u00e0 Bruxelles.","breadcrumb":{"@id":"https:\/\/www.cmap.be\/fr\/equipe\/psychologue\/#breadcrumb"},"inLanguage":"fr-FR","potentialAction":[{"@type":"ReadAction","target":["https:\/\/www.cmap.be\/fr\/equipe\/psychologue\/"]}]},{"@type":"BreadcrumbList","@id":"https:\/\/www.cmap.be\/fr\/equipe\/psychologue\/#breadcrumb","itemListElement":[{"@type":"ListItem","position":1,"name":"Accueil","item":"https:\/\/www.cmap.be\/fr\/"},{"@type":"ListItem","position":2,"name":"\u00c9quipe","item":"https:\/\/www.cmap.be\/fr\/equipe\/"},{"@type":"ListItem","position":3,"name":"Psychologue"}]},{"@type":"WebSite","@id":"https:\/\/www.cmap.be\/fr\/#website","url":"https:\/\/www.cmap.be\/fr\/","name":"CMAP","description":"Centre M\u00e9dical d&#039;Audio-Phonologie","publisher":{"@id":"https:\/\/www.cmap.be\/fr\/#organization"},"potentialAction":[{"@type":"SearchAction","target":{"@type":"EntryPoint","urlTemplate":"https:\/\/www.cmap.be\/fr\/?s={search_term_string}"},"query-input":{"@type":"PropertyValueSpecification","valueRequired":true,"valueName":"search_term_string"}}],"inLanguage":"fr-FR"},{"@type":"Organization","@id":"https:\/\/www.cmap.be\/fr\/#organization","name":"CMAP","url":"https:\/\/www.cmap.be\/fr\/","logo":{"@type":"ImageObject","inLanguage":"fr-FR","@id":"https:\/\/www.cmap.be\/fr\/#\/schema\/logo\/image\/","url":"https:\/\/www.cmap.be\/wp-content\/uploads\/2025\/06\/cropped-sigle-CMAP.png","contentUrl":"https:\/\/www.cmap.be\/wp-content\/uploads\/2025\/06\/cropped-sigle-CMAP.png","width":512,"height":512,"caption":"CMAP"},"image":{"@id":"https:\/\/www.cmap.be\/fr\/#\/schema\/logo\/image\/"}}]}},"_links":{"self":[{"href":"https:\/\/www.cmap.be\/fr\/wp-json\/wp\/v2\/pages\/244","targetHints":{"allow":["GET"]}}],"collection":[{"href":"https:\/\/www.cmap.be\/fr\/wp-json\/wp\/v2\/pages"}],"about":[{"href":"https:\/\/www.cmap.be\/fr\/wp-json\/wp\/v2\/types\/page"}],"author":[{"embeddable":true,"href":"https:\/\/www.cmap.be\/fr\/wp-json\/wp\/v2\/users\/1"}],"replies":[{"embeddable":true,"href":"https:\/\/www.cmap.be\/fr\/wp-json\/wp\/v2\/comments?post=244"}],"version-history":[{"count":11,"href":"https:\/\/www.cmap.be\/fr\/wp-json\/wp\/v2\/pages\/244\/revisions"}],"predecessor-version":[{"id":701,"href":"https:\/\/www.cmap.be\/fr\/wp-json\/wp\/v2\/pages\/244\/revisions\/701"}],"up":[{"embeddable":true,"href":"https:\/\/www.cmap.be\/fr\/wp-json\/wp\/v2\/pages\/14"}],"wp:attachment":[{"href":"https:\/\/www.cmap.be\/fr\/wp-json\/wp\/v2\/media?parent=244"}],"curies":[{"name":"wp","href":"https:\/\/api.w.org\/{rel}","templated":true}]}}