{"id":246,"date":"2025-06-19T23:09:30","date_gmt":"2025-06-19T23:09:30","guid":{"rendered":"https:\/\/cmap.uni-vert.be\/?page_id=246"},"modified":"2025-12-27T13:25:31","modified_gmt":"2025-12-27T13:25:31","slug":"neuropsychologue","status":"publish","type":"page","link":"https:\/\/www.cmap.be\/fr\/equipe\/neuropsychologue\/","title":{"rendered":"Neuropsychologue"},"content":{"rendered":"<div class=\"wpb-content-wrapper\"><p>[vc_row padding_top_multiplier=\u00a0\u00bb3x\u00a0\u00bb padding_bottom_multiplier=\u00a0\u00bb3x\u00a0\u00bb columns_gap=\u00a0\u00bb60&Prime;][vc_column width=\u00a0\u00bb2\/5&Prime; vertical_content_position=\u00a0\u00bbmiddle\u00a0\u00bb]<div class=\"grve-element grve-slider grve-layout-1\">\r\n\t<div class=\"grve-carousel-wrapper\">\r\n\t\t\t<div class=\"grve-carousel-navigation grve-navigation-arrow-1\">\r\n\t\t<div class=\"grve-carousel-buttons\">\r\n\t\t\t<div class=\"grve-carousel-prev\"><div class=\"grve-svg-icon grve-direction-left grve-arrow-1 grve-svg-black grve-with-shape grve-circle grve-bg-white\">\t\t\t<svg width=\"12px\" height=\"12px\" viewBox=\"0 0 12 12\">\r\n\t\t\t\t<polygon points=\"3.6 0 10 6 3.6 12 2 10.5 6.8 6 2 1.5\"><\/polygon>\r\n\t\t\t<\/svg>\r\n\t\t\t<\/div><\/div>\r\n\t\t\t<div class=\"grve-carousel-next\"><div class=\"grve-svg-icon grve-direction-right grve-arrow-1 grve-svg-black grve-with-shape grve-circle grve-bg-white\">\t\t\t<svg width=\"12px\" height=\"12px\" viewBox=\"0 0 12 12\">\r\n\t\t\t\t<polygon points=\"3.6 0 10 6 3.6 12 2 10.5 6.8 6 2 1.5\"><\/polygon>\r\n\t\t\t<\/svg>\r\n\t\t\t<\/div><\/div>\r\n\t\t<\/div>\r\n\t<\/div>\r\n\t\t<div data-slider-autoplay=\"yes\" data-slider-loop=\"yes\" data-slider-speed=\"3000\" data-slider-pause=\"no\" data-slider-transition=\"slide\" data-slider-autoheight=\"\" data-pagination=\"yes\" data-pagination-speed=\"400\" class=\"grve-slider-element\">\r\n\t\t\t<div class=\"grve-slider-item\">\r\n\t\t\t\t\r\n\r\n<div class=\"grve-image-wrapper grve-radius- grve-shadow- grve-no-effect\">\r\n\t\t<div class=\"grve-thumbnail-wrapper\"><div class=\"grve-thumbnail\"  style=\"padding-top: 100%;\"><img loading=\"lazy\" decoding=\"async\" width=\"560\" height=\"560\" src=\"https:\/\/www.cmap.be\/wp-content\/uploads\/2025\/06\/neuropsy1-560x560.jpg\" class=\"attachment-impeka-grve-small-square size-impeka-grve-small-square\" alt=\"neuropsychologue du CMAP \u00e0 Bruxelles\" data-lazyload=\"\" data-column-space=\"100\" data-grve-filter=\"yes\" srcset=\"https:\/\/www.cmap.be\/wp-content\/uploads\/2025\/06\/neuropsy1-560x560.jpg 560w, https:\/\/www.cmap.be\/wp-content\/uploads\/2025\/06\/neuropsy1-150x150.jpg 150w, https:\/\/www.cmap.be\/wp-content\/uploads\/2025\/06\/neuropsy1-900x900.jpg 900w\" sizes=\"auto, (max-width: 560px) 100vw, 560px\" \/><\/div><\/div>\t<\/div>\r\n\t\t\t<\/div>\r\n\t\t\t<div class=\"grve-slider-item\">\r\n\t\t\t\t\r\n\r\n<div class=\"grve-image-wrapper grve-radius- grve-shadow- grve-no-effect\">\r\n\t\t<div class=\"grve-thumbnail-wrapper\"><div class=\"grve-thumbnail\"  style=\"padding-top: 100%;\"><img loading=\"lazy\" decoding=\"async\" width=\"560\" height=\"560\" src=\"https:\/\/www.cmap.be\/wp-content\/uploads\/2025\/06\/neuropsy2-560x560.jpg\" class=\"attachment-impeka-grve-small-square size-impeka-grve-small-square\" alt=\"bureau du neuropsychologue du CMAP \u00e0 Bruxelles\" data-lazyload=\"\" data-column-space=\"100\" data-grve-filter=\"yes\" srcset=\"https:\/\/www.cmap.be\/wp-content\/uploads\/2025\/06\/neuropsy2-560x560.jpg 560w, https:\/\/www.cmap.be\/wp-content\/uploads\/2025\/06\/neuropsy2-150x150.jpg 150w, https:\/\/www.cmap.be\/wp-content\/uploads\/2025\/06\/neuropsy2-900x900.jpg 900w\" sizes=\"auto, (max-width: 560px) 100vw, 560px\" \/><\/div><\/div>\t<\/div>\r\n\t\t\t<\/div>\r\n\t\t<\/div>\r\n\t<\/div>\r\n<\/div>\r\n[vc_row_inner][vc_column_inner grve_css=\u00a0\u00bb{\u00ab\u00a0desktop\u00ab\u00a0:{\u00ab\u00a0margin-top\u00ab\u00a0:\u00ab\u00a0-16%\u00ab\u00a0,\u00ab\u00a0margin-left\u00ab\u00a0:\u00ab\u00a0-6%\u00ab\u00a0,\u00ab\u00a0class\u00ab\u00a0:\u00ab\u00a0grve-wpb-1750848405368\u00ab\u00a0},\u00ab\u00a0tablet_portrait\u00ab\u00a0:{\u00ab\u00a0margin-left\u00ab\u00a0:\u00ab\u00a0-2%\u00ab\u00a0}}\u00a0\u00bb]<div class=\"grve-element grve-divider\"><span class=\"grve-custom-divider grve-bg-primary-2 grve-align-inherit\" style=\"width: 50px;height: 10px;\"><\/span><\/div>[\/vc_column_inner][\/vc_row_inner][\/vc_column][vc_column width=\u00a0\u00bb3\/5&Prime; vertical_content_position=\u00a0\u00bbmiddle\u00a0\u00bb]<h3 class=\"grve-element grve-title grve-align-inherit grve-subtitle-text grve-text-primary-2\"><span>\u00c9quipe param\u00e9dicale du CMAP<\/span><\/h3><div class=\"grve-element grve-box-icon grve-large grve-side-icon grve-align-left grve-vertical-align-middle grve-layout-2\" style=\"margin-bottom: 30px;\"><div class=\"grve-wrapper-icon\" style=\"\"><span class=\"grve-box-icon et-icon-happy grve-text-primary-1\"><\/span><\/div><div class=\"grve-box-content\"><h1 class=\"grve-box-title grve-h1\">Neuropsychologue<\/h1><\/div><\/div>[vc_column_text css=\u00a0\u00bb\u00a0\u00bb text_style=\u00a0\u00bbleader-text\u00a0\u00bb]Le neuropsychologue, au sein de l\u2019\u00e9quipe multidisciplinaire, joue \u00e0 la fois un r\u00f4le diagnostic et \u00e0 la fois th\u00e9rapeutique en particulier pour les enfants qui pr\u00e9sentent des difficult\u00e9s attentionnelles (trouble d\u00e9ficitaire de l\u2019attention avec ou sans hyperactivit\u00e9), ex\u00e9cutives, visuo-spatiales, neurovisuelles. Il accompagne \u00e9galement les enfants dans le but de les aider \u00e0 d\u00e9velopper une m\u00e9thode de travail efficace ou des strat\u00e9gies de travail adapt\u00e9es.[\/vc_column_text][\/vc_column][\/vc_row][vc_row rc_heading_color=\u00a0\u00bbwhite\u00a0\u00bb rc_bg_type=\u00a0\u00bbcolor\u00a0\u00bb rc_bg_color=\u00a0\u00bb#213B88&Prime; rc_font_color=\u00a0\u00bb#FFFFFF\u00a0\u00bb][vc_column add_column_link=\u00a0\u00bbyes\u00a0\u00bb column_link=\u00a0\u00bburl:https%3A%2F%2Fyoutu.be%2FUvKsT5tAs2g\u00a0\u00bb column_link_class=\u00a0\u00bbgrve-video-popup\u00a0\u00bb hover_animation=\u00a0\u00bbmagnetism\u00a0\u00bb]<div class=\"grve-element grve-box-icon grve-medium grve-side-icon grve-align-left grve-vertical-align-middle grve-layout-2\"><div class=\"grve-wrapper-icon grve-image-icon\"><div class=\"grve-thumbnail-wrapper\"  style=\"width: 195px;\"><div class=\"grve-thumbnail\"  style=\"padding-top: 51.282%;\"><img loading=\"lazy\" decoding=\"async\" width=\"195\" height=\"100\" src=\"https:\/\/www.cmap.be\/wp-content\/uploads\/2025\/12\/LSFB_play-video.png\" class=\"attachment-full size-full\" alt=\"\" srcset=\"https:\/\/www.cmap.be\/wp-content\/uploads\/2025\/12\/LSFB_play-video.png 1x,https:\/\/www.cmap.be\/wp-content\/uploads\/2025\/12\/LSFB_play-video@2x.png 2x\" data-column-space=\"auto\" data-lazyload=\"\" data-grve-filter=\"yes\" \/><\/div><\/div><\/div><div class=\"grve-box-content\"><h3 class=\"grve-box-title grve-h5\">D\u00e9couvrez ce contenu en langue des signes (LSFB)<\/h3><p class=\"\">Cette page est \u00e9galement disponible en langue des signes belge francophone (LSFB). Regardez la vid\u00e9o.<\/p><\/div><\/div>[\/vc_column][\/vc_row][vc_row padding_top_multiplier=\u00a0\u00bb3x\u00a0\u00bb padding_bottom_multiplier=\u00a0\u00bb3x\u00a0\u00bb rc_bg_type=\u00a0\u00bbcolor\u00a0\u00bb rc_bg_color=\u00a0\u00bb#FFFFFF\u00a0\u00bb][vc_column width=\u00a0\u00bb1\/2&Prime;]<h3 class=\"grve-element grve-title grve-align-inherit grve-h5\"><span>Le bilan<\/span><\/h3>[vc_column_text css=\u00a0\u00bb\u00a0\u00bb]Le bilan neuropsychologique se base sur une anamn\u00e8se avec l\u2019enfant et ses parents, une observation clinique et des tests psychom\u00e9triques (QI, tests attentionnels\u2026). Il permet d\u2019identifier la nature ou la cause des troubles et ainsi, de mieux comprendre le fonctionnement cognitif et les difficult\u00e9s \u00e9ventuelles que l\u2019enfant rencontre lors des activit\u00e9s de la vie quotidienne (\u00e0 la maison, \u00e0 l\u2019\u00e9cole, dans les activit\u00e9s parascolaires, etc.).<\/p>\n<p>Les tests psychom\u00e9triques constituent l\u2019outil principal du neuropsychologue. Ces tests visent \u00e0 explorer les capacit\u00e9s cognitives de l\u2019enfant de la mani\u00e8re la plus large et la plus pr\u00e9cise possible, afin d\u2019identifier au mieux ses forces et ses faiblesses cognitives.[\/vc_column_text][\/vc_column][vc_column width=\u00a0\u00bb1\/2&Prime;]<h3 class=\"grve-element grve-title grve-align-inherit grve-h5\"><span>La r\u00e9\u00e9ducation<\/span><\/h3>[vc_column_text css=\u00a0\u00bb\u00a0\u00bb]Une fois le bilan effectu\u00e9 et le profil de l\u2019enfant clairement identifi\u00e9, le neuropsychologue peut ensuite proposer une r\u00e9\u00e9ducation adapt\u00e9e aux difficult\u00e9s de l\u2019enfant.<\/p>\n<p>La r\u00e9\u00e9ducation vise \u00e0 am\u00e9liorer l\u2019autonomie de l\u2019enfant dans les domaines o\u00f9 les difficult\u00e9s apparaissent, en s\u2019appuyant au maximum sur ses forces pour contourner ses faiblesses.<\/p>\n<p>La r\u00e9\u00e9ducation se compose dans un premier temps d\u2019une sensibilisation aux difficult\u00e9s afin de pouvoir davantage les identifier et donc, les anticiper. Ensuite, en collaboration avec l\u2019enfant, des strat\u00e9gies compensatoires sont \u00e9labor\u00e9es, par l\u2019interm\u00e9diaire d\u2019exercices, de jeux, de mise en situation, etc. Cela permet par la suite de faciliter le transfert de ces strat\u00e9gies dans la vie quotidienne.[\/vc_column_text][\/vc_column][\/vc_row][vc_row padding_top_multiplier=\u00a0\u00bb3x\u00a0\u00bb padding_bottom_multiplier=\u00a0\u00bb3x\u00a0\u00bb][vc_column]<h3 class=\"grve-element grve-title grve-align-inherit grve-h5\" style=\"margin-bottom: 30px;\"><span>Le neuropsychologue du CMAP<\/span><\/h3><div class=\"grve-element grve-team grve-layout-4\">\r\n\t<div class=\"grve-team-person\">\r\n\t\t<img loading=\"lazy\" decoding=\"async\" width=\"150\" height=\"150\" src=\"https:\/\/www.cmap.be\/wp-content\/uploads\/2025\/06\/neuropsy-icon-150x150.jpg\" class=\"attachment-thumbnail size-thumbnail\" alt=\"neuropsychologue du CMAP \u00e0 Bruxelles\" data-column-space=\"auto\" data-lazyload=\"\" srcset=\"https:\/\/www.cmap.be\/wp-content\/uploads\/2025\/06\/neuropsy-icon-150x150.jpg 150w, https:\/\/www.cmap.be\/wp-content\/uploads\/2025\/06\/neuropsy-icon-300x300.jpg 300w, https:\/\/www.cmap.be\/wp-content\/uploads\/2025\/06\/neuropsy-icon.jpg 512w\" sizes=\"auto, (max-width: 150px) 100vw, 150px\" \/>\t\t\t<\/div>\r\n\t<div class=\"grve-team-description\">\r\n\t\t\t\t<div class=\"grve-team-identity grve-small-text\">Master en Sciences Psychologiques<br \/>\nNeuropsychologue<\/div>\r\n\t\t\t\t<h4 class=\"grve-team-name grve-h6\">Yannick JOSCHKO<\/h4>\r\n\t<\/div>\r\n<\/div>\r\n[\/vc_column][\/vc_row]<\/p>\n<\/div>","protected":false},"excerpt":{"rendered":"<p>[vc_row padding_top_multiplier=\u00a0\u00bb3x\u00a0\u00bb padding_bottom_multiplier=\u00a0\u00bb3x\u00a0\u00bb columns_gap=\u00a0\u00bb60&Prime;][vc_column width=\u00a0\u00bb2\/5&Prime; vertical_content_position=\u00a0\u00bbmiddle\u00a0\u00bb][vc_row_inner][vc_column_inner grve_css=\u00a0\u00bb{\u00ab\u00a0desktop\u00ab\u00a0:{\u00ab\u00a0margin-top\u00ab\u00a0:\u00ab\u00a0-16%\u00ab\u00a0,\u00ab\u00a0margin-left\u00ab\u00a0:\u00ab\u00a0-6%\u00ab\u00a0,\u00ab\u00a0class\u00ab\u00a0:\u00ab\u00a0grve-wpb-1750848405368\u00ab\u00a0},\u00ab\u00a0tablet_portrait\u00ab\u00a0:{\u00ab\u00a0margin-left\u00ab\u00a0:\u00ab\u00a0-2%\u00ab\u00a0}}\u00a0\u00bb][\/vc_column_inner][\/vc_row_inner][\/vc_column][vc_column width=\u00a0\u00bb3\/5&Prime; vertical_content_position=\u00a0\u00bbmiddle\u00a0\u00bb][vc_column_text css=\u00a0\u00bb\u00a0\u00bb text_style=\u00a0\u00bbleader-text\u00a0\u00bb]Le neuropsychologue, au sein de l\u2019\u00e9quipe multidisciplinaire, joue \u00e0 la fois un r\u00f4le diagnostic et \u00e0 la fois th\u00e9rapeutique en particulier pour les enfants qui pr\u00e9sentent des difficult\u00e9s attentionnelles (trouble d\u00e9ficitaire de l\u2019attention avec ou sans hyperactivit\u00e9), ex\u00e9cutives, visuo-spatiales, neurovisuelles. Il accompagne \u00e9galement les enfants [&hellip;]<\/p>\n","protected":false},"author":1,"featured_media":0,"parent":14,"menu_order":0,"comment_status":"closed","ping_status":"closed","template":"","meta":{"footnotes":""},"class_list":["post-246","page","type-page","status-publish","hentry","grve-entry-item"],"yoast_head":"<!-- This site is optimized with the Yoast SEO plugin v27.3 - https:\/\/yoast.com\/product\/yoast-seo-wordpress\/ -->\n<title>Neuropsychologue \u2013 Troubles cognitifs chez l\u2019enfant | CMAP<\/title>\n<meta name=\"description\" content=\"Le neuropsychologue du CMAP \u00e9value et accompagne les patients pr\u00e9sentant des troubles cognitifs, d\u2019attention ou d\u2019apprentissage dans un cadre adapt\u00e9 \u00e0 Bruxelles.\" \/>\n<meta name=\"robots\" content=\"index, follow, max-snippet:-1, max-image-preview:large, max-video-preview:-1\" \/>\n<link rel=\"canonical\" href=\"https:\/\/www.cmap.be\/fr\/equipe\/neuropsychologue\/\" \/>\n<meta property=\"og:locale\" content=\"fr_FR\" \/>\n<meta property=\"og:type\" content=\"article\" \/>\n<meta property=\"og:title\" content=\"Neuropsychologue \u2013 Troubles cognitifs chez l\u2019enfant | CMAP\" \/>\n<meta property=\"og:description\" content=\"Le neuropsychologue du CMAP \u00e9value et accompagne les patients pr\u00e9sentant des troubles cognitifs, d\u2019attention ou d\u2019apprentissage dans un cadre adapt\u00e9 \u00e0 Bruxelles.\" \/>\n<meta property=\"og:url\" content=\"https:\/\/www.cmap.be\/fr\/equipe\/neuropsychologue\/\" \/>\n<meta property=\"og:site_name\" content=\"CMAP\" \/>\n<meta property=\"article:modified_time\" content=\"2025-12-27T13:25:31+00:00\" \/>\n<meta property=\"og:image\" content=\"https:\/\/www.cmap.be\/wp-content\/uploads\/2025\/08\/cmap-share.jpg\" \/>\n\t<meta property=\"og:image:width\" content=\"1200\" \/>\n\t<meta property=\"og:image:height\" content=\"675\" \/>\n\t<meta property=\"og:image:type\" content=\"image\/jpeg\" \/>\n<meta name=\"twitter:card\" content=\"summary_large_image\" \/>\n<meta name=\"twitter:label1\" content=\"Dur\u00e9e de lecture estim\u00e9e\" \/>\n\t<meta name=\"twitter:data1\" content=\"3 minutes\" \/>\n<script type=\"application\/ld+json\" class=\"yoast-schema-graph\">{\"@context\":\"https:\\\/\\\/schema.org\",\"@graph\":[{\"@type\":\"WebPage\",\"@id\":\"https:\\\/\\\/www.cmap.be\\\/fr\\\/equipe\\\/neuropsychologue\\\/\",\"url\":\"https:\\\/\\\/www.cmap.be\\\/fr\\\/equipe\\\/neuropsychologue\\\/\",\"name\":\"Neuropsychologue \u2013 Troubles cognitifs chez l\u2019enfant | CMAP\",\"isPartOf\":{\"@id\":\"https:\\\/\\\/www.cmap.be\\\/fr\\\/#website\"},\"datePublished\":\"2025-06-19T23:09:30+00:00\",\"dateModified\":\"2025-12-27T13:25:31+00:00\",\"description\":\"Le neuropsychologue du CMAP \u00e9value et accompagne les patients pr\u00e9sentant des troubles cognitifs, d\u2019attention ou d\u2019apprentissage dans un cadre adapt\u00e9 \u00e0 Bruxelles.\",\"breadcrumb\":{\"@id\":\"https:\\\/\\\/www.cmap.be\\\/fr\\\/equipe\\\/neuropsychologue\\\/#breadcrumb\"},\"inLanguage\":\"fr-FR\",\"potentialAction\":[{\"@type\":\"ReadAction\",\"target\":[\"https:\\\/\\\/www.cmap.be\\\/fr\\\/equipe\\\/neuropsychologue\\\/\"]}]},{\"@type\":\"BreadcrumbList\",\"@id\":\"https:\\\/\\\/www.cmap.be\\\/fr\\\/equipe\\\/neuropsychologue\\\/#breadcrumb\",\"itemListElement\":[{\"@type\":\"ListItem\",\"position\":1,\"name\":\"Accueil\",\"item\":\"https:\\\/\\\/www.cmap.be\\\/fr\\\/\"},{\"@type\":\"ListItem\",\"position\":2,\"name\":\"\u00c9quipe\",\"item\":\"https:\\\/\\\/www.cmap.be\\\/fr\\\/equipe\\\/\"},{\"@type\":\"ListItem\",\"position\":3,\"name\":\"Neuropsychologue\"}]},{\"@type\":\"WebSite\",\"@id\":\"https:\\\/\\\/www.cmap.be\\\/fr\\\/#website\",\"url\":\"https:\\\/\\\/www.cmap.be\\\/fr\\\/\",\"name\":\"CMAP\",\"description\":\"Centre M\u00e9dical d&#039;Audio-Phonologie\",\"publisher\":{\"@id\":\"https:\\\/\\\/www.cmap.be\\\/fr\\\/#organization\"},\"potentialAction\":[{\"@type\":\"SearchAction\",\"target\":{\"@type\":\"EntryPoint\",\"urlTemplate\":\"https:\\\/\\\/www.cmap.be\\\/fr\\\/?s={search_term_string}\"},\"query-input\":{\"@type\":\"PropertyValueSpecification\",\"valueRequired\":true,\"valueName\":\"search_term_string\"}}],\"inLanguage\":\"fr-FR\"},{\"@type\":\"Organization\",\"@id\":\"https:\\\/\\\/www.cmap.be\\\/fr\\\/#organization\",\"name\":\"CMAP\",\"url\":\"https:\\\/\\\/www.cmap.be\\\/fr\\\/\",\"logo\":{\"@type\":\"ImageObject\",\"inLanguage\":\"fr-FR\",\"@id\":\"https:\\\/\\\/www.cmap.be\\\/fr\\\/#\\\/schema\\\/logo\\\/image\\\/\",\"url\":\"https:\\\/\\\/www.cmap.be\\\/wp-content\\\/uploads\\\/2025\\\/06\\\/cropped-sigle-CMAP.png\",\"contentUrl\":\"https:\\\/\\\/www.cmap.be\\\/wp-content\\\/uploads\\\/2025\\\/06\\\/cropped-sigle-CMAP.png\",\"width\":512,\"height\":512,\"caption\":\"CMAP\"},\"image\":{\"@id\":\"https:\\\/\\\/www.cmap.be\\\/fr\\\/#\\\/schema\\\/logo\\\/image\\\/\"}}]}<\/script>\n<!-- \/ Yoast SEO plugin. -->","yoast_head_json":{"title":"Neuropsychologue \u2013 Troubles cognitifs chez l\u2019enfant | CMAP","description":"Le neuropsychologue du CMAP \u00e9value et accompagne les patients pr\u00e9sentant des troubles cognitifs, d\u2019attention ou d\u2019apprentissage dans un cadre adapt\u00e9 \u00e0 Bruxelles.","robots":{"index":"index","follow":"follow","max-snippet":"max-snippet:-1","max-image-preview":"max-image-preview:large","max-video-preview":"max-video-preview:-1"},"canonical":"https:\/\/www.cmap.be\/fr\/equipe\/neuropsychologue\/","og_locale":"fr_FR","og_type":"article","og_title":"Neuropsychologue \u2013 Troubles cognitifs chez l\u2019enfant | CMAP","og_description":"Le neuropsychologue du CMAP \u00e9value et accompagne les patients pr\u00e9sentant des troubles cognitifs, d\u2019attention ou d\u2019apprentissage dans un cadre adapt\u00e9 \u00e0 Bruxelles.","og_url":"https:\/\/www.cmap.be\/fr\/equipe\/neuropsychologue\/","og_site_name":"CMAP","article_modified_time":"2025-12-27T13:25:31+00:00","og_image":[{"width":1200,"height":675,"url":"https:\/\/www.cmap.be\/wp-content\/uploads\/2025\/08\/cmap-share.jpg","type":"image\/jpeg"}],"twitter_card":"summary_large_image","twitter_misc":{"Dur\u00e9e de lecture estim\u00e9e":"3 minutes"},"schema":{"@context":"https:\/\/schema.org","@graph":[{"@type":"WebPage","@id":"https:\/\/www.cmap.be\/fr\/equipe\/neuropsychologue\/","url":"https:\/\/www.cmap.be\/fr\/equipe\/neuropsychologue\/","name":"Neuropsychologue \u2013 Troubles cognitifs chez l\u2019enfant | CMAP","isPartOf":{"@id":"https:\/\/www.cmap.be\/fr\/#website"},"datePublished":"2025-06-19T23:09:30+00:00","dateModified":"2025-12-27T13:25:31+00:00","description":"Le neuropsychologue du CMAP \u00e9value et accompagne les patients pr\u00e9sentant des troubles cognitifs, d\u2019attention ou d\u2019apprentissage dans un cadre adapt\u00e9 \u00e0 Bruxelles.","breadcrumb":{"@id":"https:\/\/www.cmap.be\/fr\/equipe\/neuropsychologue\/#breadcrumb"},"inLanguage":"fr-FR","potentialAction":[{"@type":"ReadAction","target":["https:\/\/www.cmap.be\/fr\/equipe\/neuropsychologue\/"]}]},{"@type":"BreadcrumbList","@id":"https:\/\/www.cmap.be\/fr\/equipe\/neuropsychologue\/#breadcrumb","itemListElement":[{"@type":"ListItem","position":1,"name":"Accueil","item":"https:\/\/www.cmap.be\/fr\/"},{"@type":"ListItem","position":2,"name":"\u00c9quipe","item":"https:\/\/www.cmap.be\/fr\/equipe\/"},{"@type":"ListItem","position":3,"name":"Neuropsychologue"}]},{"@type":"WebSite","@id":"https:\/\/www.cmap.be\/fr\/#website","url":"https:\/\/www.cmap.be\/fr\/","name":"CMAP","description":"Centre M\u00e9dical d&#039;Audio-Phonologie","publisher":{"@id":"https:\/\/www.cmap.be\/fr\/#organization"},"potentialAction":[{"@type":"SearchAction","target":{"@type":"EntryPoint","urlTemplate":"https:\/\/www.cmap.be\/fr\/?s={search_term_string}"},"query-input":{"@type":"PropertyValueSpecification","valueRequired":true,"valueName":"search_term_string"}}],"inLanguage":"fr-FR"},{"@type":"Organization","@id":"https:\/\/www.cmap.be\/fr\/#organization","name":"CMAP","url":"https:\/\/www.cmap.be\/fr\/","logo":{"@type":"ImageObject","inLanguage":"fr-FR","@id":"https:\/\/www.cmap.be\/fr\/#\/schema\/logo\/image\/","url":"https:\/\/www.cmap.be\/wp-content\/uploads\/2025\/06\/cropped-sigle-CMAP.png","contentUrl":"https:\/\/www.cmap.be\/wp-content\/uploads\/2025\/06\/cropped-sigle-CMAP.png","width":512,"height":512,"caption":"CMAP"},"image":{"@id":"https:\/\/www.cmap.be\/fr\/#\/schema\/logo\/image\/"}}]}},"_links":{"self":[{"href":"https:\/\/www.cmap.be\/fr\/wp-json\/wp\/v2\/pages\/246","targetHints":{"allow":["GET"]}}],"collection":[{"href":"https:\/\/www.cmap.be\/fr\/wp-json\/wp\/v2\/pages"}],"about":[{"href":"https:\/\/www.cmap.be\/fr\/wp-json\/wp\/v2\/types\/page"}],"author":[{"embeddable":true,"href":"https:\/\/www.cmap.be\/fr\/wp-json\/wp\/v2\/users\/1"}],"replies":[{"embeddable":true,"href":"https:\/\/www.cmap.be\/fr\/wp-json\/wp\/v2\/comments?post=246"}],"version-history":[{"count":14,"href":"https:\/\/www.cmap.be\/fr\/wp-json\/wp\/v2\/pages\/246\/revisions"}],"predecessor-version":[{"id":700,"href":"https:\/\/www.cmap.be\/fr\/wp-json\/wp\/v2\/pages\/246\/revisions\/700"}],"up":[{"embeddable":true,"href":"https:\/\/www.cmap.be\/fr\/wp-json\/wp\/v2\/pages\/14"}],"wp:attachment":[{"href":"https:\/\/www.cmap.be\/fr\/wp-json\/wp\/v2\/media?parent=246"}],"curies":[{"name":"wp","href":"https:\/\/api.w.org\/{rel}","templated":true}]}}