{"id":250,"date":"2025-06-19T23:10:27","date_gmt":"2025-06-19T23:10:27","guid":{"rendered":"https:\/\/cmap.uni-vert.be\/?page_id=250"},"modified":"2025-12-27T13:21:52","modified_gmt":"2025-12-27T13:21:52","slug":"audiologue","status":"publish","type":"page","link":"https:\/\/www.cmap.be\/fr\/equipe\/audiologue\/","title":{"rendered":"Audiologue"},"content":{"rendered":"<div class=\"wpb-content-wrapper\"><p>[vc_row padding_top_multiplier=\u00a0\u00bb3x\u00a0\u00bb padding_bottom_multiplier=\u00a0\u00bb3x\u00a0\u00bb columns_gap=\u00a0\u00bb60&Prime;][vc_column width=\u00a0\u00bb1\/2&Prime;]<div class=\"grve-element grve-image grve-align-center\">\r\n\t<div class=\"grve-image-item\">\r\n\t\t\r\n\r\n<div class=\"grve-image-wrapper grve-radius-3 grve-shadow-medium grve-no-effect\">\r\n\t\t<div class=\"grve-thumbnail-wrapper\"  style=\"width: 1024px;\"><div class=\"grve-thumbnail\"  style=\"padding-top: 66.699%;\"><img loading=\"lazy\" decoding=\"async\" width=\"1024\" height=\"683\" src=\"https:\/\/www.cmap.be\/wp-content\/uploads\/2025\/06\/CMAP_20052025_008-audiologie-1024x683.jpg\" class=\"attachment-large size-large\" alt=\"\" data-column-space=\"auto\" data-lazyload=\"\" data-grve-filter=\"yes\" srcset=\"https:\/\/www.cmap.be\/wp-content\/uploads\/2025\/06\/CMAP_20052025_008-audiologie-1024x683.jpg 1024w, https:\/\/www.cmap.be\/wp-content\/uploads\/2025\/06\/CMAP_20052025_008-audiologie-300x200.jpg 300w, https:\/\/www.cmap.be\/wp-content\/uploads\/2025\/06\/CMAP_20052025_008-audiologie-768x512.jpg 768w, https:\/\/www.cmap.be\/wp-content\/uploads\/2025\/06\/CMAP_20052025_008-audiologie-1536x1024.jpg 1536w, https:\/\/www.cmap.be\/wp-content\/uploads\/2025\/06\/CMAP_20052025_008-audiologie.jpg 1920w\" sizes=\"auto, (max-width: 1024px) 100vw, 1024px\" \/><\/div><\/div>\t<\/div>\r\n\t<\/div>\r\n<\/div>\r\n[vc_row_inner][vc_column_inner grve_css=\u00a0\u00bb{\u00ab\u00a0desktop\u00ab\u00a0:{\u00ab\u00a0margin-top\u00ab\u00a0:\u00ab\u00a0-16%\u00ab\u00a0,\u00ab\u00a0margin-left\u00ab\u00a0:\u00ab\u00a0-6%\u00ab\u00a0,\u00ab\u00a0class\u00ab\u00a0:\u00ab\u00a0grve-wpb-1750847754755\u00ab\u00a0},\u00ab\u00a0tablet_portrait\u00ab\u00a0:{\u00ab\u00a0margin-left\u00ab\u00a0:\u00ab\u00a0-2%\u00ab\u00a0}}\u00a0\u00bb]<div class=\"grve-element grve-divider\"><span class=\"grve-custom-divider grve-bg-primary-2 grve-align-inherit\" style=\"width: 50px;height: 10px;\"><\/span><\/div>[\/vc_column_inner][\/vc_row_inner][\/vc_column][vc_column width=\u00a0\u00bb1\/2&Prime; vertical_content_position=\u00a0\u00bbmiddle\u00a0\u00bb]<h3 class=\"grve-element grve-title grve-align-inherit grve-subtitle-text grve-text-primary-2\"><span>\u00c9quipe param\u00e9dicale du CMAP<\/span><\/h3><div class=\"grve-element grve-box-icon grve-medium grve-side-icon grve-align-inherit grve-vertical-align-middle grve-layout-2\" style=\"margin-bottom: 30px;\"><div class=\"grve-wrapper-icon\" style=\"\"><span class=\"grve-box-icon et-icon-mobile grve-text-primary-1\"><\/span><\/div><div class=\"grve-box-content\"><h1 class=\"grve-box-title grve-h1\">Audiologue<\/h1><\/div><\/div>[vc_column_text css=\u00a0\u00bb\u00a0\u00bb text_style=\u00a0\u00bbleader-text\u00a0\u00bb]Au C.M.A.P, le r\u00f4le de l\u2019audiologue consiste \u00e0 :[\/vc_column_text][\/vc_column][\/vc_row][vc_row rc_heading_color=\u00a0\u00bbwhite\u00a0\u00bb rc_bg_type=\u00a0\u00bbcolor\u00a0\u00bb rc_bg_color=\u00a0\u00bb#213B88&Prime; rc_font_color=\u00a0\u00bb#FFFFFF\u00a0\u00bb][vc_column add_column_link=\u00a0\u00bbyes\u00a0\u00bb column_link=\u00a0\u00bburl:https%3A%2F%2Fyoutu.be%2FnwgXxEeL8BI\u00a0\u00bb column_link_class=\u00a0\u00bbgrve-video-popup\u00a0\u00bb hover_animation=\u00a0\u00bbmagnetism\u00a0\u00bb]<div class=\"grve-element grve-box-icon grve-medium grve-side-icon grve-align-left grve-vertical-align-middle grve-layout-2\"><div class=\"grve-wrapper-icon grve-image-icon\"><div class=\"grve-thumbnail-wrapper\"  style=\"width: 195px;\"><div class=\"grve-thumbnail\"  style=\"padding-top: 51.282%;\"><img loading=\"lazy\" decoding=\"async\" width=\"195\" height=\"100\" src=\"https:\/\/www.cmap.be\/wp-content\/uploads\/2025\/12\/LSFB_play-video.png\" class=\"attachment-full size-full\" alt=\"\" srcset=\"https:\/\/www.cmap.be\/wp-content\/uploads\/2025\/12\/LSFB_play-video.png 1x,https:\/\/www.cmap.be\/wp-content\/uploads\/2025\/12\/LSFB_play-video@2x.png 2x\" data-column-space=\"auto\" data-lazyload=\"\" data-grve-filter=\"yes\" \/><\/div><\/div><\/div><div class=\"grve-box-content\"><h3 class=\"grve-box-title grve-h5\">D\u00e9couvrez ce contenu en langue des signes (LSFB)<\/h3><p class=\"\">Cette page est \u00e9galement disponible en langue des signes belge francophone (LSFB). Regardez la vid\u00e9o.<\/p><\/div><\/div>[\/vc_column][\/vc_row][vc_row padding_top_multiplier=\u00a0\u00bb3x\u00a0\u00bb rc_bg_type=\u00a0\u00bbcolor\u00a0\u00bb rc_bg_color=\u00a0\u00bb#FFFFFF\u00a0\u00bb][vc_column width=\u00a0\u00bb1\/4&Prime;]<h4 class=\"grve-element grve-title grve-align-inherit grve-h5\"><span><br>\n<ul style=\"margin-bottom: 15px;\">\n<li>Informer le patient<\/li>\n<\/ul>\n<\/span><\/h4>[vc_column_text css=\u00a0\u00bb\u00a0\u00bb]sur la perte auditive ainsi que sur les r\u00e9percussions que cette perte pourrait entrainer dans sa vie quotidienne, tant au niveau de la communication que de la qualit\u00e9 de vie.[\/vc_column_text][\/vc_column][vc_column width=\u00a0\u00bb1\/4&Prime;]<h4 class=\"grve-element grve-title grve-align-inherit grve-h5\"><span><br>\n<ul style=\"margin-bottom: 15px;\">\n<li>Conseiller le patient<\/li>\n<\/ul>\n<\/span><\/h4>[vc_column_text css=\u00a0\u00bb\u00a0\u00bb]dans le choix du type d\u2019appareillage, en tenant compte de son mode de vie, de ses besoins sp\u00e9cifiques, de son environnement sonore et de ses pr\u00e9f\u00e9rences personnelles.[\/vc_column_text][\/vc_column][vc_column width=\u00a0\u00bb1\/4&Prime;]<h4 class=\"grve-element grve-title grve-align-inherit grve-h5\"><span><br>\n<ul style=\"margin-bottom: 15px;\">\n<li>Assurer la r\u00e9\u00e9ducation auditive<\/li>\n<\/ul>\n<\/span><\/h4>[vc_column_text css=\u00a0\u00bb\u00a0\u00bb]suite \u00e0 la mise en place de l\u2019appareillage auditif, en aidant le patient \u00e0 s\u2019habituer aux sons et \u00e0 am\u00e9liorer sa compr\u00e9hension dans diff\u00e9rents contextes.[\/vc_column_text][\/vc_column][vc_column width=\u00a0\u00bb1\/4&Prime;]<h4 class=\"grve-element grve-title grve-align-inherit grve-h5\"><span><br>\n<ul style=\"margin-bottom: 15px;\">\n<li>Adapter le r\u00e9glage des aides auditives<\/li>\n<\/ul>\n<\/span><\/h4>[vc_column_text css=\u00a0\u00bb\u00a0\u00bb]en fonction de l\u2019\u00e9volution de l\u2019audition\u00a0et des besoins du patient, afin d\u2019optimiser l\u2019\u00e9coute dans diff\u00e9rentes situations (conversation, milieu bruyant, t\u00e9l\u00e9phone&#8230;).[\/vc_column_text][\/vc_column][\/vc_row][vc_row padding_top_multiplier=\u00a0\u00bb\u00a0\u00bb padding_bottom_multiplier=\u00a0\u00bb3x\u00a0\u00bb rc_bg_type=\u00a0\u00bbcolor\u00a0\u00bb rc_bg_color=\u00a0\u00bb#FFFFFF\u00a0\u00bb][vc_column width=\u00a0\u00bb1\/4&Prime;]<h4 class=\"grve-element grve-title grve-align-inherit grve-h5\"><span><br>\n<ul style=\"margin-bottom: 15px;\">\n<li>Assurer la maintenance<\/li>\n<\/ul>\n<\/span><\/h4>[vc_column_text css=\u00a0\u00bb\u00a0\u00bb]des aides auditives notamment en expliquant au patient comment les entretenir, en v\u00e9rifiant r\u00e9guli\u00e8rement leur bon fonctionnement, et en intervenant en cas de panne, dysfonctionnement ou besoin de remplacement de pi\u00e8ces.[\/vc_column_text][\/vc_column][vc_column width=\u00a0\u00bb1\/4&Prime;]<h4 class=\"grve-element grve-title grve-align-inherit grve-h5\"><span><br>\n<ul style=\"margin-bottom: 15px;\">\n<li>Proposer des aides techniques<\/li>\n<\/ul>\n<\/span><\/h4>[vc_column_text css=\u00a0\u00bb\u00a0\u00bb](r\u00e9veil, syst\u00e8me de signalisation, syst\u00e8me de communication sans fil, etc.) en introduisant un dossier aupr\u00e8s des diff\u00e9rents organismes tels que les mutuelles et le VAPH[\/vc_column_text][\/vc_column][vc_column width=\u00a0\u00bb1\/4&Prime;]<h4 class=\"grve-element grve-title grve-align-inherit grve-h5\"><span><br>\n<ul style=\"margin-bottom: 15px;\">\n<li>Fournir des protections auditives<\/li>\n<\/ul>\n<\/span><\/h4>[vc_column_text css=\u00a0\u00bb\u00a0\u00bb](bouchons de natation, bouchons anti-bruit, \u2026) en \u00e9valuant les besoins sp\u00e9cifiques du patient (en milieu professionnel, scolaire ou domestique) et en garantissant un confort d\u2019utilisation optimal.[\/vc_column_text][\/vc_column][vc_column width=\u00a0\u00bb1\/4&Prime;]<h4 class=\"grve-element grve-title grve-align-inherit grve-h5\"><span><br>\n<ul style=\"margin-bottom: 15px;\">\n<li>Travailler en collaboration<\/li>\n<\/ul>\n<\/span><\/h4>[vc_column_text css=\u00a0\u00bb\u00a0\u00bb]avec l\u2019\u00e9quipe multidisciplinaire pour assurer une prise en charge globale et coh\u00e9rente, en partageant les observations cliniques et en participant aux \u00e9valuations et adaptations du suivi th\u00e9rapeutique.[\/vc_column_text][\/vc_column][\/vc_row][vc_row padding_top_multiplier=\u00a0\u00bb3x\u00a0\u00bb padding_bottom_multiplier=\u00a0\u00bb3x\u00a0\u00bb][vc_column][vc_column_text css=\u00a0\u00bb\u00a0\u00bb text_style=\u00a0\u00bbleader-text\u00a0\u00bb]L\u2019audiologue effectue des s\u00e9ances d\u2019information sur la perte auditive et ses r\u00e9percussions fonctionnelles, adapt\u00e9es \u00e0 l\u2019entourage du patient, et ce, dans les diff\u00e9rents milieux de vie (\u00e9cole, lieu de travail, entourage familial, \u2026).[\/vc_column_text][\/vc_column][\/vc_row][vc_row padding_top_multiplier=\u00a0\u00bb3x\u00a0\u00bb padding_bottom_multiplier=\u00a0\u00bb3x\u00a0\u00bb rc_bg_type=\u00a0\u00bbcolor\u00a0\u00bb rc_bg_color=\u00a0\u00bb#FFFFFF\u00a0\u00bb][vc_column]<h3 class=\"grve-element grve-title grve-align-inherit grve-h5\"><span>L&rsquo;audiologue du CMAP<\/span><\/h3><div class=\"grve-empty-space grve-height-1x\"><\/div><div class=\"grve-element grve-team grve-layout-4\">\r\n\t<div class=\"grve-team-person\">\r\n\t\t<img loading=\"lazy\" decoding=\"async\" width=\"150\" height=\"150\" src=\"https:\/\/www.cmap.be\/wp-content\/uploads\/2025\/06\/audiologue-icon-150x150.jpg\" class=\"attachment-thumbnail size-thumbnail\" alt=\"Audiologiste du CMAP \u00e0 Bruxelles\" data-column-space=\"auto\" data-lazyload=\"\" srcset=\"https:\/\/www.cmap.be\/wp-content\/uploads\/2025\/06\/audiologue-icon-150x150.jpg 150w, https:\/\/www.cmap.be\/wp-content\/uploads\/2025\/06\/audiologue-icon-300x300.jpg 300w, https:\/\/www.cmap.be\/wp-content\/uploads\/2025\/06\/audiologue-icon.jpg 512w\" sizes=\"auto, (max-width: 150px) 100vw, 150px\" \/>\t\t\t<\/div>\r\n\t<div class=\"grve-team-description\">\r\n\t\t\t\t<div class=\"grve-team-identity grve-small-text\">Audiologue<\/div>\r\n\t\t\t\t<h4 class=\"grve-team-name grve-h6\">Mounia TERFOUS<\/h4>\r\n\t<\/div>\r\n<\/div>\r\n[\/vc_column][\/vc_row]<\/p>\n<\/div>","protected":false},"excerpt":{"rendered":"<p>[vc_row padding_top_multiplier=\u00a0\u00bb3x\u00a0\u00bb padding_bottom_multiplier=\u00a0\u00bb3x\u00a0\u00bb columns_gap=\u00a0\u00bb60&Prime;][vc_column width=\u00a0\u00bb1\/2&Prime;][vc_row_inner][vc_column_inner grve_css=\u00a0\u00bb{\u00ab\u00a0desktop\u00ab\u00a0:{\u00ab\u00a0margin-top\u00ab\u00a0:\u00ab\u00a0-16%\u00ab\u00a0,\u00ab\u00a0margin-left\u00ab\u00a0:\u00ab\u00a0-6%\u00ab\u00a0,\u00ab\u00a0class\u00ab\u00a0:\u00ab\u00a0grve-wpb-1750847754755\u00ab\u00a0},\u00ab\u00a0tablet_portrait\u00ab\u00a0:{\u00ab\u00a0margin-left\u00ab\u00a0:\u00ab\u00a0-2%\u00ab\u00a0}}\u00a0\u00bb][\/vc_column_inner][\/vc_row_inner][\/vc_column][vc_column width=\u00a0\u00bb1\/2&Prime; vertical_content_position=\u00a0\u00bbmiddle\u00a0\u00bb][vc_column_text css=\u00a0\u00bb\u00a0\u00bb text_style=\u00a0\u00bbleader-text\u00a0\u00bb]Au C.M.A.P, le r\u00f4le de l\u2019audiologue consiste \u00e0 :[\/vc_column_text][\/vc_column][\/vc_row][vc_row rc_heading_color=\u00a0\u00bbwhite\u00a0\u00bb rc_bg_type=\u00a0\u00bbcolor\u00a0\u00bb rc_bg_color=\u00a0\u00bb#213B88&Prime; rc_font_color=\u00a0\u00bb#FFFFFF\u00a0\u00bb][vc_column add_column_link=\u00a0\u00bbyes\u00a0\u00bb column_link=\u00a0\u00bburl:https%3A%2F%2Fyoutu.be%2FnwgXxEeL8BI\u00a0\u00bb column_link_class=\u00a0\u00bbgrve-video-popup\u00a0\u00bb hover_animation=\u00a0\u00bbmagnetism\u00a0\u00bb][\/vc_column][\/vc_row][vc_row padding_top_multiplier=\u00a0\u00bb3x\u00a0\u00bb rc_bg_type=\u00a0\u00bbcolor\u00a0\u00bb rc_bg_color=\u00a0\u00bb#FFFFFF\u00a0\u00bb][vc_column width=\u00a0\u00bb1\/4&Prime;][vc_column_text css=\u00a0\u00bb\u00a0\u00bb]sur la perte auditive ainsi que sur les r\u00e9percussions que cette perte pourrait entrainer dans sa vie quotidienne, tant au niveau de la communication que [&hellip;]<\/p>\n","protected":false},"author":1,"featured_media":0,"parent":14,"menu_order":0,"comment_status":"closed","ping_status":"closed","template":"","meta":{"footnotes":""},"class_list":["post-250","page","type-page","status-publish","hentry","grve-entry-item"],"yoast_head":"<!-- This site is optimized with the Yoast SEO plugin v27.3 - https:\/\/yoast.com\/product\/yoast-seo-wordpress\/ -->\n<title>Audiologue \u2013 R\u00e9adaptation auditive au CMAP Bruxelles<\/title>\n<meta name=\"description\" content=\"D\u00e9couvrez le r\u00f4le de l\u2019audiologue au CMAP : adaptation de l\u2019appareillage, r\u00e9\u00e9ducation auditive et accompagnement des patients \u00e0 Bruxelles.\" \/>\n<meta name=\"robots\" content=\"index, follow, max-snippet:-1, max-image-preview:large, max-video-preview:-1\" \/>\n<link rel=\"canonical\" href=\"https:\/\/www.cmap.be\/fr\/equipe\/audiologue\/\" \/>\n<meta property=\"og:locale\" content=\"fr_FR\" \/>\n<meta property=\"og:type\" content=\"article\" \/>\n<meta property=\"og:title\" content=\"Audiologue \u2013 R\u00e9adaptation auditive au CMAP Bruxelles\" \/>\n<meta property=\"og:description\" content=\"D\u00e9couvrez le r\u00f4le de l\u2019audiologue au CMAP : adaptation de l\u2019appareillage, r\u00e9\u00e9ducation auditive et accompagnement des patients \u00e0 Bruxelles.\" \/>\n<meta property=\"og:url\" content=\"https:\/\/www.cmap.be\/fr\/equipe\/audiologue\/\" \/>\n<meta property=\"og:site_name\" content=\"CMAP\" \/>\n<meta property=\"article:modified_time\" content=\"2025-12-27T13:21:52+00:00\" \/>\n<meta property=\"og:image\" content=\"https:\/\/www.cmap.be\/wp-content\/uploads\/2025\/08\/cmap-share.jpg\" \/>\n\t<meta property=\"og:image:width\" content=\"1200\" \/>\n\t<meta property=\"og:image:height\" content=\"675\" \/>\n\t<meta property=\"og:image:type\" content=\"image\/jpeg\" \/>\n<meta name=\"twitter:card\" content=\"summary_large_image\" \/>\n<meta name=\"twitter:label1\" content=\"Dur\u00e9e de lecture estim\u00e9e\" \/>\n\t<meta name=\"twitter:data1\" content=\"3 minutes\" \/>\n<script type=\"application\/ld+json\" class=\"yoast-schema-graph\">{\"@context\":\"https:\\\/\\\/schema.org\",\"@graph\":[{\"@type\":\"WebPage\",\"@id\":\"https:\\\/\\\/www.cmap.be\\\/fr\\\/equipe\\\/audiologue\\\/\",\"url\":\"https:\\\/\\\/www.cmap.be\\\/fr\\\/equipe\\\/audiologue\\\/\",\"name\":\"Audiologue \u2013 R\u00e9adaptation auditive au CMAP Bruxelles\",\"isPartOf\":{\"@id\":\"https:\\\/\\\/www.cmap.be\\\/fr\\\/#website\"},\"datePublished\":\"2025-06-19T23:10:27+00:00\",\"dateModified\":\"2025-12-27T13:21:52+00:00\",\"description\":\"D\u00e9couvrez le r\u00f4le de l\u2019audiologue au CMAP : adaptation de l\u2019appareillage, r\u00e9\u00e9ducation auditive et accompagnement des patients \u00e0 Bruxelles.\",\"breadcrumb\":{\"@id\":\"https:\\\/\\\/www.cmap.be\\\/fr\\\/equipe\\\/audiologue\\\/#breadcrumb\"},\"inLanguage\":\"fr-FR\",\"potentialAction\":[{\"@type\":\"ReadAction\",\"target\":[\"https:\\\/\\\/www.cmap.be\\\/fr\\\/equipe\\\/audiologue\\\/\"]}]},{\"@type\":\"BreadcrumbList\",\"@id\":\"https:\\\/\\\/www.cmap.be\\\/fr\\\/equipe\\\/audiologue\\\/#breadcrumb\",\"itemListElement\":[{\"@type\":\"ListItem\",\"position\":1,\"name\":\"Accueil\",\"item\":\"https:\\\/\\\/www.cmap.be\\\/fr\\\/\"},{\"@type\":\"ListItem\",\"position\":2,\"name\":\"\u00c9quipe\",\"item\":\"https:\\\/\\\/www.cmap.be\\\/fr\\\/equipe\\\/\"},{\"@type\":\"ListItem\",\"position\":3,\"name\":\"Audiologue\"}]},{\"@type\":\"WebSite\",\"@id\":\"https:\\\/\\\/www.cmap.be\\\/fr\\\/#website\",\"url\":\"https:\\\/\\\/www.cmap.be\\\/fr\\\/\",\"name\":\"CMAP\",\"description\":\"Centre M\u00e9dical d&#039;Audio-Phonologie\",\"publisher\":{\"@id\":\"https:\\\/\\\/www.cmap.be\\\/fr\\\/#organization\"},\"potentialAction\":[{\"@type\":\"SearchAction\",\"target\":{\"@type\":\"EntryPoint\",\"urlTemplate\":\"https:\\\/\\\/www.cmap.be\\\/fr\\\/?s={search_term_string}\"},\"query-input\":{\"@type\":\"PropertyValueSpecification\",\"valueRequired\":true,\"valueName\":\"search_term_string\"}}],\"inLanguage\":\"fr-FR\"},{\"@type\":\"Organization\",\"@id\":\"https:\\\/\\\/www.cmap.be\\\/fr\\\/#organization\",\"name\":\"CMAP\",\"url\":\"https:\\\/\\\/www.cmap.be\\\/fr\\\/\",\"logo\":{\"@type\":\"ImageObject\",\"inLanguage\":\"fr-FR\",\"@id\":\"https:\\\/\\\/www.cmap.be\\\/fr\\\/#\\\/schema\\\/logo\\\/image\\\/\",\"url\":\"https:\\\/\\\/www.cmap.be\\\/wp-content\\\/uploads\\\/2025\\\/06\\\/cropped-sigle-CMAP.png\",\"contentUrl\":\"https:\\\/\\\/www.cmap.be\\\/wp-content\\\/uploads\\\/2025\\\/06\\\/cropped-sigle-CMAP.png\",\"width\":512,\"height\":512,\"caption\":\"CMAP\"},\"image\":{\"@id\":\"https:\\\/\\\/www.cmap.be\\\/fr\\\/#\\\/schema\\\/logo\\\/image\\\/\"}}]}<\/script>\n<!-- \/ Yoast SEO plugin. -->","yoast_head_json":{"title":"Audiologue \u2013 R\u00e9adaptation auditive au CMAP Bruxelles","description":"D\u00e9couvrez le r\u00f4le de l\u2019audiologue au CMAP : adaptation de l\u2019appareillage, r\u00e9\u00e9ducation auditive et accompagnement des patients \u00e0 Bruxelles.","robots":{"index":"index","follow":"follow","max-snippet":"max-snippet:-1","max-image-preview":"max-image-preview:large","max-video-preview":"max-video-preview:-1"},"canonical":"https:\/\/www.cmap.be\/fr\/equipe\/audiologue\/","og_locale":"fr_FR","og_type":"article","og_title":"Audiologue \u2013 R\u00e9adaptation auditive au CMAP Bruxelles","og_description":"D\u00e9couvrez le r\u00f4le de l\u2019audiologue au CMAP : adaptation de l\u2019appareillage, r\u00e9\u00e9ducation auditive et accompagnement des patients \u00e0 Bruxelles.","og_url":"https:\/\/www.cmap.be\/fr\/equipe\/audiologue\/","og_site_name":"CMAP","article_modified_time":"2025-12-27T13:21:52+00:00","og_image":[{"width":1200,"height":675,"url":"https:\/\/www.cmap.be\/wp-content\/uploads\/2025\/08\/cmap-share.jpg","type":"image\/jpeg"}],"twitter_card":"summary_large_image","twitter_misc":{"Dur\u00e9e de lecture estim\u00e9e":"3 minutes"},"schema":{"@context":"https:\/\/schema.org","@graph":[{"@type":"WebPage","@id":"https:\/\/www.cmap.be\/fr\/equipe\/audiologue\/","url":"https:\/\/www.cmap.be\/fr\/equipe\/audiologue\/","name":"Audiologue \u2013 R\u00e9adaptation auditive au CMAP Bruxelles","isPartOf":{"@id":"https:\/\/www.cmap.be\/fr\/#website"},"datePublished":"2025-06-19T23:10:27+00:00","dateModified":"2025-12-27T13:21:52+00:00","description":"D\u00e9couvrez le r\u00f4le de l\u2019audiologue au CMAP : adaptation de l\u2019appareillage, r\u00e9\u00e9ducation auditive et accompagnement des patients \u00e0 Bruxelles.","breadcrumb":{"@id":"https:\/\/www.cmap.be\/fr\/equipe\/audiologue\/#breadcrumb"},"inLanguage":"fr-FR","potentialAction":[{"@type":"ReadAction","target":["https:\/\/www.cmap.be\/fr\/equipe\/audiologue\/"]}]},{"@type":"BreadcrumbList","@id":"https:\/\/www.cmap.be\/fr\/equipe\/audiologue\/#breadcrumb","itemListElement":[{"@type":"ListItem","position":1,"name":"Accueil","item":"https:\/\/www.cmap.be\/fr\/"},{"@type":"ListItem","position":2,"name":"\u00c9quipe","item":"https:\/\/www.cmap.be\/fr\/equipe\/"},{"@type":"ListItem","position":3,"name":"Audiologue"}]},{"@type":"WebSite","@id":"https:\/\/www.cmap.be\/fr\/#website","url":"https:\/\/www.cmap.be\/fr\/","name":"CMAP","description":"Centre M\u00e9dical d&#039;Audio-Phonologie","publisher":{"@id":"https:\/\/www.cmap.be\/fr\/#organization"},"potentialAction":[{"@type":"SearchAction","target":{"@type":"EntryPoint","urlTemplate":"https:\/\/www.cmap.be\/fr\/?s={search_term_string}"},"query-input":{"@type":"PropertyValueSpecification","valueRequired":true,"valueName":"search_term_string"}}],"inLanguage":"fr-FR"},{"@type":"Organization","@id":"https:\/\/www.cmap.be\/fr\/#organization","name":"CMAP","url":"https:\/\/www.cmap.be\/fr\/","logo":{"@type":"ImageObject","inLanguage":"fr-FR","@id":"https:\/\/www.cmap.be\/fr\/#\/schema\/logo\/image\/","url":"https:\/\/www.cmap.be\/wp-content\/uploads\/2025\/06\/cropped-sigle-CMAP.png","contentUrl":"https:\/\/www.cmap.be\/wp-content\/uploads\/2025\/06\/cropped-sigle-CMAP.png","width":512,"height":512,"caption":"CMAP"},"image":{"@id":"https:\/\/www.cmap.be\/fr\/#\/schema\/logo\/image\/"}}]}},"_links":{"self":[{"href":"https:\/\/www.cmap.be\/fr\/wp-json\/wp\/v2\/pages\/250","targetHints":{"allow":["GET"]}}],"collection":[{"href":"https:\/\/www.cmap.be\/fr\/wp-json\/wp\/v2\/pages"}],"about":[{"href":"https:\/\/www.cmap.be\/fr\/wp-json\/wp\/v2\/types\/page"}],"author":[{"embeddable":true,"href":"https:\/\/www.cmap.be\/fr\/wp-json\/wp\/v2\/users\/1"}],"replies":[{"embeddable":true,"href":"https:\/\/www.cmap.be\/fr\/wp-json\/wp\/v2\/comments?post=250"}],"version-history":[{"count":28,"href":"https:\/\/www.cmap.be\/fr\/wp-json\/wp\/v2\/pages\/250\/revisions"}],"predecessor-version":[{"id":697,"href":"https:\/\/www.cmap.be\/fr\/wp-json\/wp\/v2\/pages\/250\/revisions\/697"}],"up":[{"embeddable":true,"href":"https:\/\/www.cmap.be\/fr\/wp-json\/wp\/v2\/pages\/14"}],"wp:attachment":[{"href":"https:\/\/www.cmap.be\/fr\/wp-json\/wp\/v2\/media?parent=250"}],"curies":[{"name":"wp","href":"https:\/\/api.w.org\/{rel}","templated":true}]}}