{"id":252,"date":"2025-06-19T23:10:59","date_gmt":"2025-06-19T23:10:59","guid":{"rendered":"https:\/\/cmap.uni-vert.be\/?page_id=252"},"modified":"2025-12-27T13:20:43","modified_gmt":"2025-12-27T13:20:43","slug":"assistante-sociale","status":"publish","type":"page","link":"https:\/\/www.cmap.be\/fr\/equipe\/assistante-sociale\/","title":{"rendered":"Assistante sociale"},"content":{"rendered":"<div class=\"wpb-content-wrapper\"><p>[vc_row padding_top_multiplier=\u00a0\u00bb3x\u00a0\u00bb padding_bottom_multiplier=\u00a0\u00bb3x\u00a0\u00bb columns_gap=\u00a0\u00bb60&Prime;][vc_column width=\u00a0\u00bb1\/2&Prime; vertical_content_position=\u00a0\u00bbmiddle\u00a0\u00bb]<div class=\"grve-element grve-image grve-align-center\">\r\n\t<div class=\"grve-image-item\">\r\n\t\t\r\n\r\n<div class=\"grve-image-wrapper grve-radius-3 grve-no-effect\">\r\n\t\t<div class=\"grve-thumbnail-wrapper\"  style=\"width: 560px;\"><div class=\"grve-thumbnail\"  style=\"padding-top: 75%;\"><img loading=\"lazy\" decoding=\"async\" width=\"560\" height=\"420\" src=\"https:\/\/www.cmap.be\/wp-content\/uploads\/2025\/06\/Assitante-sociale-560x420.jpg\" class=\"attachment-impeka-grve-small-rect-horizontal size-impeka-grve-small-rect-horizontal\" alt=\"\" data-column-space=\"auto\" data-lazyload=\"\" data-grve-filter=\"yes\" srcset=\"https:\/\/www.cmap.be\/wp-content\/uploads\/2025\/06\/Assitante-sociale-560x420.jpg 560w, https:\/\/www.cmap.be\/wp-content\/uploads\/2025\/06\/Assitante-sociale-900x675.jpg 900w\" sizes=\"auto, (max-width: 560px) 100vw, 560px\" \/><\/div><\/div>\t<\/div>\r\n\t<\/div>\r\n<\/div>\r\n[vc_row_inner][vc_column_inner grve_css=\u00a0\u00bb{\u00ab\u00a0desktop\u00ab\u00a0:{\u00ab\u00a0margin-top\u00ab\u00a0:\u00ab\u00a0-16%\u00ab\u00a0,\u00ab\u00a0margin-left\u00ab\u00a0:\u00ab\u00a0-6%\u00ab\u00a0,\u00ab\u00a0class\u00ab\u00a0:\u00ab\u00a0grve-wpb-1750847056854\u00ab\u00a0},\u00ab\u00a0tablet_portrait\u00ab\u00a0:{\u00ab\u00a0margin-left\u00ab\u00a0:\u00ab\u00a0-2%\u00ab\u00a0}}\u00a0\u00bb]<div class=\"grve-element grve-divider\"><span class=\"grve-custom-divider grve-bg-primary-2 grve-align-inherit\" style=\"width: 50px;height: 10px;\"><\/span><\/div>[\/vc_column_inner][\/vc_row_inner][\/vc_column][vc_column width=\u00a0\u00bb1\/2&Prime; vertical_content_position=\u00a0\u00bbmiddle\u00a0\u00bb]<h3 class=\"grve-element grve-title grve-align-inherit grve-subtitle-text grve-text-primary-2\"><span>\u00c9quipe param\u00e9dicale du CMAP<\/span><\/h3><div class=\"grve-element grve-box-icon grve-large grve-side-icon grve-align-left grve-vertical-align-middle grve-layout-2\" style=\"margin-bottom: 30px;\"><div class=\"grve-wrapper-icon\" style=\"\"><span class=\"grve-box-icon et-icon-puzzle grve-text-primary-1\"><\/span><\/div><div class=\"grve-box-content\"><h1 class=\"grve-box-title grve-h1\">Assistante sociale<\/h1><\/div><\/div>[vc_column_text css=\u00a0\u00bb\u00a0\u00bb text_style=\u00a0\u00bbleader-text\u00a0\u00bb]L\u2019assistante sociale au C.M.A.P. re\u00e7oit le patient et\/ou son repr\u00e9sentant l\u00e9gal pour :[\/vc_column_text][\/vc_column][\/vc_row][vc_row rc_heading_color=\u00a0\u00bbwhite\u00a0\u00bb rc_bg_type=\u00a0\u00bbcolor\u00a0\u00bb rc_bg_color=\u00a0\u00bb#213B88&Prime; rc_font_color=\u00a0\u00bb#FFFFFF\u00a0\u00bb][vc_column add_column_link=\u00a0\u00bbyes\u00a0\u00bb column_link=\u00a0\u00bburl:https%3A%2F%2Fyoutu.be%2Fh0ILwaZN5kg\u00a0\u00bb column_link_class=\u00a0\u00bbgrve-video-popup\u00a0\u00bb hover_animation=\u00a0\u00bbmagnetism\u00a0\u00bb]<div class=\"grve-element grve-box-icon grve-medium grve-side-icon grve-align-left grve-vertical-align-middle grve-layout-2\"><div class=\"grve-wrapper-icon grve-image-icon\"><div class=\"grve-thumbnail-wrapper\"  style=\"width: 195px;\"><div class=\"grve-thumbnail\"  style=\"padding-top: 51.282%;\"><img loading=\"lazy\" decoding=\"async\" width=\"195\" height=\"100\" src=\"https:\/\/www.cmap.be\/wp-content\/uploads\/2025\/12\/LSFB_play-video.png\" class=\"attachment-full size-full\" alt=\"\" srcset=\"https:\/\/www.cmap.be\/wp-content\/uploads\/2025\/12\/LSFB_play-video.png 1x,https:\/\/www.cmap.be\/wp-content\/uploads\/2025\/12\/LSFB_play-video@2x.png 2x\" data-column-space=\"auto\" data-lazyload=\"\" data-grve-filter=\"yes\" \/><\/div><\/div><\/div><div class=\"grve-box-content\"><h3 class=\"grve-box-title grve-h5\">D\u00e9couvrez ce contenu en langue des signes (LSFB)<\/h3><p class=\"\">Cette page est \u00e9galement disponible en langue des signes belge francophone (LSFB). Regardez la vid\u00e9o.<\/p><\/div><\/div>[\/vc_column][\/vc_row][vc_row padding_top_multiplier=\u00a0\u00bb3x\u00a0\u00bb padding_bottom_multiplier=\u00a0\u00bb3x\u00a0\u00bb rc_bg_type=\u00a0\u00bbcolor\u00a0\u00bb rc_bg_color=\u00a0\u00bb#FFFFFF\u00a0\u00bb][vc_column width=\u00a0\u00bb1\/3&Prime;]<h4 class=\"grve-element grve-title grve-align-inherit grve-h5\"><span><br>\n<ul style=\"margin-bottom: 15px;\">\n<li>Expliquer le fonctionnement du centre<\/li>\n<\/ul>\n<\/span><\/h4>[vc_column_text css=\u00a0\u00bb\u00a0\u00bb]Pr\u00e9senter le cadre global de la prise en charge au CMAP, en d\u00e9taillant les diff\u00e9rentes \u00e9tapes possibles\u2009: la r\u00e9alisation d\u2019un bilan pluridisciplinaire, l\u2019organisation des consultations sp\u00e9cialis\u00e9es, ainsi que la mise en place \u00e9ventuelle d\u2019un suivi en r\u00e9\u00e9ducation. Cela permet de clarifier le r\u00f4le de chaque intervenant et d\u2019assurer une bonne compr\u00e9hension du parcours de soins.[\/vc_column_text][\/vc_column][vc_column width=\u00a0\u00bb1\/3&Prime;]<h4 class=\"grve-element grve-title grve-align-inherit grve-h5\"><span><br>\n<ul style=\"margin-bottom: 15px;\">\n<li>Effectuer les d\u00e9marches administratives aupr\u00e8s de la mutuelle<\/li>\n<\/ul>\n<\/span><\/h4>[vc_column_text css=\u00a0\u00bb\u00a0\u00bb]Informer les familles sur les conditions de remboursement, les proc\u00e9dures d\u2019agr\u00e9ment, les documents \u00e0 fournir, ainsi que les droits sp\u00e9cifiques li\u00e9s \u00e0 la r\u00e9adaptation fonctionnelle. L\u2019assistante sociale veille \u00e0 faciliter ces d\u00e9marches et \u00e0 assurer le lien entre le centre, les familles et les organismes concern\u00e9s[\/vc_column_text][\/vc_column][vc_column width=\u00a0\u00bb1\/3&Prime;]<h4 class=\"grve-element grve-title grve-align-inherit grve-h5\"><span><br>\n<ul style=\"margin-bottom: 15px;\">\n<li>R\u00e9aliser l\u2019anamn\u00e8se sociale<\/li>\n<\/ul>\n<\/span><\/h4>[vc_column_text css=\u00a0\u00bb\u00a0\u00bb]au cours de laquelle elle recueillera les renseignements relatifs au patient, \u00e0 son entourage afin de reconstruire l\u2019histoire de la pathologie dans le contexte particulier du patient. Elle s\u2019informera, d\u00e8s lors, sur les ant\u00e9c\u00e9dents familiaux, sur le d\u00e9veloppement moteur et langagier, le parcours scolaire du patient, son degr\u00e9 d\u2019autonomie, son comportement, ses int\u00e9r\u00eats \u2026 de toute information qui aidera \u00e0 comprendre l\u2019\u00e9volution du patient et les ressources qu\u2019il poss\u00e8de.[\/vc_column_text][\/vc_column][\/vc_row][vc_row padding_top_multiplier=\u00a0\u00bb3x\u00a0\u00bb padding_bottom_multiplier=\u00a0\u00bb3x\u00a0\u00bb][vc_column width=\u00a0\u00bb1\/2&Prime; column_sticky=\u00a0\u00bbyes\u00a0\u00bb column_sticky_offset=\u00a0\u00bb50&Prime;]<h3 class=\"grve-element grve-title grve-align-inherit grve-leader-text\"><span>L\u2019assistante sociale a pour mission de soutenir les familles, de les accompagner, les conseiller et les orienter dans leurs d\u00e9marches.<\/span><\/h3>[\/vc_column][vc_column width=\u00a0\u00bb1\/2&Prime;][vc_column_text css=\u00a0\u00bb\u00a0\u00bb]En co-intervention avec la psychologue, l\u2019assistante sociale propose des rencontres ponctuelles ou r\u00e9guli\u00e8res avec les familles en fonction de chaque situation, des difficult\u00e9s rencontr\u00e9es, des demandes et attentes. Des visites \u00e0 domicile peuvent \u00e9galement \u00eatre organis\u00e9es afin d\u2019observer l\u2019enfant dans son milieu de vie, d\u2019accompagner l\u2019entourage dans la compr\u00e9hension des difficult\u00e9s\/du trouble et de conscientiser l\u2019environnement du patient \u00e0 sa probl\u00e9matique. Avec l\u2019\u00e9quipe th\u00e9rapeutique, elle aide \u00e0 trouver des am\u00e9nagements pour faciliter la vie et la communication au quotidien par la mise en place de supports visuels ((pictogrammes, images), calendrier\/semainier, \u2026).<\/p>\n<p>Tout au long du processus de r\u00e9\u00e9ducation, l\u2019assistante sociale accompagne les parents dans la r\u00e9alisation du projet de l\u2019enfant. Elle se montre disponible pour informer sur la l\u00e9gislation sociale en lien avec le handicap et sur les diff\u00e9rents organismes \u0153uvrant en la mati\u00e8re (APEDAF, SUSA, service STARTER, Iriscare, CREE\u2026) en lien avec la demande et\/ou les besoins de la personne. Elle soutient les familles dans les diff\u00e9rentes d\u00e9marches administratives et sociales telles que l\u2019octroi aux allocations familiales major\u00e9es, les demandes d\u2019intervention pour les aides mat\u00e9rielles individuelles aupr\u00e8s de la mutualit\u00e9, etc.<\/p>\n<p>Elle est un agent de liaison entre les diff\u00e9rents acteurs qui entourent le patient (sa famille, l\u2019\u00e9cole, ses th\u00e9rapeutes\u2026). Elle travaille au centre de la multidisciplinarit\u00e9, en diffusant les informations qui concernent le patient dans le respect du secret professionnel partag\u00e9. Pour permettre cet \u00e9change d\u2019informations, elle participe \u00e0 diverses r\u00e9unions (concertations d\u2019\u00e9quipe, remises des r\u00e9sultats du bilan aux parents, conseils de classe) et collabore \u00e9troitement avec les m\u00e9decins du C.M.A.P.[\/vc_column_text][\/vc_column][\/vc_row][vc_row padding_top_multiplier=\u00a0\u00bb3x\u00a0\u00bb padding_bottom_multiplier=\u00a0\u00bb3x\u00a0\u00bb rc_bg_type=\u00a0\u00bbcolor\u00a0\u00bb rc_bg_color=\u00a0\u00bb#FFFFFF\u00a0\u00bb][vc_column][vc_column_text css=\u00a0\u00bb\u00a0\u00bb text_style=\u00a0\u00bbleader-text\u00a0\u00bb]L\u2019assistante sociale intervient \u00e9galement dans des situations difficiles, instables ou de danger que traversent le patient et\/ou sa famille.<\/p>\n<p>Tous ses actes ont pour objectif de favoriser l\u2019autonomie du patient, son bien-\u00eatre, son \u00e9panouissement personnel et son insertion sociale.[\/vc_column_text][\/vc_column][\/vc_row][vc_row padding_top_multiplier=\u00a0\u00bb3x\u00a0\u00bb padding_bottom_multiplier=\u00a0\u00bb3x\u00a0\u00bb][vc_column]<h3 class=\"grve-element grve-title grve-align-inherit grve-h5\"><span>L&rsquo;assistante sociale du CMAP<\/span><\/h3><div class=\"grve-empty-space grve-height-1x\"><\/div><div class=\"grve-element grve-team grve-layout-4\">\r\n\t<div class=\"grve-team-person\">\r\n\t\t<img loading=\"lazy\" decoding=\"async\" width=\"150\" height=\"150\" src=\"https:\/\/www.cmap.be\/wp-content\/uploads\/2025\/06\/assistante-sociale-icon-150x150.jpg\" class=\"attachment-thumbnail size-thumbnail\" alt=\"assistante sociale du CMAP \u00e0Bruxelles\" data-column-space=\"auto\" data-lazyload=\"\" srcset=\"https:\/\/www.cmap.be\/wp-content\/uploads\/2025\/06\/assistante-sociale-icon-150x150.jpg 150w, https:\/\/www.cmap.be\/wp-content\/uploads\/2025\/06\/assistante-sociale-icon-300x300.jpg 300w, https:\/\/www.cmap.be\/wp-content\/uploads\/2025\/06\/assistante-sociale-icon.jpg 512w\" sizes=\"auto, (max-width: 150px) 100vw, 150px\" \/>\t\t\t<\/div>\r\n\t<div class=\"grve-team-description\">\r\n\t\t\t\t<div class=\"grve-team-identity grve-small-text\">Assistante sociale<\/div>\r\n\t\t\t\t<h4 class=\"grve-team-name grve-h6\">M\u00e9lanie DAOUST<\/h4>\r\n\t<\/div>\r\n<\/div>\r\n[\/vc_column][\/vc_row]<\/p>\n<\/div>","protected":false},"excerpt":{"rendered":"<p>[vc_row padding_top_multiplier=\u00a0\u00bb3x\u00a0\u00bb padding_bottom_multiplier=\u00a0\u00bb3x\u00a0\u00bb columns_gap=\u00a0\u00bb60&Prime;][vc_column width=\u00a0\u00bb1\/2&Prime; vertical_content_position=\u00a0\u00bbmiddle\u00a0\u00bb][vc_row_inner][vc_column_inner grve_css=\u00a0\u00bb{\u00ab\u00a0desktop\u00ab\u00a0:{\u00ab\u00a0margin-top\u00ab\u00a0:\u00ab\u00a0-16%\u00ab\u00a0,\u00ab\u00a0margin-left\u00ab\u00a0:\u00ab\u00a0-6%\u00ab\u00a0,\u00ab\u00a0class\u00ab\u00a0:\u00ab\u00a0grve-wpb-1750847056854\u00ab\u00a0},\u00ab\u00a0tablet_portrait\u00ab\u00a0:{\u00ab\u00a0margin-left\u00ab\u00a0:\u00ab\u00a0-2%\u00ab\u00a0}}\u00a0\u00bb][\/vc_column_inner][\/vc_row_inner][\/vc_column][vc_column width=\u00a0\u00bb1\/2&Prime; vertical_content_position=\u00a0\u00bbmiddle\u00a0\u00bb][vc_column_text css=\u00a0\u00bb\u00a0\u00bb text_style=\u00a0\u00bbleader-text\u00a0\u00bb]L\u2019assistante sociale au C.M.A.P. re\u00e7oit le patient et\/ou son repr\u00e9sentant l\u00e9gal pour :[\/vc_column_text][\/vc_column][\/vc_row][vc_row rc_heading_color=\u00a0\u00bbwhite\u00a0\u00bb rc_bg_type=\u00a0\u00bbcolor\u00a0\u00bb rc_bg_color=\u00a0\u00bb#213B88&Prime; rc_font_color=\u00a0\u00bb#FFFFFF\u00a0\u00bb][vc_column add_column_link=\u00a0\u00bbyes\u00a0\u00bb column_link=\u00a0\u00bburl:https%3A%2F%2Fyoutu.be%2Fh0ILwaZN5kg\u00a0\u00bb column_link_class=\u00a0\u00bbgrve-video-popup\u00a0\u00bb hover_animation=\u00a0\u00bbmagnetism\u00a0\u00bb][\/vc_column][\/vc_row][vc_row padding_top_multiplier=\u00a0\u00bb3x\u00a0\u00bb padding_bottom_multiplier=\u00a0\u00bb3x\u00a0\u00bb rc_bg_type=\u00a0\u00bbcolor\u00a0\u00bb rc_bg_color=\u00a0\u00bb#FFFFFF\u00a0\u00bb][vc_column width=\u00a0\u00bb1\/3&Prime;][vc_column_text css=\u00a0\u00bb\u00a0\u00bb]Pr\u00e9senter le cadre global de la prise en charge au CMAP, en d\u00e9taillant les diff\u00e9rentes \u00e9tapes possibles\u2009: la r\u00e9alisation [&hellip;]<\/p>\n","protected":false},"author":1,"featured_media":0,"parent":14,"menu_order":0,"comment_status":"closed","ping_status":"closed","template":"","meta":{"footnotes":""},"class_list":["post-252","page","type-page","status-publish","hentry","grve-entry-item"],"yoast_head":"<!-- This site is optimized with the Yoast SEO plugin v27.3 - https:\/\/yoast.com\/product\/yoast-seo-wordpress\/ -->\n<title>Assistante sociale - CMAP Bruxelles<\/title>\n<meta name=\"description\" content=\"D\u00e9couvrez le r\u00f4le de l\u2019assistante sociale du CMAP : soutien, \u00e9coute et accompagnement administratif pour les familles au sein du CMAP \u00e0 Bruxelles.\" \/>\n<meta name=\"robots\" content=\"index, follow, max-snippet:-1, max-image-preview:large, max-video-preview:-1\" \/>\n<link rel=\"canonical\" href=\"https:\/\/www.cmap.be\/fr\/equipe\/assistante-sociale\/\" \/>\n<meta property=\"og:locale\" content=\"fr_FR\" \/>\n<meta property=\"og:type\" content=\"article\" \/>\n<meta property=\"og:title\" content=\"Assistante sociale - CMAP Bruxelles\" \/>\n<meta property=\"og:description\" content=\"D\u00e9couvrez le r\u00f4le de l\u2019assistante sociale du CMAP : soutien, \u00e9coute et accompagnement administratif pour les familles au sein du CMAP \u00e0 Bruxelles.\" \/>\n<meta property=\"og:url\" content=\"https:\/\/www.cmap.be\/fr\/equipe\/assistante-sociale\/\" \/>\n<meta property=\"og:site_name\" content=\"CMAP\" \/>\n<meta property=\"article:modified_time\" content=\"2025-12-27T13:20:43+00:00\" \/>\n<meta property=\"og:image\" content=\"https:\/\/www.cmap.be\/wp-content\/uploads\/2025\/08\/cmap-share.jpg\" \/>\n\t<meta property=\"og:image:width\" content=\"1200\" \/>\n\t<meta property=\"og:image:height\" content=\"675\" \/>\n\t<meta property=\"og:image:type\" content=\"image\/jpeg\" \/>\n<meta name=\"twitter:card\" content=\"summary_large_image\" \/>\n<meta name=\"twitter:label1\" content=\"Dur\u00e9e de lecture estim\u00e9e\" \/>\n\t<meta name=\"twitter:data1\" content=\"4 minutes\" \/>\n<script type=\"application\/ld+json\" class=\"yoast-schema-graph\">{\"@context\":\"https:\\\/\\\/schema.org\",\"@graph\":[{\"@type\":\"WebPage\",\"@id\":\"https:\\\/\\\/www.cmap.be\\\/fr\\\/equipe\\\/assistante-sociale\\\/\",\"url\":\"https:\\\/\\\/www.cmap.be\\\/fr\\\/equipe\\\/assistante-sociale\\\/\",\"name\":\"Assistante sociale - CMAP Bruxelles\",\"isPartOf\":{\"@id\":\"https:\\\/\\\/www.cmap.be\\\/fr\\\/#website\"},\"datePublished\":\"2025-06-19T23:10:59+00:00\",\"dateModified\":\"2025-12-27T13:20:43+00:00\",\"description\":\"D\u00e9couvrez le r\u00f4le de l\u2019assistante sociale du CMAP : soutien, \u00e9coute et accompagnement administratif pour les familles au sein du CMAP \u00e0 Bruxelles.\",\"breadcrumb\":{\"@id\":\"https:\\\/\\\/www.cmap.be\\\/fr\\\/equipe\\\/assistante-sociale\\\/#breadcrumb\"},\"inLanguage\":\"fr-FR\",\"potentialAction\":[{\"@type\":\"ReadAction\",\"target\":[\"https:\\\/\\\/www.cmap.be\\\/fr\\\/equipe\\\/assistante-sociale\\\/\"]}]},{\"@type\":\"BreadcrumbList\",\"@id\":\"https:\\\/\\\/www.cmap.be\\\/fr\\\/equipe\\\/assistante-sociale\\\/#breadcrumb\",\"itemListElement\":[{\"@type\":\"ListItem\",\"position\":1,\"name\":\"Accueil\",\"item\":\"https:\\\/\\\/www.cmap.be\\\/fr\\\/\"},{\"@type\":\"ListItem\",\"position\":2,\"name\":\"\u00c9quipe\",\"item\":\"https:\\\/\\\/www.cmap.be\\\/fr\\\/equipe\\\/\"},{\"@type\":\"ListItem\",\"position\":3,\"name\":\"Assistante sociale\"}]},{\"@type\":\"WebSite\",\"@id\":\"https:\\\/\\\/www.cmap.be\\\/fr\\\/#website\",\"url\":\"https:\\\/\\\/www.cmap.be\\\/fr\\\/\",\"name\":\"CMAP\",\"description\":\"Centre M\u00e9dical d&#039;Audio-Phonologie\",\"publisher\":{\"@id\":\"https:\\\/\\\/www.cmap.be\\\/fr\\\/#organization\"},\"potentialAction\":[{\"@type\":\"SearchAction\",\"target\":{\"@type\":\"EntryPoint\",\"urlTemplate\":\"https:\\\/\\\/www.cmap.be\\\/fr\\\/?s={search_term_string}\"},\"query-input\":{\"@type\":\"PropertyValueSpecification\",\"valueRequired\":true,\"valueName\":\"search_term_string\"}}],\"inLanguage\":\"fr-FR\"},{\"@type\":\"Organization\",\"@id\":\"https:\\\/\\\/www.cmap.be\\\/fr\\\/#organization\",\"name\":\"CMAP\",\"url\":\"https:\\\/\\\/www.cmap.be\\\/fr\\\/\",\"logo\":{\"@type\":\"ImageObject\",\"inLanguage\":\"fr-FR\",\"@id\":\"https:\\\/\\\/www.cmap.be\\\/fr\\\/#\\\/schema\\\/logo\\\/image\\\/\",\"url\":\"https:\\\/\\\/www.cmap.be\\\/wp-content\\\/uploads\\\/2025\\\/06\\\/cropped-sigle-CMAP.png\",\"contentUrl\":\"https:\\\/\\\/www.cmap.be\\\/wp-content\\\/uploads\\\/2025\\\/06\\\/cropped-sigle-CMAP.png\",\"width\":512,\"height\":512,\"caption\":\"CMAP\"},\"image\":{\"@id\":\"https:\\\/\\\/www.cmap.be\\\/fr\\\/#\\\/schema\\\/logo\\\/image\\\/\"}}]}<\/script>\n<!-- \/ Yoast SEO plugin. -->","yoast_head_json":{"title":"Assistante sociale - CMAP Bruxelles","description":"D\u00e9couvrez le r\u00f4le de l\u2019assistante sociale du CMAP : soutien, \u00e9coute et accompagnement administratif pour les familles au sein du CMAP \u00e0 Bruxelles.","robots":{"index":"index","follow":"follow","max-snippet":"max-snippet:-1","max-image-preview":"max-image-preview:large","max-video-preview":"max-video-preview:-1"},"canonical":"https:\/\/www.cmap.be\/fr\/equipe\/assistante-sociale\/","og_locale":"fr_FR","og_type":"article","og_title":"Assistante sociale - CMAP Bruxelles","og_description":"D\u00e9couvrez le r\u00f4le de l\u2019assistante sociale du CMAP : soutien, \u00e9coute et accompagnement administratif pour les familles au sein du CMAP \u00e0 Bruxelles.","og_url":"https:\/\/www.cmap.be\/fr\/equipe\/assistante-sociale\/","og_site_name":"CMAP","article_modified_time":"2025-12-27T13:20:43+00:00","og_image":[{"width":1200,"height":675,"url":"https:\/\/www.cmap.be\/wp-content\/uploads\/2025\/08\/cmap-share.jpg","type":"image\/jpeg"}],"twitter_card":"summary_large_image","twitter_misc":{"Dur\u00e9e de lecture estim\u00e9e":"4 minutes"},"schema":{"@context":"https:\/\/schema.org","@graph":[{"@type":"WebPage","@id":"https:\/\/www.cmap.be\/fr\/equipe\/assistante-sociale\/","url":"https:\/\/www.cmap.be\/fr\/equipe\/assistante-sociale\/","name":"Assistante sociale - CMAP Bruxelles","isPartOf":{"@id":"https:\/\/www.cmap.be\/fr\/#website"},"datePublished":"2025-06-19T23:10:59+00:00","dateModified":"2025-12-27T13:20:43+00:00","description":"D\u00e9couvrez le r\u00f4le de l\u2019assistante sociale du CMAP : soutien, \u00e9coute et accompagnement administratif pour les familles au sein du CMAP \u00e0 Bruxelles.","breadcrumb":{"@id":"https:\/\/www.cmap.be\/fr\/equipe\/assistante-sociale\/#breadcrumb"},"inLanguage":"fr-FR","potentialAction":[{"@type":"ReadAction","target":["https:\/\/www.cmap.be\/fr\/equipe\/assistante-sociale\/"]}]},{"@type":"BreadcrumbList","@id":"https:\/\/www.cmap.be\/fr\/equipe\/assistante-sociale\/#breadcrumb","itemListElement":[{"@type":"ListItem","position":1,"name":"Accueil","item":"https:\/\/www.cmap.be\/fr\/"},{"@type":"ListItem","position":2,"name":"\u00c9quipe","item":"https:\/\/www.cmap.be\/fr\/equipe\/"},{"@type":"ListItem","position":3,"name":"Assistante sociale"}]},{"@type":"WebSite","@id":"https:\/\/www.cmap.be\/fr\/#website","url":"https:\/\/www.cmap.be\/fr\/","name":"CMAP","description":"Centre M\u00e9dical d&#039;Audio-Phonologie","publisher":{"@id":"https:\/\/www.cmap.be\/fr\/#organization"},"potentialAction":[{"@type":"SearchAction","target":{"@type":"EntryPoint","urlTemplate":"https:\/\/www.cmap.be\/fr\/?s={search_term_string}"},"query-input":{"@type":"PropertyValueSpecification","valueRequired":true,"valueName":"search_term_string"}}],"inLanguage":"fr-FR"},{"@type":"Organization","@id":"https:\/\/www.cmap.be\/fr\/#organization","name":"CMAP","url":"https:\/\/www.cmap.be\/fr\/","logo":{"@type":"ImageObject","inLanguage":"fr-FR","@id":"https:\/\/www.cmap.be\/fr\/#\/schema\/logo\/image\/","url":"https:\/\/www.cmap.be\/wp-content\/uploads\/2025\/06\/cropped-sigle-CMAP.png","contentUrl":"https:\/\/www.cmap.be\/wp-content\/uploads\/2025\/06\/cropped-sigle-CMAP.png","width":512,"height":512,"caption":"CMAP"},"image":{"@id":"https:\/\/www.cmap.be\/fr\/#\/schema\/logo\/image\/"}}]}},"_links":{"self":[{"href":"https:\/\/www.cmap.be\/fr\/wp-json\/wp\/v2\/pages\/252","targetHints":{"allow":["GET"]}}],"collection":[{"href":"https:\/\/www.cmap.be\/fr\/wp-json\/wp\/v2\/pages"}],"about":[{"href":"https:\/\/www.cmap.be\/fr\/wp-json\/wp\/v2\/types\/page"}],"author":[{"embeddable":true,"href":"https:\/\/www.cmap.be\/fr\/wp-json\/wp\/v2\/users\/1"}],"replies":[{"embeddable":true,"href":"https:\/\/www.cmap.be\/fr\/wp-json\/wp\/v2\/comments?post=252"}],"version-history":[{"count":20,"href":"https:\/\/www.cmap.be\/fr\/wp-json\/wp\/v2\/pages\/252\/revisions"}],"predecessor-version":[{"id":696,"href":"https:\/\/www.cmap.be\/fr\/wp-json\/wp\/v2\/pages\/252\/revisions\/696"}],"up":[{"embeddable":true,"href":"https:\/\/www.cmap.be\/fr\/wp-json\/wp\/v2\/pages\/14"}],"wp:attachment":[{"href":"https:\/\/www.cmap.be\/fr\/wp-json\/wp\/v2\/media?parent=252"}],"curies":[{"name":"wp","href":"https:\/\/api.w.org\/{rel}","templated":true}]}}