{"id":3,"date":"2025-06-07T16:44:23","date_gmt":"2025-06-07T16:44:23","guid":{"rendered":"https:\/\/cmap.uni-vert.be\/?page_id=3"},"modified":"2025-12-27T13:41:58","modified_gmt":"2025-12-27T13:41:58","slug":"politique-confidentialite","status":"publish","type":"page","link":"https:\/\/www.cmap.be\/fr\/politique-confidentialite\/","title":{"rendered":"Politique de confidentialit\u00e9"},"content":{"rendered":"<div class=\"wpb-content-wrapper\"><p>[vc_row padding_top_multiplier=\u00a0\u00bb\u00a0\u00bb padding_bottom_multiplier=\u00a0\u00bb2x\u00a0\u00bb][vc_column]<h1 class=\"grve-element grve-title grve-align-inherit grve-h1\"><span>Politique de confidentialit\u00e9<\/span><\/h1>[vc_column_text css=\u00a0\u00bb\u00a0\u00bb text_style=\u00a0\u00bbleader-text\u00a0\u00bb]Le Centre M\u00e9dical d&rsquo;Audio-Phonologique \u00e0 Bruxelles (CMAP asbl) accorde une grande importance \u00e0 la protection de vos donn\u00e9es personnelles et au respect du R\u00e8glement G\u00e9n\u00e9ral sur la Protection des Donn\u00e9es (RGPD).[\/vc_column_text][\/vc_column][\/vc_row][vc_row rc_heading_color=\u00a0\u00bbwhite\u00a0\u00bb rc_bg_type=\u00a0\u00bbcolor\u00a0\u00bb rc_bg_color=\u00a0\u00bb#213B88&Prime; rc_font_color=\u00a0\u00bb#FFFFFF\u00a0\u00bb][vc_column add_column_link=\u00a0\u00bbyes\u00a0\u00bb column_link=\u00a0\u00bburl:https%3A%2F%2Fyoutu.be%2Fo6fiNRn_p3M\u00a0\u00bb column_link_class=\u00a0\u00bbgrve-video-popup\u00a0\u00bb hover_animation=\u00a0\u00bbmagnetism\u00a0\u00bb]<div class=\"grve-element grve-box-icon grve-medium grve-side-icon grve-align-left grve-vertical-align-middle grve-layout-2\"><div class=\"grve-wrapper-icon grve-image-icon\"><div class=\"grve-thumbnail-wrapper\"  style=\"width: 195px;\"><div class=\"grve-thumbnail\"  style=\"padding-top: 51.282%;\"><img loading=\"lazy\" decoding=\"async\" width=\"195\" height=\"100\" src=\"https:\/\/www.cmap.be\/wp-content\/uploads\/2025\/12\/LSFB_play-video.png\" class=\"attachment-full size-full\" alt=\"\" srcset=\"https:\/\/www.cmap.be\/wp-content\/uploads\/2025\/12\/LSFB_play-video.png 1x,https:\/\/www.cmap.be\/wp-content\/uploads\/2025\/12\/LSFB_play-video@2x.png 2x\" data-column-space=\"auto\" data-lazyload=\"\" data-grve-filter=\"yes\" \/><\/div><\/div><\/div><div class=\"grve-box-content\"><h3 class=\"grve-box-title grve-h5\">D\u00e9couvrez ce contenu en langue des signes (LSFB)<\/h3><p class=\"\">Cette page est \u00e9galement disponible en langue des signes belge francophone (LSFB). Regardez la vid\u00e9o.<\/p><\/div><\/div>[\/vc_column][\/vc_row][vc_row padding_top_multiplier=\u00a0\u00bb2x\u00a0\u00bb padding_bottom_multiplier=\u00a0\u00bb\u00a0\u00bb][vc_column][vc_column_text css=\u00a0\u00bb\u00a0\u00bb]<\/p>\n<h4>Responsable du traitement<\/h4>\n<p>CMAP asbl<br \/>\nRue de Lusambo 35-39<br \/>\n1190 Forest, Bruxelles (Belgique)<br \/>\nN\u00b0 d\u2019entreprise : BE 0412.528.291<br \/>\nT\u00e9l. : 02 332 33 23<br \/>\nEmail : <a href=\"mailto:direction@cmap.be\">direction@cmap.be<\/a><\/p>\n<h4>Utilisation de vos donn\u00e9es<\/h4>\n<p>Nous ne collectons aucune donn\u00e9e personnelle sans votre consentement explicite. En consultant ce site, aucune donn\u00e9e nominative n\u2019est automatiquement enregistr\u00e9e.<\/p>\n<h4>Analyse de fr\u00e9quentation avec Google Analytics<\/h4>\n<p>Ce site utilise Google Analytics 4 uniquement si vous y consentez via le bandeau cookies. Cet outil nous permet d\u2019analyser l\u2019audience du site afin d\u2019en am\u00e9liorer le contenu.<br \/>\nLes donn\u00e9es collect\u00e9es sont anonymis\u00e9es : adresse IP tronqu\u00e9e, pages consult\u00e9es, dur\u00e9e des visites, type de navigateur, localisation approximative.<\/p>\n<p>Ces donn\u00e9es sont trait\u00e9es par Google Ireland Ltd. conform\u00e9ment \u00e0 leur politique de confidentialit\u00e9, et peuvent \u00eatre transf\u00e9r\u00e9es aux \u00c9tats-Unis sous certaines garanties.<br \/>\nPour en savoir plus, consultez les conditions Google :\u00a0<a href=\"https:\/\/policies.google.com\/privacy\" target=\"_blank\" rel=\"noopener\">policies.google.com\/privacy<\/a><\/p>\n<h4>Cookies<\/h4>\n<p>Seuls des cookies techniques ou analytiques anonymes peuvent \u00eatre utilis\u00e9s, apr\u00e8s votre consentement. Vous pouvez modifier vos pr\u00e9f\u00e9rences \u00e0 tout moment via les param\u00e8tres de cookies pr\u00e9sents sur ce site.<\/p>\n<h4>Vos droits<\/h4>\n<p>Conform\u00e9ment au RGPD, vous disposez des droits suivants :<\/p>\n<ul>\n<li>Acc\u00e8s \u00e0 vos donn\u00e9es personnelles<\/li>\n<li>Rectification ou suppression de vos donn\u00e9es<\/li>\n<li>Limitation ou opposition au traitement<\/li>\n<li>Portabilit\u00e9 de vos donn\u00e9es<\/li>\n<li>R\u00e9clamation aupr\u00e8s de l\u2019Autorit\u00e9 de protection des donn\u00e9es<\/li>\n<\/ul>\n<p>Pour exercer vos droits, vous pouvez contacter notre D\u00e9l\u00e9gu\u00e9e \u00e0 la protection des donn\u00e9es :<\/p>\n<p>Madame Ang\u00e9lique Cattaux \u2013 <a href=\"mailto:secretariat@cmap.be\">secretariat@cmap.be<\/a><\/p>\n<h4>Conservation des donn\u00e9es<\/h4>\n<p>Les donn\u00e9es personnelles trait\u00e9es dans le cadre de nos services (soins, administratif, suivi th\u00e9rapeutique) sont conserv\u00e9es selon les dur\u00e9es impos\u00e9es par la l\u00e9gislation belge en mati\u00e8re de sant\u00e9.<\/p>\n<h4>Modifications<\/h4>\n<p>Cette politique de confidentialit\u00e9 peut \u00eatre mise \u00e0 jour pour refl\u00e9ter les \u00e9volutions r\u00e9glementaires ou techniques. Derni\u00e8re mise \u00e0 jour : juin 2025.[\/vc_column_text][\/vc_column][\/vc_row]<\/p>\n<\/div>","protected":false},"excerpt":{"rendered":"<p>[vc_row padding_top_multiplier=\u00a0\u00bb\u00a0\u00bb padding_bottom_multiplier=\u00a0\u00bb2x\u00a0\u00bb][vc_column][vc_column_text css=\u00a0\u00bb\u00a0\u00bb text_style=\u00a0\u00bbleader-text\u00a0\u00bb]Le Centre M\u00e9dical d&rsquo;Audio-Phonologique \u00e0 Bruxelles (CMAP asbl) accorde une grande importance \u00e0 la protection de vos donn\u00e9es personnelles et au respect du R\u00e8glement G\u00e9n\u00e9ral sur la Protection des Donn\u00e9es (RGPD).[\/vc_column_text][\/vc_column][\/vc_row][vc_row rc_heading_color=\u00a0\u00bbwhite\u00a0\u00bb rc_bg_type=\u00a0\u00bbcolor\u00a0\u00bb rc_bg_color=\u00a0\u00bb#213B88&Prime; rc_font_color=\u00a0\u00bb#FFFFFF\u00a0\u00bb][vc_column add_column_link=\u00a0\u00bbyes\u00a0\u00bb column_link=\u00a0\u00bburl:https%3A%2F%2Fyoutu.be%2Fo6fiNRn_p3M\u00a0\u00bb column_link_class=\u00a0\u00bbgrve-video-popup\u00a0\u00bb hover_animation=\u00a0\u00bbmagnetism\u00a0\u00bb][\/vc_column][\/vc_row][vc_row padding_top_multiplier=\u00a0\u00bb2x\u00a0\u00bb padding_bottom_multiplier=\u00a0\u00bb\u00a0\u00bb][vc_column][vc_column_text css=\u00a0\u00bb\u00a0\u00bb] Responsable du traitement CMAP asbl Rue de Lusambo 35-39 [&hellip;]<\/p>\n","protected":false},"author":1,"featured_media":0,"parent":0,"menu_order":0,"comment_status":"closed","ping_status":"open","template":"","meta":{"footnotes":""},"class_list":["post-3","page","type-page","status-publish","hentry","grve-entry-item"],"yoast_head":"<!-- This site is optimized with the Yoast SEO plugin v27.3 - https:\/\/yoast.com\/product\/yoast-seo-wordpress\/ -->\n<title>Politique de confidentialit\u00e9 - CMAP Bruxelles<\/title>\n<meta name=\"description\" content=\"D\u00e9couvrez la politique de confidentialit\u00e9 du CMAP \u00e0 Bruxelles. Vos donn\u00e9es personnelles sont trait\u00e9es avec soin, conform\u00e9ment au RGPD.\" \/>\n<meta name=\"robots\" content=\"index, follow, max-snippet:-1, max-image-preview:large, max-video-preview:-1\" \/>\n<link rel=\"canonical\" href=\"https:\/\/www.cmap.be\/fr\/politique-confidentialite\/\" \/>\n<meta property=\"og:locale\" content=\"fr_FR\" \/>\n<meta property=\"og:type\" content=\"article\" \/>\n<meta property=\"og:title\" content=\"Politique de confidentialit\u00e9 - CMAP Bruxelles\" \/>\n<meta property=\"og:description\" content=\"D\u00e9couvrez la politique de confidentialit\u00e9 du CMAP \u00e0 Bruxelles. Vos donn\u00e9es personnelles sont trait\u00e9es avec soin, conform\u00e9ment au RGPD.\" \/>\n<meta property=\"og:url\" content=\"https:\/\/www.cmap.be\/fr\/politique-confidentialite\/\" \/>\n<meta property=\"og:site_name\" content=\"CMAP\" \/>\n<meta property=\"article:modified_time\" content=\"2025-12-27T13:41:58+00:00\" \/>\n<meta property=\"og:image\" content=\"https:\/\/www.cmap.be\/wp-content\/uploads\/2025\/08\/cmap-share.jpg\" \/>\n\t<meta property=\"og:image:width\" content=\"1200\" \/>\n\t<meta property=\"og:image:height\" content=\"675\" \/>\n\t<meta property=\"og:image:type\" content=\"image\/jpeg\" \/>\n<meta name=\"twitter:card\" content=\"summary_large_image\" \/>\n<meta name=\"twitter:label1\" content=\"Dur\u00e9e de lecture estim\u00e9e\" \/>\n\t<meta name=\"twitter:data1\" content=\"3 minutes\" \/>\n<script type=\"application\/ld+json\" class=\"yoast-schema-graph\">{\"@context\":\"https:\\\/\\\/schema.org\",\"@graph\":[{\"@type\":\"WebPage\",\"@id\":\"https:\\\/\\\/www.cmap.be\\\/fr\\\/politique-confidentialite\\\/\",\"url\":\"https:\\\/\\\/www.cmap.be\\\/fr\\\/politique-confidentialite\\\/\",\"name\":\"Politique de confidentialit\u00e9 - CMAP Bruxelles\",\"isPartOf\":{\"@id\":\"https:\\\/\\\/www.cmap.be\\\/fr\\\/#website\"},\"datePublished\":\"2025-06-07T16:44:23+00:00\",\"dateModified\":\"2025-12-27T13:41:58+00:00\",\"description\":\"D\u00e9couvrez la politique de confidentialit\u00e9 du CMAP \u00e0 Bruxelles. Vos donn\u00e9es personnelles sont trait\u00e9es avec soin, conform\u00e9ment au RGPD.\",\"breadcrumb\":{\"@id\":\"https:\\\/\\\/www.cmap.be\\\/fr\\\/politique-confidentialite\\\/#breadcrumb\"},\"inLanguage\":\"fr-FR\",\"potentialAction\":[{\"@type\":\"ReadAction\",\"target\":[\"https:\\\/\\\/www.cmap.be\\\/fr\\\/politique-confidentialite\\\/\"]}]},{\"@type\":\"BreadcrumbList\",\"@id\":\"https:\\\/\\\/www.cmap.be\\\/fr\\\/politique-confidentialite\\\/#breadcrumb\",\"itemListElement\":[{\"@type\":\"ListItem\",\"position\":1,\"name\":\"Accueil\",\"item\":\"https:\\\/\\\/www.cmap.be\\\/fr\\\/\"},{\"@type\":\"ListItem\",\"position\":2,\"name\":\"Politique de confidentialit\u00e9\"}]},{\"@type\":\"WebSite\",\"@id\":\"https:\\\/\\\/www.cmap.be\\\/fr\\\/#website\",\"url\":\"https:\\\/\\\/www.cmap.be\\\/fr\\\/\",\"name\":\"CMAP\",\"description\":\"Centre M\u00e9dical d&#039;Audio-Phonologie\",\"publisher\":{\"@id\":\"https:\\\/\\\/www.cmap.be\\\/fr\\\/#organization\"},\"potentialAction\":[{\"@type\":\"SearchAction\",\"target\":{\"@type\":\"EntryPoint\",\"urlTemplate\":\"https:\\\/\\\/www.cmap.be\\\/fr\\\/?s={search_term_string}\"},\"query-input\":{\"@type\":\"PropertyValueSpecification\",\"valueRequired\":true,\"valueName\":\"search_term_string\"}}],\"inLanguage\":\"fr-FR\"},{\"@type\":\"Organization\",\"@id\":\"https:\\\/\\\/www.cmap.be\\\/fr\\\/#organization\",\"name\":\"CMAP\",\"url\":\"https:\\\/\\\/www.cmap.be\\\/fr\\\/\",\"logo\":{\"@type\":\"ImageObject\",\"inLanguage\":\"fr-FR\",\"@id\":\"https:\\\/\\\/www.cmap.be\\\/fr\\\/#\\\/schema\\\/logo\\\/image\\\/\",\"url\":\"https:\\\/\\\/www.cmap.be\\\/wp-content\\\/uploads\\\/2025\\\/06\\\/cropped-sigle-CMAP.png\",\"contentUrl\":\"https:\\\/\\\/www.cmap.be\\\/wp-content\\\/uploads\\\/2025\\\/06\\\/cropped-sigle-CMAP.png\",\"width\":512,\"height\":512,\"caption\":\"CMAP\"},\"image\":{\"@id\":\"https:\\\/\\\/www.cmap.be\\\/fr\\\/#\\\/schema\\\/logo\\\/image\\\/\"}}]}<\/script>\n<!-- \/ Yoast SEO plugin. -->","yoast_head_json":{"title":"Politique de confidentialit\u00e9 - CMAP Bruxelles","description":"D\u00e9couvrez la politique de confidentialit\u00e9 du CMAP \u00e0 Bruxelles. Vos donn\u00e9es personnelles sont trait\u00e9es avec soin, conform\u00e9ment au RGPD.","robots":{"index":"index","follow":"follow","max-snippet":"max-snippet:-1","max-image-preview":"max-image-preview:large","max-video-preview":"max-video-preview:-1"},"canonical":"https:\/\/www.cmap.be\/fr\/politique-confidentialite\/","og_locale":"fr_FR","og_type":"article","og_title":"Politique de confidentialit\u00e9 - CMAP Bruxelles","og_description":"D\u00e9couvrez la politique de confidentialit\u00e9 du CMAP \u00e0 Bruxelles. Vos donn\u00e9es personnelles sont trait\u00e9es avec soin, conform\u00e9ment au RGPD.","og_url":"https:\/\/www.cmap.be\/fr\/politique-confidentialite\/","og_site_name":"CMAP","article_modified_time":"2025-12-27T13:41:58+00:00","og_image":[{"width":1200,"height":675,"url":"https:\/\/www.cmap.be\/wp-content\/uploads\/2025\/08\/cmap-share.jpg","type":"image\/jpeg"}],"twitter_card":"summary_large_image","twitter_misc":{"Dur\u00e9e de lecture estim\u00e9e":"3 minutes"},"schema":{"@context":"https:\/\/schema.org","@graph":[{"@type":"WebPage","@id":"https:\/\/www.cmap.be\/fr\/politique-confidentialite\/","url":"https:\/\/www.cmap.be\/fr\/politique-confidentialite\/","name":"Politique de confidentialit\u00e9 - CMAP Bruxelles","isPartOf":{"@id":"https:\/\/www.cmap.be\/fr\/#website"},"datePublished":"2025-06-07T16:44:23+00:00","dateModified":"2025-12-27T13:41:58+00:00","description":"D\u00e9couvrez la politique de confidentialit\u00e9 du CMAP \u00e0 Bruxelles. Vos donn\u00e9es personnelles sont trait\u00e9es avec soin, conform\u00e9ment au RGPD.","breadcrumb":{"@id":"https:\/\/www.cmap.be\/fr\/politique-confidentialite\/#breadcrumb"},"inLanguage":"fr-FR","potentialAction":[{"@type":"ReadAction","target":["https:\/\/www.cmap.be\/fr\/politique-confidentialite\/"]}]},{"@type":"BreadcrumbList","@id":"https:\/\/www.cmap.be\/fr\/politique-confidentialite\/#breadcrumb","itemListElement":[{"@type":"ListItem","position":1,"name":"Accueil","item":"https:\/\/www.cmap.be\/fr\/"},{"@type":"ListItem","position":2,"name":"Politique de confidentialit\u00e9"}]},{"@type":"WebSite","@id":"https:\/\/www.cmap.be\/fr\/#website","url":"https:\/\/www.cmap.be\/fr\/","name":"CMAP","description":"Centre M\u00e9dical d&#039;Audio-Phonologie","publisher":{"@id":"https:\/\/www.cmap.be\/fr\/#organization"},"potentialAction":[{"@type":"SearchAction","target":{"@type":"EntryPoint","urlTemplate":"https:\/\/www.cmap.be\/fr\/?s={search_term_string}"},"query-input":{"@type":"PropertyValueSpecification","valueRequired":true,"valueName":"search_term_string"}}],"inLanguage":"fr-FR"},{"@type":"Organization","@id":"https:\/\/www.cmap.be\/fr\/#organization","name":"CMAP","url":"https:\/\/www.cmap.be\/fr\/","logo":{"@type":"ImageObject","inLanguage":"fr-FR","@id":"https:\/\/www.cmap.be\/fr\/#\/schema\/logo\/image\/","url":"https:\/\/www.cmap.be\/wp-content\/uploads\/2025\/06\/cropped-sigle-CMAP.png","contentUrl":"https:\/\/www.cmap.be\/wp-content\/uploads\/2025\/06\/cropped-sigle-CMAP.png","width":512,"height":512,"caption":"CMAP"},"image":{"@id":"https:\/\/www.cmap.be\/fr\/#\/schema\/logo\/image\/"}}]}},"_links":{"self":[{"href":"https:\/\/www.cmap.be\/fr\/wp-json\/wp\/v2\/pages\/3","targetHints":{"allow":["GET"]}}],"collection":[{"href":"https:\/\/www.cmap.be\/fr\/wp-json\/wp\/v2\/pages"}],"about":[{"href":"https:\/\/www.cmap.be\/fr\/wp-json\/wp\/v2\/types\/page"}],"author":[{"embeddable":true,"href":"https:\/\/www.cmap.be\/fr\/wp-json\/wp\/v2\/users\/1"}],"replies":[{"embeddable":true,"href":"https:\/\/www.cmap.be\/fr\/wp-json\/wp\/v2\/comments?post=3"}],"version-history":[{"count":8,"href":"https:\/\/www.cmap.be\/fr\/wp-json\/wp\/v2\/pages\/3\/revisions"}],"predecessor-version":[{"id":705,"href":"https:\/\/www.cmap.be\/fr\/wp-json\/wp\/v2\/pages\/3\/revisions\/705"}],"wp:attachment":[{"href":"https:\/\/www.cmap.be\/fr\/wp-json\/wp\/v2\/media?parent=3"}],"curies":[{"name":"wp","href":"https:\/\/api.w.org\/{rel}","templated":true}]}}