{"id":584,"date":"2025-06-07T17:10:13","date_gmt":"2025-06-07T17:10:13","guid":{"rendered":"https:\/\/cmap.uni-vert.be\/equipe\/"},"modified":"2025-12-27T12:04:51","modified_gmt":"2025-12-27T12:04:51","slug":"team","status":"publish","type":"page","link":"https:\/\/www.cmap.be\/nl\/team\/","title":{"rendered":"Het team"},"content":{"rendered":"<div class=\"wpb-content-wrapper\"><p>[vc_row height_ratio=&#8221;50&#8243; padding_top_multiplier=&#8221;&#8221; padding_bottom_multiplier=&#8221;&#8221; rc_heading_color=&#8221;white&#8221; rc_bg_type=&#8221;image&#8221; rc_bg_image=&#8221;223&#8243; rc_bg_image_size=&#8221;responsive&#8221; rc_bg_tablet_sm_position=&#8221;center-center&#8221; rc_bg_color_overlay=&#8221;primary-3&#8243; rc_bg_opacity_overlay=&#8221;50&#8243;][vc_column width=&#8221;1\/6&#8243; vertical_content_position=&#8221;middle&#8221; text_align=&#8221;center&#8221;][\/vc_column][vc_column width=&#8221;2\/3&#8243; vertical_content_position=&#8221;middle&#8221; text_align=&#8221;center&#8221;]<h3 class=\"grve-element grve-title grve-align-inherit grve-h3\"><span>Het CMAP-team<\/span><\/h3>[\/vc_column][vc_column width=&#8221;1\/6&#8243;][\/vc_column][\/vc_row][vc_row padding_top_multiplier=&#8221;3x&#8221; padding_bottom_multiplier=&#8221;&#8221;][vc_column][vc_column_text css=&#8221;&#8221; text_style=&#8221;leader-text&#8221;]Het CMAP bundelt alle medische en paramedische disciplines onder \u00e9\u00e9n dak. Het heeft als doel:<\/p>\n<ul>\n<li>Doelgericht te reageren op de klachten van de pati\u00ebnt en de aandoeningen die daarmee samengaan.<\/li>\n<li>Een individueel behandelplan op te stellen dat is afgestemd op de specifieke behoeften van elke pati\u00ebnt.<\/li>\n<\/ul>\n<p>[\/vc_column_text][\/vc_column][\/vc_row][vc_row rc_bg_type=&#8221;color&#8221; equal_column_height=&#8221;equal&#8221; tablet_columns_vertical_gap=&#8221;30&#8243; tablet_sm_columns_vertical_gap=&#8221;30&#8243; rc_bg_color=&#8221;#F7F7FB&#8221;][vc_column width=&#8221;1\/4&#8243; add_column_link=&#8221;yes&#8221; column_link=&#8221;url:%2Fnl%2Fteam%2Fnko-en-kinderartsen%2F|title:Nko-%20en%20kinderartsen&#8221; rc_bg_type=&#8221;color&#8221; rc_add_shadow=&#8221;small-shadow&#8221; hover_animation=&#8221;slide-up&#8221; tablet_width=&#8221;1-2&#8243; tablet_sm_width=&#8221;1-2&#8243; rc_bg_color=&#8221;#FFFFFF&#8221; grve_css=&#8221;{&#8220;desktop&#8220;:{&#8220;border-top-left-radius&#8220;:&#8220;10px&#8220;,&#8220;border-top-right-radius&#8220;:&#8220;10px&#8220;,&#8220;border-bottom-right-radius&#8220;:&#8220;10px&#8220;,&#8220;border-bottom-left-radius&#8220;:&#8220;10px&#8220;,&#8220;padding-top&#8220;:&#8220;30px&#8220;,&#8220;padding-right&#8220;:&#8220;30px&#8220;,&#8220;padding-bottom&#8220;:&#8220;30px&#8220;,&#8220;padding-left&#8220;:&#8220;30px&#8220;,&#8220;class&#8220;:&#8220;grve-wpb-1753897368714&#8220;}}&#8221;]<div class=\"grve-element grve-box-icon grve-large grve-top-icon grve-align-center\"><div class=\"grve-wrapper-icon\" style=\"\"><span class=\"grve-box-icon et-icon-strategy grve-text-primary-1\"><\/span><\/div><div class=\"grve-box-content\"><h3 class=\"grve-box-title grve-h6\">Gespecialiseerde artsen<\/h3><\/div><\/div>[\/vc_column][vc_column width=&#8221;1\/4&#8243; add_column_link=&#8221;yes&#8221; column_link=&#8221;url:%2Fnl%2Fteam%2Fmaatschappelijk-werkster%2F|title:Maatschappelijk%20werkster&#8221; rc_bg_type=&#8221;color&#8221; rc_add_shadow=&#8221;small-shadow&#8221; hover_animation=&#8221;slide-up&#8221; tablet_width=&#8221;1-2&#8243; tablet_sm_width=&#8221;1-2&#8243; grve_css=&#8221;{&#8220;desktop&#8220;:{&#8220;border-top-left-radius&#8220;:&#8220;10px&#8220;,&#8220;border-top-right-radius&#8220;:&#8220;10px&#8220;,&#8220;border-bottom-right-radius&#8220;:&#8220;10px&#8220;,&#8220;border-bottom-left-radius&#8220;:&#8220;10px&#8220;,&#8220;padding-top&#8220;:&#8220;30px&#8220;,&#8220;padding-right&#8220;:&#8220;30px&#8220;,&#8220;padding-bottom&#8220;:&#8220;30px&#8220;,&#8220;padding-left&#8220;:&#8220;30px&#8220;,&#8220;class&#8220;:&#8220;grve-wpb-1753897316774&#8220;}}&#8221; rc_bg_color=&#8221;#FFFFFF&#8221;]<div class=\"grve-element grve-box-icon grve-large grve-top-icon grve-align-center\"><div class=\"grve-wrapper-icon\" style=\"\"><span class=\"grve-box-icon et-icon-puzzle grve-text-primary-1\"><\/span><\/div><div class=\"grve-box-content\"><h3 class=\"grve-box-title grve-h6\">Maatschappelijk werkster<\/h3><\/div><\/div>[\/vc_column][vc_column width=&#8221;1\/4&#8243; add_column_link=&#8221;yes&#8221; column_link=&#8221;url:%2Fnl%2Fteam%2Faudiologe%2F|title:Audiologe&#8221; rc_bg_type=&#8221;color&#8221; rc_add_shadow=&#8221;small-shadow&#8221; hover_animation=&#8221;slide-up&#8221; tablet_width=&#8221;1-2&#8243; tablet_sm_width=&#8221;1-2&#8243; rc_bg_color=&#8221;#FFFFFF&#8221; grve_css=&#8221;{&#8220;desktop&#8220;:{&#8220;border-top-left-radius&#8220;:&#8220;10px&#8220;,&#8220;border-top-right-radius&#8220;:&#8220;10px&#8220;,&#8220;border-bottom-right-radius&#8220;:&#8220;10px&#8220;,&#8220;border-bottom-left-radius&#8220;:&#8220;10px&#8220;,&#8220;padding-top&#8220;:&#8220;30px&#8220;,&#8220;padding-right&#8220;:&#8220;30px&#8220;,&#8220;padding-bottom&#8220;:&#8220;30px&#8220;,&#8220;padding-left&#8220;:&#8220;30px&#8220;,&#8220;class&#8220;:&#8220;grve-wpb-1753897465060&#8220;}}&#8221;]<div class=\"grve-element grve-box-icon grve-large grve-top-icon grve-align-center\"><div class=\"grve-wrapper-icon\" style=\"\"><span class=\"grve-box-icon et-icon-mobile grve-text-primary-1\"><\/span><\/div><div class=\"grve-box-content\"><h3 class=\"grve-box-title grve-h6\">Audiologe<\/h3><\/div><\/div>[\/vc_column][vc_column width=&#8221;1\/4&#8243; add_column_link=&#8221;yes&#8221; column_link=&#8221;url:%2Fnl%2Fteam%2Flogopedistes%2F|title:Logopedistes&#8221; rc_bg_type=&#8221;color&#8221; rc_add_shadow=&#8221;small-shadow&#8221; hover_animation=&#8221;slide-up&#8221; tablet_width=&#8221;1-2&#8243; tablet_sm_width=&#8221;1-2&#8243; rc_bg_color=&#8221;#FFFFFF&#8221; grve_css=&#8221;{&#8220;desktop&#8220;:{&#8220;border-top-left-radius&#8220;:&#8220;10px&#8220;,&#8220;border-top-right-radius&#8220;:&#8220;10px&#8220;,&#8220;border-bottom-right-radius&#8220;:&#8220;10px&#8220;,&#8220;border-bottom-left-radius&#8220;:&#8220;10px&#8220;,&#8220;padding-top&#8220;:&#8220;30px&#8220;,&#8220;padding-right&#8220;:&#8220;30px&#8220;,&#8220;padding-bottom&#8220;:&#8220;30px&#8220;,&#8220;padding-left&#8220;:&#8220;30px&#8220;,&#8220;class&#8220;:&#8220;grve-wpb-1753897510624&#8220;}}&#8221;]<div class=\"grve-element grve-box-icon grve-large grve-top-icon grve-align-center\"><div class=\"grve-wrapper-icon\" style=\"\"><span class=\"grve-box-icon et-icon-heart grve-text-primary-1\"><\/span><\/div><div class=\"grve-box-content\"><h3 class=\"grve-box-title grve-h6\">Logopedistes<\/h3><\/div><\/div>[\/vc_column][\/vc_row][vc_row padding_bottom_multiplier=&#8221;4x&#8221; rc_bg_type=&#8221;color&#8221; equal_column_height=&#8221;equal&#8221; tablet_columns_vertical_gap=&#8221;30&#8243; tablet_sm_columns_vertical_gap=&#8221;30&#8243; rc_bg_color=&#8221;#F7F7FB&#8221;][vc_column width=&#8221;1\/4&#8243; add_column_link=&#8221;yes&#8221; column_link=&#8221;url:%2Fnl%2Fteam%2Fneuropsycholoog%2F|title:Neuropsycholoog&#8221; rc_bg_type=&#8221;color&#8221; rc_add_shadow=&#8221;small-shadow&#8221; hover_animation=&#8221;slide-up&#8221; tablet_width=&#8221;1-2&#8243; tablet_sm_width=&#8221;1-2&#8243; rc_bg_color=&#8221;#FFFFFF&#8221; grve_css=&#8221;{&#8220;desktop&#8220;:{&#8220;border-top-left-radius&#8220;:&#8220;10px&#8220;,&#8220;border-top-right-radius&#8220;:&#8220;10px&#8220;,&#8220;border-bottom-right-radius&#8220;:&#8220;10px&#8220;,&#8220;border-bottom-left-radius&#8220;:&#8220;10px&#8220;,&#8220;padding-top&#8220;:&#8220;30px&#8220;,&#8220;padding-right&#8220;:&#8220;30px&#8220;,&#8220;padding-bottom&#8220;:&#8220;30px&#8220;,&#8220;padding-left&#8220;:&#8220;30px&#8220;,&#8220;class&#8220;:&#8220;grve-wpb-1753897565932&#8220;}}&#8221;]<div class=\"grve-element grve-box-icon grve-large grve-top-icon grve-align-center\"><div class=\"grve-wrapper-icon\" style=\"\"><span class=\"grve-box-icon et-icon-happy grve-text-primary-1\"><\/span><\/div><div class=\"grve-box-content\"><h3 class=\"grve-box-title grve-h6\">Neuropsycholoog<\/h3><\/div><\/div>[\/vc_column][vc_column width=&#8221;1\/4&#8243; add_column_link=&#8221;yes&#8221; column_link=&#8221;url:%2Fnl%2Fteam%2Fpsychologe%2F|title:Psychologe&#8221; rc_bg_type=&#8221;color&#8221; rc_add_shadow=&#8221;small-shadow&#8221; hover_animation=&#8221;slide-up&#8221; tablet_width=&#8221;1-2&#8243; tablet_sm_width=&#8221;1-2&#8243; rc_bg_color=&#8221;#FFFFFF&#8221; grve_css=&#8221;{&#8220;desktop&#8220;:{&#8220;border-top-left-radius&#8220;:&#8220;10px&#8220;,&#8220;border-top-right-radius&#8220;:&#8220;10px&#8220;,&#8220;border-bottom-right-radius&#8220;:&#8220;10px&#8220;,&#8220;border-bottom-left-radius&#8220;:&#8220;10px&#8220;,&#8220;padding-top&#8220;:&#8220;30px&#8220;,&#8220;padding-right&#8220;:&#8220;30px&#8220;,&#8220;padding-bottom&#8220;:&#8220;30px&#8220;,&#8220;padding-left&#8220;:&#8220;30px&#8220;,&#8220;class&#8220;:&#8220;grve-wpb-1753897612017&#8220;}}&#8221;]<div class=\"grve-element grve-box-icon grve-large grve-top-icon grve-align-center\"><div class=\"grve-wrapper-icon\" style=\"\"><span class=\"grve-box-icon et-icon-circle-compass grve-text-primary-1\"><\/span><\/div><div class=\"grve-box-content\"><h3 class=\"grve-box-title grve-h6\">Psychologe<\/h3><\/div><\/div>[\/vc_column][vc_column width=&#8221;1\/4&#8243; add_column_link=&#8221;yes&#8221; column_link=&#8221;url:%2Fnl%2Fteam%2Fkinesitherapeute-ergotherapeute-psychomotorisch-therapeute%2F|title:Kinesitherapeute%2C%20Ergotherapeute%20%26%20Psychomotorisch%20therapeute&#8221; rc_bg_type=&#8221;color&#8221; rc_add_shadow=&#8221;small-shadow&#8221; hover_animation=&#8221;slide-up&#8221; tablet_width=&#8221;1-2&#8243; tablet_sm_width=&#8221;1-2&#8243; rc_bg_color=&#8221;#FFFFFF&#8221; grve_css=&#8221;{&#8220;desktop&#8220;:{&#8220;border-top-left-radius&#8220;:&#8220;10px&#8220;,&#8220;border-top-right-radius&#8220;:&#8220;10px&#8220;,&#8220;border-bottom-right-radius&#8220;:&#8220;10px&#8220;,&#8220;border-bottom-left-radius&#8220;:&#8220;10px&#8220;,&#8220;padding-top&#8220;:&#8220;30px&#8220;,&#8220;padding-right&#8220;:&#8220;30px&#8220;,&#8220;padding-bottom&#8220;:&#8220;30px&#8220;,&#8220;padding-left&#8220;:&#8220;30px&#8220;,&#8220;class&#8220;:&#8220;grve-wpb-1753897678172&#8220;}}&#8221;]<div class=\"grve-element grve-box-icon grve-large grve-top-icon grve-align-center\"><div class=\"grve-wrapper-icon\" style=\"\"><span class=\"grve-box-icon et-icon-trophy grve-text-primary-1\"><\/span><\/div><div class=\"grve-box-content\"><h3 class=\"grve-box-title grve-h6\">Kinesitherapeute<br \/>\nErgotherapeute<br \/>\nPsychomotorisch therapeute<\/h3><\/div><\/div>[\/vc_column][vc_column width=&#8221;1\/4&#8243; vertical_content_position=&#8221;middle&#8221; add_column_link=&#8221;yes&#8221; column_link=&#8221;url:%2Fnl%2Ftherapeutische-hulpmiddelen%2F|title:Therapeutische%20hulpmiddelen&#8221; rc_heading_color=&#8221;white&#8221; rc_bg_type=&#8221;color&#8221; rc_add_shadow=&#8221;small-shadow&#8221; hover_animation=&#8221;slide-up&#8221; tablet_width=&#8221;1-2&#8243; tablet_sm_width=&#8221;1-2&#8243; rc_bg_color=&#8221;#43ABE2&#8243; grve_css=&#8221;{&#8220;desktop&#8220;:{&#8220;border-top-left-radius&#8220;:&#8220;10px&#8220;,&#8220;border-top-right-radius&#8220;:&#8220;10px&#8220;,&#8220;border-bottom-right-radius&#8220;:&#8220;10px&#8220;,&#8220;border-bottom-left-radius&#8220;:&#8220;10px&#8220;,&#8220;padding-top&#8220;:&#8220;30px&#8220;,&#8220;padding-right&#8220;:&#8220;30px&#8220;,&#8220;padding-bottom&#8220;:&#8220;30px&#8220;,&#8220;padding-left&#8220;:&#8220;30px&#8220;,&#8220;class&#8220;:&#8220;grve-wpb-1753905641622&#8220;}}&#8221;]<h3 class=\"grve-element grve-title grve-align-center grve-h6 grve-text-white\"><span>Ontdek de therapeutische hulpmiddelen van het CMAP<\/span><\/h3>[\/vc_column][\/vc_row][vc_row rc_heading_color=&#8221;white&#8221; rc_bg_type=&#8221;color&#8221; rc_bg_color=&#8221;#213B88&#8243; rc_font_color=&#8221;#FFFFFF&#8221;][vc_column add_column_link=&#8221;yes&#8221; column_link=&#8221;url:https%3A%2F%2Fyoutu.be%2F59s3zWF4rL8&#8243; column_link_class=&#8221;grve-video-popup&#8221; hover_animation=&#8221;magnetism&#8221;]<div class=\"grve-element grve-box-icon grve-medium grve-side-icon grve-align-left grve-vertical-align-middle grve-layout-2\"><div class=\"grve-wrapper-icon grve-image-icon\"><div class=\"grve-thumbnail-wrapper\"  style=\"width: 195px;\"><div class=\"grve-thumbnail\"  style=\"padding-top: 51.282%;\"><img loading=\"lazy\" decoding=\"async\" width=\"195\" height=\"100\" src=\"https:\/\/www.cmap.be\/wp-content\/uploads\/2025\/12\/LSFB_play-video.png\" class=\"attachment-full size-full\" alt=\"\" srcset=\"https:\/\/www.cmap.be\/wp-content\/uploads\/2025\/12\/LSFB_play-video.png 1x,https:\/\/www.cmap.be\/wp-content\/uploads\/2025\/12\/LSFB_play-video@2x.png 2x\" data-column-space=\"auto\" data-lazyload=\"\" data-grve-filter=\"yes\" \/><\/div><\/div><\/div><div class=\"grve-box-content\"><h3 class=\"grve-box-title grve-h5\">Ontdek deze inhoud in de Belgische Franstalige Gebarentaal (LSFB)<\/h3><p class=\"\">Deze pagina is ook beschikbaar in de Belgische Franstalige Gebarentaal (LSFB). Bekijk de video.<\/p><\/div><\/div>[\/vc_column][\/vc_row]<\/p>\n<\/div>","protected":false},"excerpt":{"rendered":"<p>[vc_row height_ratio=&#8221;50&#8243; padding_top_multiplier=&#8221;&#8221; padding_bottom_multiplier=&#8221;&#8221; rc_heading_color=&#8221;white&#8221; rc_bg_type=&#8221;image&#8221; rc_bg_image=&#8221;223&#8243; rc_bg_image_size=&#8221;responsive&#8221; rc_bg_tablet_sm_position=&#8221;center-center&#8221; rc_bg_color_overlay=&#8221;primary-3&#8243; rc_bg_opacity_overlay=&#8221;50&#8243;][vc_column width=&#8221;1\/6&#8243; vertical_content_position=&#8221;middle&#8221; text_align=&#8221;center&#8221;][\/vc_column][vc_column width=&#8221;2\/3&#8243; vertical_content_position=&#8221;middle&#8221; text_align=&#8221;center&#8221;][\/vc_column][vc_column width=&#8221;1\/6&#8243;][\/vc_column][\/vc_row][vc_row padding_top_multiplier=&#8221;3x&#8221; padding_bottom_multiplier=&#8221;&#8221;][vc_column][vc_column_text css=&#8221;&#8221; text_style=&#8221;leader-text&#8221;]Het CMAP bundelt alle medische en paramedische disciplines onder \u00e9\u00e9n dak. Het heeft als doel: Doelgericht te reageren op de klachten van de pati\u00ebnt en de aandoeningen die daarmee samengaan. Een individueel behandelplan op [&hellip;]<\/p>\n","protected":false},"author":1,"featured_media":0,"parent":0,"menu_order":0,"comment_status":"closed","ping_status":"closed","template":"","meta":{"footnotes":""},"class_list":["post-584","page","type-page","status-publish","hentry","grve-entry-item"],"yoast_head":"<!-- This site is optimized with the Yoast SEO plugin v27.3 - https:\/\/yoast.com\/product\/yoast-seo-wordpress\/ -->\n<title>Het multidisciplinaire team van CMAP<\/title>\n<meta name=\"description\" content=\"Maak kennis met het multidisciplinaire team van CMAP: artsen, psychologen, logopedisten en paramedici gespecialiseerd in revalidatie in Brussel.\" \/>\n<meta name=\"robots\" content=\"index, follow, max-snippet:-1, max-image-preview:large, max-video-preview:-1\" \/>\n<link rel=\"canonical\" href=\"https:\/\/www.cmap.be\/nl\/team\/\" \/>\n<meta property=\"og:locale\" content=\"nl_NL\" \/>\n<meta property=\"og:type\" content=\"article\" \/>\n<meta property=\"og:title\" content=\"Het multidisciplinaire team van CMAP\" \/>\n<meta property=\"og:description\" content=\"Maak kennis met het multidisciplinaire team van CMAP: artsen, psychologen, logopedisten en paramedici gespecialiseerd in revalidatie in Brussel.\" \/>\n<meta property=\"og:url\" content=\"https:\/\/www.cmap.be\/nl\/team\/\" \/>\n<meta property=\"og:site_name\" content=\"CMAP\" \/>\n<meta property=\"article:modified_time\" content=\"2025-12-27T12:04:51+00:00\" \/>\n<meta property=\"og:image\" content=\"https:\/\/www.cmap.be\/wp-content\/uploads\/2025\/08\/cmap-share.jpg\" \/>\n\t<meta property=\"og:image:width\" content=\"1200\" \/>\n\t<meta property=\"og:image:height\" content=\"675\" \/>\n\t<meta property=\"og:image:type\" content=\"image\/jpeg\" \/>\n<meta name=\"twitter:card\" content=\"summary_large_image\" \/>\n<meta name=\"twitter:label1\" content=\"Geschatte leestijd\" \/>\n\t<meta name=\"twitter:data1\" content=\"2 minuten\" \/>\n<script type=\"application\/ld+json\" class=\"yoast-schema-graph\">{\"@context\":\"https:\\\/\\\/schema.org\",\"@graph\":[{\"@type\":\"WebPage\",\"@id\":\"https:\\\/\\\/www.cmap.be\\\/nl\\\/team\\\/\",\"url\":\"https:\\\/\\\/www.cmap.be\\\/nl\\\/team\\\/\",\"name\":\"Het multidisciplinaire team van CMAP\",\"isPartOf\":{\"@id\":\"https:\\\/\\\/www.cmap.be\\\/nl\\\/#website\"},\"datePublished\":\"2025-06-07T17:10:13+00:00\",\"dateModified\":\"2025-12-27T12:04:51+00:00\",\"description\":\"Maak kennis met het multidisciplinaire team van CMAP: artsen, psychologen, logopedisten en paramedici gespecialiseerd in revalidatie in Brussel.\",\"breadcrumb\":{\"@id\":\"https:\\\/\\\/www.cmap.be\\\/nl\\\/team\\\/#breadcrumb\"},\"inLanguage\":\"nl-NL\",\"potentialAction\":[{\"@type\":\"ReadAction\",\"target\":[\"https:\\\/\\\/www.cmap.be\\\/nl\\\/team\\\/\"]}]},{\"@type\":\"BreadcrumbList\",\"@id\":\"https:\\\/\\\/www.cmap.be\\\/nl\\\/team\\\/#breadcrumb\",\"itemListElement\":[{\"@type\":\"ListItem\",\"position\":1,\"name\":\"Accueil\",\"item\":\"https:\\\/\\\/www.cmap.be\\\/nl\\\/\"},{\"@type\":\"ListItem\",\"position\":2,\"name\":\"Het team\"}]},{\"@type\":\"WebSite\",\"@id\":\"https:\\\/\\\/www.cmap.be\\\/nl\\\/#website\",\"url\":\"https:\\\/\\\/www.cmap.be\\\/nl\\\/\",\"name\":\"CMAP\",\"description\":\"Centre M\u00e9dical d&#039;Audio-Phonologie\",\"publisher\":{\"@id\":\"https:\\\/\\\/www.cmap.be\\\/nl\\\/#organization\"},\"potentialAction\":[{\"@type\":\"SearchAction\",\"target\":{\"@type\":\"EntryPoint\",\"urlTemplate\":\"https:\\\/\\\/www.cmap.be\\\/nl\\\/?s={search_term_string}\"},\"query-input\":{\"@type\":\"PropertyValueSpecification\",\"valueRequired\":true,\"valueName\":\"search_term_string\"}}],\"inLanguage\":\"nl-NL\"},{\"@type\":\"Organization\",\"@id\":\"https:\\\/\\\/www.cmap.be\\\/nl\\\/#organization\",\"name\":\"CMAP\",\"url\":\"https:\\\/\\\/www.cmap.be\\\/nl\\\/\",\"logo\":{\"@type\":\"ImageObject\",\"inLanguage\":\"nl-NL\",\"@id\":\"https:\\\/\\\/www.cmap.be\\\/nl\\\/#\\\/schema\\\/logo\\\/image\\\/\",\"url\":\"https:\\\/\\\/www.cmap.be\\\/wp-content\\\/uploads\\\/2025\\\/06\\\/cropped-sigle-CMAP.png\",\"contentUrl\":\"https:\\\/\\\/www.cmap.be\\\/wp-content\\\/uploads\\\/2025\\\/06\\\/cropped-sigle-CMAP.png\",\"width\":512,\"height\":512,\"caption\":\"CMAP\"},\"image\":{\"@id\":\"https:\\\/\\\/www.cmap.be\\\/nl\\\/#\\\/schema\\\/logo\\\/image\\\/\"}}]}<\/script>\n<!-- \/ Yoast SEO plugin. -->","yoast_head_json":{"title":"Het multidisciplinaire team van CMAP","description":"Maak kennis met het multidisciplinaire team van CMAP: artsen, psychologen, logopedisten en paramedici gespecialiseerd in revalidatie in Brussel.","robots":{"index":"index","follow":"follow","max-snippet":"max-snippet:-1","max-image-preview":"max-image-preview:large","max-video-preview":"max-video-preview:-1"},"canonical":"https:\/\/www.cmap.be\/nl\/team\/","og_locale":"nl_NL","og_type":"article","og_title":"Het multidisciplinaire team van CMAP","og_description":"Maak kennis met het multidisciplinaire team van CMAP: artsen, psychologen, logopedisten en paramedici gespecialiseerd in revalidatie in Brussel.","og_url":"https:\/\/www.cmap.be\/nl\/team\/","og_site_name":"CMAP","article_modified_time":"2025-12-27T12:04:51+00:00","og_image":[{"width":1200,"height":675,"url":"https:\/\/www.cmap.be\/wp-content\/uploads\/2025\/08\/cmap-share.jpg","type":"image\/jpeg"}],"twitter_card":"summary_large_image","twitter_misc":{"Geschatte leestijd":"2 minuten"},"schema":{"@context":"https:\/\/schema.org","@graph":[{"@type":"WebPage","@id":"https:\/\/www.cmap.be\/nl\/team\/","url":"https:\/\/www.cmap.be\/nl\/team\/","name":"Het multidisciplinaire team van CMAP","isPartOf":{"@id":"https:\/\/www.cmap.be\/nl\/#website"},"datePublished":"2025-06-07T17:10:13+00:00","dateModified":"2025-12-27T12:04:51+00:00","description":"Maak kennis met het multidisciplinaire team van CMAP: artsen, psychologen, logopedisten en paramedici gespecialiseerd in revalidatie in Brussel.","breadcrumb":{"@id":"https:\/\/www.cmap.be\/nl\/team\/#breadcrumb"},"inLanguage":"nl-NL","potentialAction":[{"@type":"ReadAction","target":["https:\/\/www.cmap.be\/nl\/team\/"]}]},{"@type":"BreadcrumbList","@id":"https:\/\/www.cmap.be\/nl\/team\/#breadcrumb","itemListElement":[{"@type":"ListItem","position":1,"name":"Accueil","item":"https:\/\/www.cmap.be\/nl\/"},{"@type":"ListItem","position":2,"name":"Het team"}]},{"@type":"WebSite","@id":"https:\/\/www.cmap.be\/nl\/#website","url":"https:\/\/www.cmap.be\/nl\/","name":"CMAP","description":"Centre M\u00e9dical d&#039;Audio-Phonologie","publisher":{"@id":"https:\/\/www.cmap.be\/nl\/#organization"},"potentialAction":[{"@type":"SearchAction","target":{"@type":"EntryPoint","urlTemplate":"https:\/\/www.cmap.be\/nl\/?s={search_term_string}"},"query-input":{"@type":"PropertyValueSpecification","valueRequired":true,"valueName":"search_term_string"}}],"inLanguage":"nl-NL"},{"@type":"Organization","@id":"https:\/\/www.cmap.be\/nl\/#organization","name":"CMAP","url":"https:\/\/www.cmap.be\/nl\/","logo":{"@type":"ImageObject","inLanguage":"nl-NL","@id":"https:\/\/www.cmap.be\/nl\/#\/schema\/logo\/image\/","url":"https:\/\/www.cmap.be\/wp-content\/uploads\/2025\/06\/cropped-sigle-CMAP.png","contentUrl":"https:\/\/www.cmap.be\/wp-content\/uploads\/2025\/06\/cropped-sigle-CMAP.png","width":512,"height":512,"caption":"CMAP"},"image":{"@id":"https:\/\/www.cmap.be\/nl\/#\/schema\/logo\/image\/"}}]}},"_links":{"self":[{"href":"https:\/\/www.cmap.be\/nl\/wp-json\/wp\/v2\/pages\/584","targetHints":{"allow":["GET"]}}],"collection":[{"href":"https:\/\/www.cmap.be\/nl\/wp-json\/wp\/v2\/pages"}],"about":[{"href":"https:\/\/www.cmap.be\/nl\/wp-json\/wp\/v2\/types\/page"}],"author":[{"embeddable":true,"href":"https:\/\/www.cmap.be\/nl\/wp-json\/wp\/v2\/users\/1"}],"replies":[{"embeddable":true,"href":"https:\/\/www.cmap.be\/nl\/wp-json\/wp\/v2\/comments?post=584"}],"version-history":[{"count":4,"href":"https:\/\/www.cmap.be\/nl\/wp-json\/wp\/v2\/pages\/584\/revisions"}],"predecessor-version":[{"id":680,"href":"https:\/\/www.cmap.be\/nl\/wp-json\/wp\/v2\/pages\/584\/revisions\/680"}],"wp:attachment":[{"href":"https:\/\/www.cmap.be\/nl\/wp-json\/wp\/v2\/media?parent=584"}],"curies":[{"name":"wp","href":"https:\/\/api.w.org\/{rel}","templated":true}]}}