{"id":604,"date":"2025-06-19T23:06:37","date_gmt":"2025-06-19T23:06:37","guid":{"rendered":"https:\/\/cmap.uni-vert.be\/team\/medecins-orl-pediatre\/"},"modified":"2025-12-27T12:10:59","modified_gmt":"2025-12-27T12:10:59","slug":"nko-en-kinderartsen","status":"publish","type":"page","link":"https:\/\/www.cmap.be\/nl\/team\/nko-en-kinderartsen\/","title":{"rendered":"Nko- en kinderartsen"},"content":{"rendered":"<div class=\"wpb-content-wrapper\"><p>[vc_row padding_top_multiplier=&#8221;3x&#8221; padding_bottom_multiplier=&#8221;3x&#8221; columns_gap=&#8221;60&#8243;][vc_column width=&#8221;2\/5&#8243; vertical_content_position=&#8221;middle&#8221;]<div class=\"grve-element grve-image grve-align-center\">\r\n\t<div class=\"grve-image-item\">\r\n\t\t\r\n\r\n<div class=\"grve-image-wrapper grve-radius-3 grve-shadow-medium grve-no-effect\">\r\n\t\t<div class=\"grve-thumbnail-wrapper\"  style=\"width: 560px;\"><div class=\"grve-thumbnail\"  style=\"padding-top: 100%;\"><img loading=\"lazy\" decoding=\"async\" width=\"560\" height=\"560\" src=\"https:\/\/www.cmap.be\/wp-content\/uploads\/2025\/06\/medecin-1-560x560.jpg\" class=\"attachment-impeka-grve-small-square size-impeka-grve-small-square\" alt=\"m\u00e9decin sp\u00e9cialiste du CMAP \u00e0 Bruxelles\" data-column-space=\"auto\" data-lazyload=\"\" data-grve-filter=\"yes\" srcset=\"https:\/\/www.cmap.be\/wp-content\/uploads\/2025\/06\/medecin-1-560x560.jpg 560w, https:\/\/www.cmap.be\/wp-content\/uploads\/2025\/06\/medecin-1-150x150.jpg 150w, https:\/\/www.cmap.be\/wp-content\/uploads\/2025\/06\/medecin-1-900x900.jpg 900w\" sizes=\"auto, (max-width: 560px) 100vw, 560px\" \/><\/div><\/div>\t<\/div>\r\n\t<\/div>\r\n<\/div>\r\n[vc_row_inner][vc_column_inner grve_css=&#8221;{&#8220;desktop&#8220;:{&#8220;margin-top&#8220;:&#8220;-16%&#8220;,&#8220;margin-left&#8220;:&#8220;-6%&#8220;,&#8220;class&#8220;:&#8220;grve-wpb-1750848570038&#8220;},&#8220;tablet_portrait&#8220;:{&#8220;margin-left&#8220;:&#8220;-2%&#8220;}}&#8221;]<div class=\"grve-element grve-divider\"><span class=\"grve-custom-divider grve-bg-primary-2 grve-align-inherit\" style=\"width: 50px;height: 10px;\"><\/span><\/div>[\/vc_column_inner][\/vc_row_inner][\/vc_column][vc_column width=&#8221;3\/5&#8243; vertical_content_position=&#8221;middle&#8221;]<h3 class=\"grve-element grve-title grve-align-inherit grve-subtitle-text grve-text-primary-2\"><span>Medisch team van het CMAP<\/span><\/h3><div class=\"grve-element grve-box-icon grve-large grve-side-icon grve-align-left grve-vertical-align-middle grve-layout-2\" style=\"margin-bottom: 30px;\"><div class=\"grve-wrapper-icon\" style=\"\"><span class=\"grve-box-icon et-icon-strategy grve-text-primary-1\"><\/span><\/div><div class=\"grve-box-content\"><h1 class=\"grve-box-title grve-h1\">Gespecialiseerde artsen<\/h1><\/div><\/div>[vc_column_text css=&#8221;&#8221; text_style=&#8221;leader-text&#8221;]Het Centrum voor ambulante functionele revalidatie (CMAP) verwelkomt pati\u00ebnten met gehoorproblemen en\/of neurologische ontwikkelingsstoornissen.<\/p>\n<p>Het medisch team bestaat uit artsen die erkend zijn door de CCG. Ze zijn gespecialiseerd in nko, pediatrie, neuropediatrie en\/of functionele revalidatie.[\/vc_column_text][\/vc_column][\/vc_row][vc_row rc_heading_color=&#8221;white&#8221; rc_bg_type=&#8221;color&#8221; rc_bg_color=&#8221;#213B88&#8243; rc_font_color=&#8221;#FFFFFF&#8221;][vc_column add_column_link=&#8221;yes&#8221; column_link=&#8221;url:https%3A%2F%2Fyoutu.be%2FzTPi0KjrEdY&#8221; column_link_class=&#8221;grve-video-popup&#8221; hover_animation=&#8221;magnetism&#8221;]<div class=\"grve-element grve-box-icon grve-medium grve-side-icon grve-align-left grve-vertical-align-middle grve-layout-2\"><div class=\"grve-wrapper-icon grve-image-icon\"><div class=\"grve-thumbnail-wrapper\"  style=\"width: 195px;\"><div class=\"grve-thumbnail\"  style=\"padding-top: 51.282%;\"><img loading=\"lazy\" decoding=\"async\" width=\"195\" height=\"100\" src=\"https:\/\/www.cmap.be\/wp-content\/uploads\/2025\/12\/LSFB_play-video.png\" class=\"attachment-full size-full\" alt=\"\" srcset=\"https:\/\/www.cmap.be\/wp-content\/uploads\/2025\/12\/LSFB_play-video.png 1x,https:\/\/www.cmap.be\/wp-content\/uploads\/2025\/12\/LSFB_play-video@2x.png 2x\" data-column-space=\"auto\" data-lazyload=\"\" data-grve-filter=\"yes\" \/><\/div><\/div><\/div><div class=\"grve-box-content\"><h3 class=\"grve-box-title grve-h5\">Ontdek deze inhoud in de Belgische Franstalige Gebarentaal (LSFB)<\/h3><p class=\"\">Deze pagina is ook beschikbaar in de Belgische Franstalige Gebarentaal (LSFB). Bekijk de video.<\/p><\/div><\/div>[\/vc_column][\/vc_row][vc_row padding_top_multiplier=&#8221;3x&#8221; rc_bg_type=&#8221;color&#8221; rc_bg_color=&#8221;#FFFFFF&#8221;][vc_column][vc_column_text css=&#8221;&#8221; text_style=&#8221;leader-text&#8221;]De belangrijkste taak van de artsen van het CMAP bestaat uit het co\u00f6rdineren van multidisciplinaire therapieprojecten voor kinderen. Hierbij houden ze rekening met de vooruitgang en specifieke behoeften van het kind. Zo zorgen ze ervoor dat elke stap van de behandeling tijdens het hele zorgtraject relevant en doeltreffend is.<\/p>\n<p>Daarnaast hebben ze ook de volgende taken:[\/vc_column_text][\/vc_column][\/vc_row][vc_row padding_top_multiplier=&#8221;&#8221; padding_bottom_multiplier=&#8221;3x&#8221; rc_bg_type=&#8221;color&#8221; rc_bg_color=&#8221;#FFFFFF&#8221;][vc_column width=&#8221;1\/4&#8243;]<h4 class=\"grve-element grve-title grve-align-inherit grve-h5\"><span><br>\n<ul style=\"margin-bottom: 15px;\">\n<li>Diagnoses stellen en bevestigen<\/li>\n<\/ul>\n<\/span><\/h4>[vc_column_text css=&#8221;&#8221;]De arts onderzoekt de pati\u00ebnt om de bestaande aandoeningen vast te stellen of te bevestigen. Op basis daarvan wordt in overleg met het multidisciplinaire team een duidelijke behandelingsstrategie bepaald.[\/vc_column_text][\/vc_column][vc_column width=&#8221;1\/4&#8243;]<h4 class=\"grve-element grve-title grve-align-inherit grve-h5\"><span><br>\n<ul style=\"margin-bottom: 15px;\">\n<li>Regelmatige gesprekken voeren met de kinderen en hun familie<\/li>\n<\/ul>\n<\/span><\/h4>[vc_column_text css=&#8221;&#8221;]om hen op de hoogte te stellen van de evolutie van hun kind. De arts werkt nauw samen met de ouders om hen te stimuleren en actief te betrekken bij het revalidatieproces.[\/vc_column_text][\/vc_column][vc_column width=&#8221;1\/4&#8243;]<h4 class=\"grve-element grve-title grve-align-inherit grve-h5\"><span><br>\n<ul style=\"margin-bottom: 15px;\">\n<li>Doorverwijzen naar en contact onderhouden met externe zorgteams<\/li>\n<\/ul>\n<\/span><\/h4>[vc_column_text css=&#8221;&#8221;](huisartsen, kinderartsen, nko-artsen, ziekenhuisartsen of artsen van het ONE, Kind En Gezin) en indien nodig aanvullende onderzoeken voorstellen.[\/vc_column_text][\/vc_column][vc_column width=&#8221;1\/4&#8243;]<h4 class=\"grve-element grve-title grve-align-inherit grve-h5\"><span><br>\n<ul style=\"margin-bottom: 15px;\">\n<li>Revalidatieprogramma&#8217;s opvolgen<\/li>\n<\/ul>\n<\/span><\/h4>[vc_column_text css=&#8221;&#8221;]en regelmatig evaluaties opstellen; therapeutische programma&#8217;s opmaken in samenwerking met de teams en de families, de resultaten van de evaluaties aan de families bezorgen.[\/vc_column_text][\/vc_column][\/vc_row][vc_row padding_top_multiplier=&#8221;3x&#8221; padding_bottom_multiplier=&#8221;3x&#8221;][vc_column][vc_column_text css=&#8221;&#8221; text_style=&#8221;leader-text&#8221;]Naast deze klinische taken kunnen artsen ook betrokken worden bij andere activiteiten, zoals begeleiding van de ouders en coaching van therapeutisch personeel.<\/p>\n<p>Ook hebben de artsen een aantal administratieve verantwoordelijkheden. Zo staan ze in voor de medische rechtvaardiging van de aanvragen die bij de medische adviseurs van de verzekeringsmaatschappijen en de FOD Sociale Zekerheid worden ingediend.<\/p>\n<p>Ze tekenen de aanvragen voor opname en verlenging van de zorg, zodat alle administratieve formaliteiten in orde zijn en de revalidatie van de pati\u00ebnten goed verloopt.<\/p>\n<p>De medische staf volgt regelmatig bijscholingen. Dit is belangrijk om een hoog niveau van deskundigheid te behouden en ervoor te zorgen dat de zorg aan de hoogste medische normen voldoet.[\/vc_column_text][\/vc_column][\/vc_row][vc_row padding_top_multiplier=&#8221;3x&#8221; padding_bottom_multiplier=&#8221;3x&#8221; rc_bg_type=&#8221;color&#8221; rc_bg_color=&#8221;#FFFFFF&#8221;][vc_column]<h3 class=\"grve-element grve-title grve-align-inherit grve-h4\"><span>De rol van de geneesheer-directeur<\/span><\/h3>[vc_column_text css=&#8221;&#8221; text_style=&#8221;leader-text&#8221;]Het CMAP wordt geleid door een medisch directrice en een administratief directrice. Samen zorgen zij voor de klinische, therapeutische en administratieve organisatie van de instelling. De medisch directrice speelt een centrale rol in de co\u00f6rdinatie van het multidisciplinaire therapeutische team. Ze ziet erop toe dat de individuele behandelplannen van de pati\u00ebnten op elkaar zijn afgestemd. Ze werkt nauw samen met de andere artsen van het centrum en zorgt er zo voor dat het revalidatietraject een coherent geheel vormt. Ze staat in voor de co\u00f6rdinatie van de zorg en voor de follow-up van de behandelingen, en dit gedurende het hele traject van de pati\u00ebnt.[\/vc_column_text][\/vc_column][\/vc_row][vc_row padding_top_multiplier=&#8221;3x&#8221;][vc_column]<h3 class=\"grve-element grve-title grve-align-inherit grve-h5\"><span>De arts-specialisten van het CMAP<\/span><\/h3>[\/vc_column][\/vc_row][vc_row padding_top_multiplier=&#8221;&#8221;][vc_column width=&#8221;1\/2&#8243;]<div class=\"grve-element grve-team grve-layout-4\">\r\n\t<div class=\"grve-team-person\">\r\n\t\t<img loading=\"lazy\" decoding=\"async\" width=\"150\" height=\"150\" src=\"https:\/\/www.cmap.be\/wp-content\/uploads\/2025\/06\/medecin-icon-150x150.jpg\" class=\"attachment-thumbnail size-thumbnail\" alt=\"m\u00e9decin du CMAP \u00e0 Bruxelles\" data-column-space=\"auto\" data-lazyload=\"\" srcset=\"https:\/\/www.cmap.be\/wp-content\/uploads\/2025\/06\/medecin-icon-150x150.jpg 150w, https:\/\/www.cmap.be\/wp-content\/uploads\/2025\/06\/medecin-icon-300x300.jpg 300w, https:\/\/www.cmap.be\/wp-content\/uploads\/2025\/06\/medecin-icon.jpg 512w\" sizes=\"auto, (max-width: 150px) 100vw, 150px\" \/>\t\t\t<\/div>\r\n\t<div class=\"grve-team-description\">\r\n\t\t\t\t<div class=\"grve-team-identity grve-small-text\">Geneesheer-directeur &amp; Kinderarts, gespecialiseerd in functionele revalidatie<\/div>\r\n\t\t\t\t<h4 class=\"grve-team-name grve-h6\">Dr. Vanessa WERMENBOL<\/h4>\r\n\t<\/div>\r\n<\/div>\r\n[\/vc_column][vc_column width=&#8221;1\/2&#8243;][\/vc_column][\/vc_row][vc_row padding_top_multiplier=&#8221;&#8221; padding_bottom_multiplier=&#8221;3x&#8221;][vc_column width=&#8221;1\/2&#8243;]<div class=\"grve-element grve-team grve-layout-4\">\r\n\t<div class=\"grve-team-person\">\r\n\t\t<img loading=\"lazy\" decoding=\"async\" width=\"150\" height=\"150\" src=\"https:\/\/www.cmap.be\/wp-content\/uploads\/2025\/06\/medecin-male-blue-1-150x150.jpg\" class=\"attachment-thumbnail size-thumbnail\" alt=\"m\u00e9decin du CMAP \u00e0 Bruxelles\" data-column-space=\"auto\" data-lazyload=\"\" srcset=\"https:\/\/www.cmap.be\/wp-content\/uploads\/2025\/06\/medecin-male-blue-1-150x150.jpg 150w, https:\/\/www.cmap.be\/wp-content\/uploads\/2025\/06\/medecin-male-blue-1-300x300.jpg 300w, https:\/\/www.cmap.be\/wp-content\/uploads\/2025\/06\/medecin-male-blue-1.jpg 512w\" sizes=\"auto, (max-width: 150px) 100vw, 150px\" \/>\t\t\t<\/div>\r\n\t<div class=\"grve-team-description\">\r\n\t\t\t\t<div class=\"grve-team-identity grve-small-text\">Nko<\/div>\r\n\t\t\t\t<h4 class=\"grve-team-name grve-h6\">Dr. Romolo Daniele DE SIATI<\/h4>\r\n\t<\/div>\r\n<\/div>\r\n[\/vc_column][vc_column width=&#8221;1\/2&#8243;]<div class=\"grve-element grve-team grve-layout-4\">\r\n\t<div class=\"grve-team-person\">\r\n\t\t<img loading=\"lazy\" decoding=\"async\" width=\"150\" height=\"150\" src=\"https:\/\/www.cmap.be\/wp-content\/uploads\/2025\/06\/medecin-icon-150x150.jpg\" class=\"attachment-thumbnail size-thumbnail\" alt=\"m\u00e9decin du CMAP \u00e0 Bruxelles\" data-column-space=\"auto\" data-lazyload=\"\" srcset=\"https:\/\/www.cmap.be\/wp-content\/uploads\/2025\/06\/medecin-icon-150x150.jpg 150w, https:\/\/www.cmap.be\/wp-content\/uploads\/2025\/06\/medecin-icon-300x300.jpg 300w, https:\/\/www.cmap.be\/wp-content\/uploads\/2025\/06\/medecin-icon.jpg 512w\" sizes=\"auto, (max-width: 150px) 100vw, 150px\" \/>\t\t\t<\/div>\r\n\t<div class=\"grve-team-description\">\r\n\t\t\t\t<div class=\"grve-team-identity grve-small-text\">Kinderarts<\/div>\r\n\t\t\t\t<h4 class=\"grve-team-name grve-h6\">Dr. Monalisa ZAMPIERI<\/h4>\r\n\t<\/div>\r\n<\/div>\r\n[\/vc_column][\/vc_row]<\/p>\n<\/div>","protected":false},"excerpt":{"rendered":"<p>[vc_row padding_top_multiplier=&#8221;3x&#8221; padding_bottom_multiplier=&#8221;3x&#8221; columns_gap=&#8221;60&#8243;][vc_column width=&#8221;2\/5&#8243; vertical_content_position=&#8221;middle&#8221;][vc_row_inner][vc_column_inner grve_css=&#8221;{&#8220;desktop&#8220;:{&#8220;margin-top&#8220;:&#8220;-16%&#8220;,&#8220;margin-left&#8220;:&#8220;-6%&#8220;,&#8220;class&#8220;:&#8220;grve-wpb-1750848570038&#8220;},&#8220;tablet_portrait&#8220;:{&#8220;margin-left&#8220;:&#8220;-2%&#8220;}}&#8221;][\/vc_column_inner][\/vc_row_inner][\/vc_column][vc_column width=&#8221;3\/5&#8243; vertical_content_position=&#8221;middle&#8221;][vc_column_text css=&#8221;&#8221; text_style=&#8221;leader-text&#8221;]Het Centrum voor ambulante functionele revalidatie (CMAP) verwelkomt pati\u00ebnten met gehoorproblemen en\/of neurologische ontwikkelingsstoornissen. Het medisch team bestaat uit artsen die erkend zijn door de CCG. Ze zijn gespecialiseerd in nko, pediatrie, neuropediatrie en\/of functionele revalidatie.[\/vc_column_text][\/vc_column][\/vc_row][vc_row rc_heading_color=&#8221;white&#8221; rc_bg_type=&#8221;color&#8221; rc_bg_color=&#8221;#213B88&#8243; rc_font_color=&#8221;#FFFFFF&#8221;][vc_column add_column_link=&#8221;yes&#8221; column_link=&#8221;url:https%3A%2F%2Fyoutu.be%2FzTPi0KjrEdY&#8221; column_link_class=&#8221;grve-video-popup&#8221; hover_animation=&#8221;magnetism&#8221;][\/vc_column][\/vc_row][vc_row padding_top_multiplier=&#8221;3x&#8221; [&hellip;]<\/p>\n","protected":false},"author":1,"featured_media":0,"parent":584,"menu_order":0,"comment_status":"closed","ping_status":"closed","template":"","meta":{"footnotes":""},"class_list":["post-604","page","type-page","status-publish","hentry","grve-entry-item"],"yoast_head":"<!-- This site is optimized with the Yoast SEO plugin v27.3 - https:\/\/yoast.com\/product\/yoast-seo-wordpress\/ -->\n<title>Nko- en kinderartsen - CMAP<\/title>\n<meta name=\"description\" content=\"De Nko-artsen en de kinderarts van het CMAP zorgen voor de onderzoeken, diagnoses en medische opvolging van kinderen in een revalidatiekader in Brussel.\" \/>\n<meta name=\"robots\" content=\"index, follow, max-snippet:-1, max-image-preview:large, max-video-preview:-1\" \/>\n<link rel=\"canonical\" href=\"https:\/\/www.cmap.be\/nl\/team\/nko-en-kinderartsen\/\" \/>\n<meta property=\"og:locale\" content=\"nl_NL\" \/>\n<meta property=\"og:type\" content=\"article\" \/>\n<meta property=\"og:title\" content=\"Nko- en kinderartsen - CMAP\" \/>\n<meta property=\"og:description\" content=\"De Nko-artsen en de kinderarts van het CMAP zorgen voor de onderzoeken, diagnoses en medische opvolging van kinderen in een revalidatiekader in Brussel.\" \/>\n<meta property=\"og:url\" content=\"https:\/\/www.cmap.be\/nl\/team\/nko-en-kinderartsen\/\" \/>\n<meta property=\"og:site_name\" content=\"CMAP\" \/>\n<meta property=\"article:modified_time\" content=\"2025-12-27T12:10:59+00:00\" \/>\n<meta property=\"og:image\" content=\"https:\/\/www.cmap.be\/wp-content\/uploads\/2025\/08\/cmap-share.jpg\" \/>\n\t<meta property=\"og:image:width\" content=\"1200\" \/>\n\t<meta property=\"og:image:height\" content=\"675\" \/>\n\t<meta property=\"og:image:type\" content=\"image\/jpeg\" \/>\n<meta name=\"twitter:card\" content=\"summary_large_image\" \/>\n<meta name=\"twitter:label1\" content=\"Geschatte leestijd\" \/>\n\t<meta name=\"twitter:data1\" content=\"5 minuten\" \/>\n<script type=\"application\/ld+json\" class=\"yoast-schema-graph\">{\"@context\":\"https:\\\/\\\/schema.org\",\"@graph\":[{\"@type\":\"WebPage\",\"@id\":\"https:\\\/\\\/www.cmap.be\\\/nl\\\/team\\\/nko-en-kinderartsen\\\/\",\"url\":\"https:\\\/\\\/www.cmap.be\\\/nl\\\/team\\\/nko-en-kinderartsen\\\/\",\"name\":\"Nko- en kinderartsen - CMAP\",\"isPartOf\":{\"@id\":\"https:\\\/\\\/www.cmap.be\\\/nl\\\/#website\"},\"datePublished\":\"2025-06-19T23:06:37+00:00\",\"dateModified\":\"2025-12-27T12:10:59+00:00\",\"description\":\"De Nko-artsen en de kinderarts van het CMAP zorgen voor de onderzoeken, diagnoses en medische opvolging van kinderen in een revalidatiekader in Brussel.\",\"breadcrumb\":{\"@id\":\"https:\\\/\\\/www.cmap.be\\\/nl\\\/team\\\/nko-en-kinderartsen\\\/#breadcrumb\"},\"inLanguage\":\"nl-NL\",\"potentialAction\":[{\"@type\":\"ReadAction\",\"target\":[\"https:\\\/\\\/www.cmap.be\\\/nl\\\/team\\\/nko-en-kinderartsen\\\/\"]}]},{\"@type\":\"BreadcrumbList\",\"@id\":\"https:\\\/\\\/www.cmap.be\\\/nl\\\/team\\\/nko-en-kinderartsen\\\/#breadcrumb\",\"itemListElement\":[{\"@type\":\"ListItem\",\"position\":1,\"name\":\"Accueil\",\"item\":\"https:\\\/\\\/www.cmap.be\\\/nl\\\/\"},{\"@type\":\"ListItem\",\"position\":2,\"name\":\"Het team\",\"item\":\"https:\\\/\\\/www.cmap.be\\\/nl\\\/team\\\/\"},{\"@type\":\"ListItem\",\"position\":3,\"name\":\"Nko- en kinderartsen\"}]},{\"@type\":\"WebSite\",\"@id\":\"https:\\\/\\\/www.cmap.be\\\/nl\\\/#website\",\"url\":\"https:\\\/\\\/www.cmap.be\\\/nl\\\/\",\"name\":\"CMAP\",\"description\":\"Centre M\u00e9dical d&#039;Audio-Phonologie\",\"publisher\":{\"@id\":\"https:\\\/\\\/www.cmap.be\\\/nl\\\/#organization\"},\"potentialAction\":[{\"@type\":\"SearchAction\",\"target\":{\"@type\":\"EntryPoint\",\"urlTemplate\":\"https:\\\/\\\/www.cmap.be\\\/nl\\\/?s={search_term_string}\"},\"query-input\":{\"@type\":\"PropertyValueSpecification\",\"valueRequired\":true,\"valueName\":\"search_term_string\"}}],\"inLanguage\":\"nl-NL\"},{\"@type\":\"Organization\",\"@id\":\"https:\\\/\\\/www.cmap.be\\\/nl\\\/#organization\",\"name\":\"CMAP\",\"url\":\"https:\\\/\\\/www.cmap.be\\\/nl\\\/\",\"logo\":{\"@type\":\"ImageObject\",\"inLanguage\":\"nl-NL\",\"@id\":\"https:\\\/\\\/www.cmap.be\\\/nl\\\/#\\\/schema\\\/logo\\\/image\\\/\",\"url\":\"https:\\\/\\\/www.cmap.be\\\/wp-content\\\/uploads\\\/2025\\\/06\\\/cropped-sigle-CMAP.png\",\"contentUrl\":\"https:\\\/\\\/www.cmap.be\\\/wp-content\\\/uploads\\\/2025\\\/06\\\/cropped-sigle-CMAP.png\",\"width\":512,\"height\":512,\"caption\":\"CMAP\"},\"image\":{\"@id\":\"https:\\\/\\\/www.cmap.be\\\/nl\\\/#\\\/schema\\\/logo\\\/image\\\/\"}}]}<\/script>\n<!-- \/ Yoast SEO plugin. -->","yoast_head_json":{"title":"Nko- en kinderartsen - CMAP","description":"De Nko-artsen en de kinderarts van het CMAP zorgen voor de onderzoeken, diagnoses en medische opvolging van kinderen in een revalidatiekader in Brussel.","robots":{"index":"index","follow":"follow","max-snippet":"max-snippet:-1","max-image-preview":"max-image-preview:large","max-video-preview":"max-video-preview:-1"},"canonical":"https:\/\/www.cmap.be\/nl\/team\/nko-en-kinderartsen\/","og_locale":"nl_NL","og_type":"article","og_title":"Nko- en kinderartsen - CMAP","og_description":"De Nko-artsen en de kinderarts van het CMAP zorgen voor de onderzoeken, diagnoses en medische opvolging van kinderen in een revalidatiekader in Brussel.","og_url":"https:\/\/www.cmap.be\/nl\/team\/nko-en-kinderartsen\/","og_site_name":"CMAP","article_modified_time":"2025-12-27T12:10:59+00:00","og_image":[{"width":1200,"height":675,"url":"https:\/\/www.cmap.be\/wp-content\/uploads\/2025\/08\/cmap-share.jpg","type":"image\/jpeg"}],"twitter_card":"summary_large_image","twitter_misc":{"Geschatte leestijd":"5 minuten"},"schema":{"@context":"https:\/\/schema.org","@graph":[{"@type":"WebPage","@id":"https:\/\/www.cmap.be\/nl\/team\/nko-en-kinderartsen\/","url":"https:\/\/www.cmap.be\/nl\/team\/nko-en-kinderartsen\/","name":"Nko- en kinderartsen - CMAP","isPartOf":{"@id":"https:\/\/www.cmap.be\/nl\/#website"},"datePublished":"2025-06-19T23:06:37+00:00","dateModified":"2025-12-27T12:10:59+00:00","description":"De Nko-artsen en de kinderarts van het CMAP zorgen voor de onderzoeken, diagnoses en medische opvolging van kinderen in een revalidatiekader in Brussel.","breadcrumb":{"@id":"https:\/\/www.cmap.be\/nl\/team\/nko-en-kinderartsen\/#breadcrumb"},"inLanguage":"nl-NL","potentialAction":[{"@type":"ReadAction","target":["https:\/\/www.cmap.be\/nl\/team\/nko-en-kinderartsen\/"]}]},{"@type":"BreadcrumbList","@id":"https:\/\/www.cmap.be\/nl\/team\/nko-en-kinderartsen\/#breadcrumb","itemListElement":[{"@type":"ListItem","position":1,"name":"Accueil","item":"https:\/\/www.cmap.be\/nl\/"},{"@type":"ListItem","position":2,"name":"Het team","item":"https:\/\/www.cmap.be\/nl\/team\/"},{"@type":"ListItem","position":3,"name":"Nko- en kinderartsen"}]},{"@type":"WebSite","@id":"https:\/\/www.cmap.be\/nl\/#website","url":"https:\/\/www.cmap.be\/nl\/","name":"CMAP","description":"Centre M\u00e9dical d&#039;Audio-Phonologie","publisher":{"@id":"https:\/\/www.cmap.be\/nl\/#organization"},"potentialAction":[{"@type":"SearchAction","target":{"@type":"EntryPoint","urlTemplate":"https:\/\/www.cmap.be\/nl\/?s={search_term_string}"},"query-input":{"@type":"PropertyValueSpecification","valueRequired":true,"valueName":"search_term_string"}}],"inLanguage":"nl-NL"},{"@type":"Organization","@id":"https:\/\/www.cmap.be\/nl\/#organization","name":"CMAP","url":"https:\/\/www.cmap.be\/nl\/","logo":{"@type":"ImageObject","inLanguage":"nl-NL","@id":"https:\/\/www.cmap.be\/nl\/#\/schema\/logo\/image\/","url":"https:\/\/www.cmap.be\/wp-content\/uploads\/2025\/06\/cropped-sigle-CMAP.png","contentUrl":"https:\/\/www.cmap.be\/wp-content\/uploads\/2025\/06\/cropped-sigle-CMAP.png","width":512,"height":512,"caption":"CMAP"},"image":{"@id":"https:\/\/www.cmap.be\/nl\/#\/schema\/logo\/image\/"}}]}},"_links":{"self":[{"href":"https:\/\/www.cmap.be\/nl\/wp-json\/wp\/v2\/pages\/604","targetHints":{"allow":["GET"]}}],"collection":[{"href":"https:\/\/www.cmap.be\/nl\/wp-json\/wp\/v2\/pages"}],"about":[{"href":"https:\/\/www.cmap.be\/nl\/wp-json\/wp\/v2\/types\/page"}],"author":[{"embeddable":true,"href":"https:\/\/www.cmap.be\/nl\/wp-json\/wp\/v2\/users\/1"}],"replies":[{"embeddable":true,"href":"https:\/\/www.cmap.be\/nl\/wp-json\/wp\/v2\/comments?post=604"}],"version-history":[{"count":4,"href":"https:\/\/www.cmap.be\/nl\/wp-json\/wp\/v2\/pages\/604\/revisions"}],"predecessor-version":[{"id":681,"href":"https:\/\/www.cmap.be\/nl\/wp-json\/wp\/v2\/pages\/604\/revisions\/681"}],"up":[{"embeddable":true,"href":"https:\/\/www.cmap.be\/nl\/wp-json\/wp\/v2\/pages\/584"}],"wp:attachment":[{"href":"https:\/\/www.cmap.be\/nl\/wp-json\/wp\/v2\/media?parent=604"}],"curies":[{"name":"wp","href":"https:\/\/api.w.org\/{rel}","templated":true}]}}